{"id":16093,"date":"2020-09-09T10:31:00","date_gmt":"2020-09-09T02:31:00","guid":{"rendered":"https:\/\/www.fjpremium.com\/?post_type=product&#038;p=16093"},"modified":"2023-12-14T13:51:48","modified_gmt":"2023-12-14T05:51:48","slug":"dvi-to-vga-hdmi-2-in-1-adapter","status":"publish","type":"product","link":"https:\/\/www.fjpremium.com\/fr\/product\/dvi-to-vga-hdmi-2-in-1-adapter\/","title":{"rendered":"C\u00e2ble adaptateur HDMI VGA DVI 4K 1080p 2 en 1"},"content":{"rendered":"<p>Con\u00e7u de mani\u00e8re experte, le c\u00e2ble adaptateur 2-en-1 HDMI VGA DVI relie sans effort votre Chromebook ou ordinateur portable compatible HDMI \u00e0 un \u00e9cran VGA ou HDMI.<\/p>\n<p>Qu'il s'agisse de pr\u00e9senter un diaporama ou de diffuser du contenu en continu, la possibilit\u00e9 de basculer en mode miroir offre une flexibilit\u00e9 accrue. Et avec la prise en charge de r\u00e9solutions aussi \u00e9tonnantes que 1920\u00d71080@60Hz, vous ne pouvez vous attendre qu'\u00e0 une clart\u00e9 irr\u00e9prochable.<\/p>\n<p>Il convient de noter que notre adaptateur int\u00e8gre une puce IC active, ce qui am\u00e9liore la compatibilit\u00e9 entre les appareils.<\/p>\n<p>Ses caract\u00e9ristiques :<\/p>\n<ul>\n<li>Bo\u00eetier de l'adaptateur : Coque ABS<\/li>\n<li>Conducteur du c\u00e2ble : 32AWG cuivre nu<\/li>\n<li>Longueur du c\u00e2ble : 25cm<\/li>\n<li>Blindage : Feuille d'aluminium, tresse<\/li>\n<li>Gaine : PVC<\/li>\n<li>DIAM\u00c8TRE EXT\u00c9RIEUR : 4,5 MM<\/li>\n<li>Conforme : RoHS<\/li>\n<li>Emballage : Sac \u00e0 fermeture \u00e9clair<\/li>\n<li>Garantie : 2 ans<\/li>\n<\/ul>\n<p>De plus, gr\u00e2ce aux connecteurs plaqu\u00e9s or, vous avez la garantie d'une qualit\u00e9 de signal optimale \u00e0 chaque fois. Par cons\u00e9quent, contactez-nous d\u00e8s aujourd'hui pour l'ajouter \u00e0 votre inventaire.<\/p>","protected":false},"excerpt":{"rendered":"<p>Plongez dans le monde de la clart\u00e9 haute d\u00e9finition avec le c\u00e2ble adaptateur HDMI VGA DVI 2-en-1 de FARSINCE, offrant des visuels \u00e9clatants jusqu&#039;\u00e0 1920 \u00d7 1080 \u00e0 60 Hz.<\/p>","protected":false},"featured_media":16094,"template":"","meta":{"_acf_changed":false,"_seopress_robots_primary_cat":"","_seopress_titles_title":"Best 4K 1080p 2 in 1 HDMI VGA DVI Adapter Cable - FARSINCE","_seopress_titles_desc":"","_seopress_robots_index":"","site-sidebar-layout":"default","site-content-layout":"default","ast-site-content-layout":"default","site-content-style":"default","site-sidebar-style":"default","ast-global-header-display":"","ast-banner-title-visibility":"","ast-main-header-display":"","ast-hfb-above-header-display":"","ast-hfb-below-header-display":"","ast-hfb-mobile-header-display":"","site-post-title":"","ast-breadcrumbs-content":"","ast-featured-img":"","footer-sml-layout":"","ast-disable-related-posts":"","theme-transparent-header-meta":"default","adv-header-id-meta":"","stick-header-meta":"","header-above-stick-meta":"","header-main-stick-meta":"","header-below-stick-meta":"","astra-migrate-meta-layouts":"set","ast-page-background-enabled":"default","ast-page-background-meta":{"desktop":{"background-color":"","background-image":"","background-repeat":"repeat","background-position":"center center","background-size":"auto","background-attachment":"scroll","background-type":"","background-media":"","overlay-type":"","overlay-color":"","overlay-opacity":"","overlay-gradient":""},"tablet":{"background-color":"","background-image":"","background-repeat":"repeat","background-position":"center center","background-size":"auto","background-attachment":"scroll","background-type":"","background-media":"","overlay-type":"","overlay-color":"","overlay-opacity":"","overlay-gradient":""},"mobile":{"background-color":"","background-image":"","background-repeat":"repeat","background-position":"center center","background-size":"auto","background-attachment":"scroll","background-type":"","background-media":"","overlay-type":"","overlay-color":"","overlay-opacity":"","overlay-gradient":""}},"ast-content-background-meta":{"desktop":{"background-color":"var(--ast-global-color-5)","background-image":"","background-repeat":"repeat","background-position":"center center","background-size":"auto","background-attachment":"scroll","background-type":"","background-media":"","overlay-type":"","overlay-color":"","overlay-opacity":"","overlay-gradient":""},"tablet":{"background-color":"var(--ast-global-color-5)","background-image":"","background-repeat":"repeat","background-position":"center center","background-size":"auto","background-attachment":"scroll","background-type":"","background-media":"","overlay-type":"","overlay-color":"","overlay-opacity":"","overlay-gradient":""},"mobile":{"background-color":"var(--ast-global-color-5)","background-image":"","background-repeat":"repeat","background-position":"center center","background-size":"auto","background-attachment":"scroll","background-type":"","background-media":"","overlay-type":"","overlay-color":"","overlay-opacity":"","overlay-gradient":""}},"iawp_total_views":5},"product_brand":[],"product_cat":[460,211,638],"product_tag":[],"class_list":{"0":"post-16093","1":"product","2":"type-product","3":"status-publish","4":"has-post-thumbnail","6":"product_cat-featured-products","7":"product_cat-hdmi","8":"product_cat-hdmi-cables","9":"desktop-align-left","10":"tablet-align-left","11":"mobile-align-left","13":"first","14":"instock","15":"shipping-taxable","16":"purchasable","17":"product-type-simple"},"acf":[],"_links":{"self":[{"href":"https:\/\/www.fjpremium.com\/fr\/wp-json\/wp\/v2\/product\/16093","targetHints":{"allow":["GET"]}}],"collection":[{"href":"https:\/\/www.fjpremium.com\/fr\/wp-json\/wp\/v2\/product"}],"about":[{"href":"https:\/\/www.fjpremium.com\/fr\/wp-json\/wp\/v2\/types\/product"}],"wp:featuredmedia":[{"embeddable":true,"href":"https:\/\/www.fjpremium.com\/fr\/wp-json\/wp\/v2\/media\/16094"}],"wp:attachment":[{"href":"https:\/\/www.fjpremium.com\/fr\/wp-json\/wp\/v2\/media?parent=16093"}],"wp:term":[{"taxonomy":"product_brand","embeddable":true,"href":"https:\/\/www.fjpremium.com\/fr\/wp-json\/wp\/v2\/product_brand?post=16093"},{"taxonomy":"product_cat","embeddable":true,"href":"https:\/\/www.fjpremium.com\/fr\/wp-json\/wp\/v2\/product_cat?post=16093"},{"taxonomy":"product_tag","embeddable":true,"href":"https:\/\/www.fjpremium.com\/fr\/wp-json\/wp\/v2\/product_tag?post=16093"}],"curies":[{"name":"wp","href":"https:\/\/api.w.org\/{rel}","templated":true}]}}