{"id":16031,"date":"2020-09-08T10:54:36","date_gmt":"2020-09-08T02:54:36","guid":{"rendered":"https:\/\/www.fjpremium.com\/?post_type=product&#038;p=16031"},"modified":"2023-12-14T13:51:49","modified_gmt":"2023-12-14T05:51:49","slug":"vga-to-vga-hdmi-2-in-1-adapter","status":"publish","type":"product","link":"https:\/\/www.fjpremium.com\/fr\/product\/vga-to-vga-hdmi-2-in-1-adapter\/","title":{"rendered":"C\u00e2ble adaptateur VGA vers HDMI VGA 4K 1080P 2 en 1"},"content":{"rendered":"<p>Con\u00e7u pour connecter en toute transparence des appareils compatibles HDMI, tels que les Chromebooks ou les ordinateurs portables, \u00e0 des \u00e9crans VGA ou HDMI, ce c\u00e2ble adaptateur 2 en 1 garantit une transmission impeccable.<\/p>\n<p>Vous pouvez plonger dans un monde d'images d'une clart\u00e9 cristalline, avec une r\u00e9solution haute d\u00e9finition de 1920\u00d71080@60Hz. De plus, gr\u00e2ce \u00e0 une puce IC active int\u00e9gr\u00e9e innovante, les probl\u00e8mes de compatibilit\u00e9 appartiennent au pass\u00e9.<\/p>\n<p>Prot\u00e9g\u00e9 par une coque ABS robuste et blind\u00e9 par une feuille d'aluminium et une tresse, l'adaptateur garantit la r\u00e9silience.<\/p>\n<p>Ses caract\u00e9ristiques :<\/p>\n<ul>\n<li>Longueur du c\u00e2ble : 25cm<\/li>\n<li>Gaine : PVC<\/li>\n<li>DIAM\u00c8TRE EXT\u00c9RIEUR : 4,5 MM<\/li>\n<li>Conforme : RoHS<\/li>\n<li>Emballage : Sac \u00e0 fermeture \u00e9clair<\/li>\n<li>Garantie : 2 ans<\/li>\n<\/ul>\n<p>Les connecteurs plaqu\u00e9s or, fabriqu\u00e9s \u00e0 partir de cuivre nu 32AWG, t\u00e9moignent d'une performance et d'une durabilit\u00e9 sup\u00e9rieures. N'h\u00e9sitez donc pas \u00e0 nous contacter d\u00e8s aujourd'hui pour le commander.<\/p>","protected":false},"excerpt":{"rendered":"<p>D\u00e9couvrez une polyvalence in\u00e9gal\u00e9e avec le c\u00e2ble adaptateur VGA vers HDMI VGA 2 en 1 de FARSINCE, offrant une compatibilit\u00e9 supr\u00eame et une r\u00e9solution de 1920 \u00d7 1080 \u00e0 60 Hz.<\/p>","protected":false},"featured_media":16089,"template":"","meta":{"_acf_changed":false,"_seopress_robots_primary_cat":"","_seopress_titles_title":"VGA to HDMI VGA 4K 1080P 2 in 1 Adapter Cable - FARSINCE","_seopress_titles_desc":"","_seopress_robots_index":"","site-sidebar-layout":"default","site-content-layout":"default","ast-site-content-layout":"default","site-content-style":"default","site-sidebar-style":"default","ast-global-header-display":"","ast-banner-title-visibility":"","ast-main-header-display":"","ast-hfb-above-header-display":"","ast-hfb-below-header-display":"","ast-hfb-mobile-header-display":"","site-post-title":"","ast-breadcrumbs-content":"","ast-featured-img":"","footer-sml-layout":"","ast-disable-related-posts":"","theme-transparent-header-meta":"default","adv-header-id-meta":"","stick-header-meta":"","header-above-stick-meta":"","header-main-stick-meta":"","header-below-stick-meta":"","astra-migrate-meta-layouts":"set","ast-page-background-enabled":"default","ast-page-background-meta":{"desktop":{"background-color":"","background-image":"","background-repeat":"repeat","background-position":"center center","background-size":"auto","background-attachment":"scroll","background-type":"","background-media":"","overlay-type":"","overlay-color":"","overlay-opacity":"","overlay-gradient":""},"tablet":{"background-color":"","background-image":"","background-repeat":"repeat","background-position":"center center","background-size":"auto","background-attachment":"scroll","background-type":"","background-media":"","overlay-type":"","overlay-color":"","overlay-opacity":"","overlay-gradient":""},"mobile":{"background-color":"","background-image":"","background-repeat":"repeat","background-position":"center center","background-size":"auto","background-attachment":"scroll","background-type":"","background-media":"","overlay-type":"","overlay-color":"","overlay-opacity":"","overlay-gradient":""}},"ast-content-background-meta":{"desktop":{"background-color":"var(--ast-global-color-5)","background-image":"","background-repeat":"repeat","background-position":"center center","background-size":"auto","background-attachment":"scroll","background-type":"","background-media":"","overlay-type":"","overlay-color":"","overlay-opacity":"","overlay-gradient":""},"tablet":{"background-color":"var(--ast-global-color-5)","background-image":"","background-repeat":"repeat","background-position":"center center","background-size":"auto","background-attachment":"scroll","background-type":"","background-media":"","overlay-type":"","overlay-color":"","overlay-opacity":"","overlay-gradient":""},"mobile":{"background-color":"var(--ast-global-color-5)","background-image":"","background-repeat":"repeat","background-position":"center center","background-size":"auto","background-attachment":"scroll","background-type":"","background-media":"","overlay-type":"","overlay-color":"","overlay-opacity":"","overlay-gradient":""}},"iawp_total_views":7},"product_brand":[],"product_cat":[460,211,638],"product_tag":[],"class_list":{"0":"post-16031","1":"product","2":"type-product","3":"status-publish","4":"has-post-thumbnail","6":"product_cat-featured-products","7":"product_cat-hdmi","8":"product_cat-hdmi-cables","9":"desktop-align-left","10":"tablet-align-left","11":"mobile-align-left","13":"first","14":"instock","15":"shipping-taxable","16":"purchasable","17":"product-type-simple"},"acf":[],"_links":{"self":[{"href":"https:\/\/www.fjpremium.com\/fr\/wp-json\/wp\/v2\/product\/16031","targetHints":{"allow":["GET"]}}],"collection":[{"href":"https:\/\/www.fjpremium.com\/fr\/wp-json\/wp\/v2\/product"}],"about":[{"href":"https:\/\/www.fjpremium.com\/fr\/wp-json\/wp\/v2\/types\/product"}],"wp:featuredmedia":[{"embeddable":true,"href":"https:\/\/www.fjpremium.com\/fr\/wp-json\/wp\/v2\/media\/16089"}],"wp:attachment":[{"href":"https:\/\/www.fjpremium.com\/fr\/wp-json\/wp\/v2\/media?parent=16031"}],"wp:term":[{"taxonomy":"product_brand","embeddable":true,"href":"https:\/\/www.fjpremium.com\/fr\/wp-json\/wp\/v2\/product_brand?post=16031"},{"taxonomy":"product_cat","embeddable":true,"href":"https:\/\/www.fjpremium.com\/fr\/wp-json\/wp\/v2\/product_cat?post=16031"},{"taxonomy":"product_tag","embeddable":true,"href":"https:\/\/www.fjpremium.com\/fr\/wp-json\/wp\/v2\/product_tag?post=16031"}],"curies":[{"name":"wp","href":"https:\/\/api.w.org\/{rel}","templated":true}]}}