{"id":16030,"date":"2020-09-08T10:54:35","date_gmt":"2020-09-08T02:54:35","guid":{"rendered":"https:\/\/www.fjpremium.com\/?post_type=product&#038;p=16030"},"modified":"2023-12-14T13:51:50","modified_gmt":"2023-12-14T05:51:50","slug":"hdmi-to-vga-hdmi-2-in-1-adapter","status":"publish","type":"product","link":"https:\/\/www.fjpremium.com\/fr\/product\/hdmi-to-vga-hdmi-2-in-1-adapter\/","title":{"rendered":"C\u00e2ble adaptateur HDMI vers HDMI VGA 4k 1080p HDMI 2 en 1"},"content":{"rendered":"<p>Sp\u00e9cialement con\u00e7u pour les appareils compatibles HDMI tels que les Chromebooks ou les ordinateurs portables, ce c\u00e2ble polyvalent se connecte de mani\u00e8re transparente aux \u00e9crans VGA et HDMI.<\/p>\n<p>Vous d\u00e9couvrirez le summum de la clart\u00e9 d'affichage avec des r\u00e9solutions allant jusqu'\u00e0 4K@30Hz pour le HDMI et une \u00e9tonnante r\u00e9solution de 1920\u00d71080@60Hz pour le VGA.<\/p>\n<p>Dot\u00e9 d'un port VGA renforc\u00e9 par des \u00e9crous \u00e0 vis et d'une puce IC active int\u00e9gr\u00e9e d'avant-garde, notre adaptateur HDMI 2 en 1 promet une compatibilit\u00e9 in\u00e9gal\u00e9e.<\/p>\n<p>Habill\u00e9 d'une coque ABS r\u00e9sistante et renforc\u00e9 par un m\u00e9lange m\u00e9ticuleux de feuilles d'aluminium et de tresses, il respire la durabilit\u00e9.<\/p>\n<p>Ses caract\u00e9ristiques :<\/p>\n<ul>\n<li>Longueur du c\u00e2ble : 25cm<\/li>\n<li>Blindage : Feuille d'aluminium, tresse<\/li>\n<li>Gaine : PVC<\/li>\n<li>DIAM\u00c8TRE EXT\u00c9RIEUR : 4,5 MM<\/li>\n<li>Conforme : RoHS<\/li>\n<li>Emballage : Sac \u00e0 fermeture \u00e9clair<\/li>\n<li>Garantie : 2 ans<\/li>\n<\/ul>\n<p>De plus, les connecteurs plaqu\u00e9s or, moul\u00e9s \u00e0 partir de cuivre nu 32AWG, sont le reflet de ses performances d'\u00e9lite. Contactez-nous d\u00e8s aujourd'hui pour l'ajouter \u00e0 votre inventaire.<\/p>","protected":false},"excerpt":{"rendered":"<p>Entrez dans un nouveau domaine de connectivit\u00e9 avec l'adaptateur HDMI 2 en 1 de FARSINCE, qui offre une clart\u00e9 exceptionnelle en 4K@30Hz et 1080p@60Hz.<\/p>","protected":false},"featured_media":16085,"template":"","meta":{"_acf_changed":false,"_seopress_robots_primary_cat":"","_seopress_titles_title":"HDMI to HDMI VGA 4k 1080p HDMI 2 in 1 Adapter Cable %%sep%% %%sitetitle%%","_seopress_titles_desc":"","_seopress_robots_index":"","site-sidebar-layout":"default","site-content-layout":"default","ast-site-content-layout":"default","site-content-style":"default","site-sidebar-style":"default","ast-global-header-display":"","ast-banner-title-visibility":"","ast-main-header-display":"","ast-hfb-above-header-display":"","ast-hfb-below-header-display":"","ast-hfb-mobile-header-display":"","site-post-title":"","ast-breadcrumbs-content":"","ast-featured-img":"","footer-sml-layout":"","ast-disable-related-posts":"","theme-transparent-header-meta":"default","adv-header-id-meta":"","stick-header-meta":"","header-above-stick-meta":"","header-main-stick-meta":"","header-below-stick-meta":"","astra-migrate-meta-layouts":"set","ast-page-background-enabled":"default","ast-page-background-meta":{"desktop":{"background-color":"","background-image":"","background-repeat":"repeat","background-position":"center center","background-size":"auto","background-attachment":"scroll","background-type":"","background-media":"","overlay-type":"","overlay-color":"","overlay-opacity":"","overlay-gradient":""},"tablet":{"background-color":"","background-image":"","background-repeat":"repeat","background-position":"center center","background-size":"auto","background-attachment":"scroll","background-type":"","background-media":"","overlay-type":"","overlay-color":"","overlay-opacity":"","overlay-gradient":""},"mobile":{"background-color":"","background-image":"","background-repeat":"repeat","background-position":"center center","background-size":"auto","background-attachment":"scroll","background-type":"","background-media":"","overlay-type":"","overlay-color":"","overlay-opacity":"","overlay-gradient":""}},"ast-content-background-meta":{"desktop":{"background-color":"var(--ast-global-color-5)","background-image":"","background-repeat":"repeat","background-position":"center center","background-size":"auto","background-attachment":"scroll","background-type":"","background-media":"","overlay-type":"","overlay-color":"","overlay-opacity":"","overlay-gradient":""},"tablet":{"background-color":"var(--ast-global-color-5)","background-image":"","background-repeat":"repeat","background-position":"center center","background-size":"auto","background-attachment":"scroll","background-type":"","background-media":"","overlay-type":"","overlay-color":"","overlay-opacity":"","overlay-gradient":""},"mobile":{"background-color":"var(--ast-global-color-5)","background-image":"","background-repeat":"repeat","background-position":"center center","background-size":"auto","background-attachment":"scroll","background-type":"","background-media":"","overlay-type":"","overlay-color":"","overlay-opacity":"","overlay-gradient":""}},"iawp_total_views":5},"product_brand":[],"product_cat":[460,211,638],"product_tag":[],"class_list":{"0":"post-16030","1":"product","2":"type-product","3":"status-publish","4":"has-post-thumbnail","6":"product_cat-featured-products","7":"product_cat-hdmi","8":"product_cat-hdmi-cables","9":"desktop-align-left","10":"tablet-align-left","11":"mobile-align-left","13":"first","14":"instock","15":"shipping-taxable","16":"purchasable","17":"product-type-simple"},"acf":[],"_links":{"self":[{"href":"https:\/\/www.fjpremium.com\/fr\/wp-json\/wp\/v2\/product\/16030","targetHints":{"allow":["GET"]}}],"collection":[{"href":"https:\/\/www.fjpremium.com\/fr\/wp-json\/wp\/v2\/product"}],"about":[{"href":"https:\/\/www.fjpremium.com\/fr\/wp-json\/wp\/v2\/types\/product"}],"wp:featuredmedia":[{"embeddable":true,"href":"https:\/\/www.fjpremium.com\/fr\/wp-json\/wp\/v2\/media\/16085"}],"wp:attachment":[{"href":"https:\/\/www.fjpremium.com\/fr\/wp-json\/wp\/v2\/media?parent=16030"}],"wp:term":[{"taxonomy":"product_brand","embeddable":true,"href":"https:\/\/www.fjpremium.com\/fr\/wp-json\/wp\/v2\/product_brand?post=16030"},{"taxonomy":"product_cat","embeddable":true,"href":"https:\/\/www.fjpremium.com\/fr\/wp-json\/wp\/v2\/product_cat?post=16030"},{"taxonomy":"product_tag","embeddable":true,"href":"https:\/\/www.fjpremium.com\/fr\/wp-json\/wp\/v2\/product_tag?post=16030"}],"curies":[{"name":"wp","href":"https:\/\/api.w.org\/{rel}","templated":true}]}}