{"id":16028,"date":"2020-09-08T10:54:33","date_gmt":"2020-09-08T02:54:33","guid":{"rendered":"https:\/\/www.fjpremium.com\/?post_type=product&#038;p=16028"},"modified":"2023-12-14T13:51:51","modified_gmt":"2023-12-14T05:51:51","slug":"vga-to-hdmi-cable-adapter","status":"publish","type":"product","link":"https:\/\/www.fjpremium.com\/fr\/product\/vga-to-hdmi-cable-adapter\/","title":{"rendered":"Adaptateur VGA 15 broches m\u00e2le vers HDMI femelle de haute qualit\u00e9"},"content":{"rendered":"<p>Notre adaptateur de haute qualit\u00e9 est votre porte d'entr\u00e9e vers un monde num\u00e9rique vivant, mettant \u00e0 votre port\u00e9e tous les \u00e9crans HDMI directement \u00e0 partir de votre PC ou de votre ordinateur portable.<\/p>\n<p>En connectant simplement le c\u00e2ble jack st\u00e9r\u00e9o, vous pouvez vous immerger dans la transmission audio sans faille qui compl\u00e8te les images \u00e9poustouflantes.<\/p>\n<p>En outre, la simplicit\u00e9 est de mise, l'alimentation se faisant sans effort par USB, ce qui \u00e9vite d'avoir recours \u00e0 des blocs d'alimentation suppl\u00e9mentaires.<\/p>\n<p>Que vous recherchiez l'\u00e9clat \u00e9th\u00e9r\u00e9 de 1920 x 1080 ou le confort familier de 1024 x 768, cet adaptateur s'ajuste avec finesse. Il est conforme \u00e0 la norme HDCP et supporte les envo\u00fbtants Dolby TrueHD et DTS-HD Master Audio.<\/p>\n<p>Ses caract\u00e9ristiques :<\/p>\n<ul>\n<li>Conducteur du c\u00e2ble : Cuivre nu<\/li>\n<li>Calibre des fils : 32AWG<\/li>\n<li>Blindage : Feuille d'aluminium, tresse<\/li>\n<\/ul>\n<p>Il est dot\u00e9 de contacts plaqu\u00e9s or et d'une enveloppe en PVC robuste conforme aux normes RoHS et REACH. Dans l'ensemble, contactez-nous d\u00e8s aujourd'hui et ajoutez cet adaptateur \u00e0 votre inventaire.<\/p>","protected":false},"excerpt":{"rendered":"<p>Red\u00e9finissez les connexions avec l&#039;adaptateur VGA vers HDMI de haute qualit\u00e9 de FARSINCE, dot\u00e9 d&#039;une pr\u00e9cision plaqu\u00e9e or, de diverses r\u00e9solutions et d&#039;une garantie de 2 ans.<\/p>","protected":false},"featured_media":23942,"template":"","meta":{"_acf_changed":false,"_seopress_robots_primary_cat":"","_seopress_titles_title":"High Quality Adapter VGA 15pin Male to HDMI Female %%sep%% %%sitetitle%%","_seopress_titles_desc":"","_seopress_robots_index":"","site-sidebar-layout":"default","site-content-layout":"default","ast-site-content-layout":"default","site-content-style":"default","site-sidebar-style":"default","ast-global-header-display":"","ast-banner-title-visibility":"","ast-main-header-display":"","ast-hfb-above-header-display":"","ast-hfb-below-header-display":"","ast-hfb-mobile-header-display":"","site-post-title":"","ast-breadcrumbs-content":"","ast-featured-img":"","footer-sml-layout":"","ast-disable-related-posts":"","theme-transparent-header-meta":"default","adv-header-id-meta":"","stick-header-meta":"","header-above-stick-meta":"","header-main-stick-meta":"","header-below-stick-meta":"","astra-migrate-meta-layouts":"set","ast-page-background-enabled":"default","ast-page-background-meta":{"desktop":{"background-color":"","background-image":"","background-repeat":"repeat","background-position":"center center","background-size":"auto","background-attachment":"scroll","background-type":"","background-media":"","overlay-type":"","overlay-color":"","overlay-opacity":"","overlay-gradient":""},"tablet":{"background-color":"","background-image":"","background-repeat":"repeat","background-position":"center center","background-size":"auto","background-attachment":"scroll","background-type":"","background-media":"","overlay-type":"","overlay-color":"","overlay-opacity":"","overlay-gradient":""},"mobile":{"background-color":"","background-image":"","background-repeat":"repeat","background-position":"center center","background-size":"auto","background-attachment":"scroll","background-type":"","background-media":"","overlay-type":"","overlay-color":"","overlay-opacity":"","overlay-gradient":""}},"ast-content-background-meta":{"desktop":{"background-color":"var(--ast-global-color-5)","background-image":"","background-repeat":"repeat","background-position":"center center","background-size":"auto","background-attachment":"scroll","background-type":"","background-media":"","overlay-type":"","overlay-color":"","overlay-opacity":"","overlay-gradient":""},"tablet":{"background-color":"var(--ast-global-color-5)","background-image":"","background-repeat":"repeat","background-position":"center center","background-size":"auto","background-attachment":"scroll","background-type":"","background-media":"","overlay-type":"","overlay-color":"","overlay-opacity":"","overlay-gradient":""},"mobile":{"background-color":"var(--ast-global-color-5)","background-image":"","background-repeat":"repeat","background-position":"center center","background-size":"auto","background-attachment":"scroll","background-type":"","background-media":"","overlay-type":"","overlay-color":"","overlay-opacity":"","overlay-gradient":""}},"iawp_total_views":9},"product_brand":[],"product_cat":[460,211,638],"product_tag":[],"class_list":{"0":"post-16028","1":"product","2":"type-product","3":"status-publish","4":"has-post-thumbnail","6":"product_cat-featured-products","7":"product_cat-hdmi","8":"product_cat-hdmi-cables","9":"desktop-align-left","10":"tablet-align-left","11":"mobile-align-left","13":"first","14":"instock","15":"shipping-taxable","16":"purchasable","17":"product-type-simple"},"acf":[],"_links":{"self":[{"href":"https:\/\/www.fjpremium.com\/fr\/wp-json\/wp\/v2\/product\/16028","targetHints":{"allow":["GET"]}}],"collection":[{"href":"https:\/\/www.fjpremium.com\/fr\/wp-json\/wp\/v2\/product"}],"about":[{"href":"https:\/\/www.fjpremium.com\/fr\/wp-json\/wp\/v2\/types\/product"}],"wp:featuredmedia":[{"embeddable":true,"href":"https:\/\/www.fjpremium.com\/fr\/wp-json\/wp\/v2\/media\/23942"}],"wp:attachment":[{"href":"https:\/\/www.fjpremium.com\/fr\/wp-json\/wp\/v2\/media?parent=16028"}],"wp:term":[{"taxonomy":"product_brand","embeddable":true,"href":"https:\/\/www.fjpremium.com\/fr\/wp-json\/wp\/v2\/product_brand?post=16028"},{"taxonomy":"product_cat","embeddable":true,"href":"https:\/\/www.fjpremium.com\/fr\/wp-json\/wp\/v2\/product_cat?post=16028"},{"taxonomy":"product_tag","embeddable":true,"href":"https:\/\/www.fjpremium.com\/fr\/wp-json\/wp\/v2\/product_tag?post=16028"}],"curies":[{"name":"wp","href":"https:\/\/api.w.org\/{rel}","templated":true}]}}