{"id":16027,"date":"2020-09-08T10:54:32","date_gmt":"2020-09-08T02:54:32","guid":{"rendered":"https:\/\/www.fjpremium.com\/?post_type=product&#038;p=16027"},"modified":"2023-12-14T13:51:52","modified_gmt":"2023-12-14T05:51:52","slug":"hdmi-to-vga-adapter-coupler","status":"publish","type":"product","link":"https:\/\/www.fjpremium.com\/fr\/product\/hdmi-to-vga-adapter-coupler\/","title":{"rendered":"Meilleur convertisseur HDMI vers VGA Noir Blanc"},"content":{"rendered":"<p>Pr\u00e9sent\u00e9 dans un choix classique de noir et de blanc, ce convertisseur \u00e9l\u00e9gant et robuste connecte sans effort les appareils compatibles HDMI, tels que les Chromebooks ou les ordinateurs portables, \u00e0 des \u00e9crans VGA intemporels.<\/p>\n<p>Il donne vie \u00e0 vos images avec une r\u00e9solution Full HD 1080p. Vous pouvez \u00e9galement plonger dans la splendeur num\u00e9rique de l'HDMI et refaire surface avec les nuances chaleureuses du VGA, compl\u00e9t\u00e9es par la riche harmonie de l'audio st\u00e9r\u00e9o.<\/p>\n<p>Fabriqu\u00e9s avec pr\u00e9cision, les connecteurs plaqu\u00e9s or de ce meilleur convertisseur HDMI vers VGA garantissent une connexion in\u00e9branlable.<\/p>\n<p>La coque en ABS assure la durabilit\u00e9, tandis que la puce IC active int\u00e9gr\u00e9e garantit une compatibilit\u00e9 in\u00e9gal\u00e9e. Pour les appareils qui n\u00e9cessitent un petit plus, le Micro USB vous couvre.<\/p>\n<p>Ses caract\u00e9ristiques :<\/p>\n<ul>\n<li>Conducteur du c\u00e2ble : 32AWG cuivre nu<\/li>\n<li>Longueur du c\u00e2ble : sans c\u00e2ble<\/li>\n<li>R\u00e9solution : 1920*1080@60Hz<\/li>\n<\/ul>\n<p>En outre, chaque coupleur promet la tranquillit\u00e9 d'esprit, puisqu'il est livr\u00e9 dans un sac zipp\u00e9 soign\u00e9 et accompagn\u00e9 d'une garantie de 2 ans, tout en \u00e9tant conforme aux normes RoHS et REACH. En r\u00e9sum\u00e9, contactez-nous d\u00e8s aujourd'hui et commandez-les.<\/p>","protected":false},"excerpt":{"rendered":"<p>Am\u00e9liorez la connexion avec le meilleur convertisseur HDMI vers VGA de FARSINCE, offrant une clart\u00e9 HD 1080p in\u00e9gal\u00e9e et une compatibilit\u00e9 in\u00e9gal\u00e9e.<\/p>","protected":false},"featured_media":16061,"template":"","meta":{"_acf_changed":false,"_seopress_robots_primary_cat":"","_seopress_titles_title":"Best HDMI to VGA Converter Black White - FARSINCE","_seopress_titles_desc":"","_seopress_robots_index":"","site-sidebar-layout":"default","site-content-layout":"default","ast-site-content-layout":"default","site-content-style":"default","site-sidebar-style":"default","ast-global-header-display":"","ast-banner-title-visibility":"","ast-main-header-display":"","ast-hfb-above-header-display":"","ast-hfb-below-header-display":"","ast-hfb-mobile-header-display":"","site-post-title":"","ast-breadcrumbs-content":"","ast-featured-img":"","footer-sml-layout":"","ast-disable-related-posts":"","theme-transparent-header-meta":"default","adv-header-id-meta":"","stick-header-meta":"","header-above-stick-meta":"","header-main-stick-meta":"","header-below-stick-meta":"","astra-migrate-meta-layouts":"set","ast-page-background-enabled":"default","ast-page-background-meta":{"desktop":{"background-color":"","background-image":"","background-repeat":"repeat","background-position":"center center","background-size":"auto","background-attachment":"scroll","background-type":"","background-media":"","overlay-type":"","overlay-color":"","overlay-opacity":"","overlay-gradient":""},"tablet":{"background-color":"","background-image":"","background-repeat":"repeat","background-position":"center center","background-size":"auto","background-attachment":"scroll","background-type":"","background-media":"","overlay-type":"","overlay-color":"","overlay-opacity":"","overlay-gradient":""},"mobile":{"background-color":"","background-image":"","background-repeat":"repeat","background-position":"center center","background-size":"auto","background-attachment":"scroll","background-type":"","background-media":"","overlay-type":"","overlay-color":"","overlay-opacity":"","overlay-gradient":""}},"ast-content-background-meta":{"desktop":{"background-color":"var(--ast-global-color-5)","background-image":"","background-repeat":"repeat","background-position":"center center","background-size":"auto","background-attachment":"scroll","background-type":"","background-media":"","overlay-type":"","overlay-color":"","overlay-opacity":"","overlay-gradient":""},"tablet":{"background-color":"var(--ast-global-color-5)","background-image":"","background-repeat":"repeat","background-position":"center center","background-size":"auto","background-attachment":"scroll","background-type":"","background-media":"","overlay-type":"","overlay-color":"","overlay-opacity":"","overlay-gradient":""},"mobile":{"background-color":"var(--ast-global-color-5)","background-image":"","background-repeat":"repeat","background-position":"center center","background-size":"auto","background-attachment":"scroll","background-type":"","background-media":"","overlay-type":"","overlay-color":"","overlay-opacity":"","overlay-gradient":""}},"iawp_total_views":10},"product_brand":[],"product_cat":[460,211,638],"product_tag":[],"class_list":{"0":"post-16027","1":"product","2":"type-product","3":"status-publish","4":"has-post-thumbnail","6":"product_cat-featured-products","7":"product_cat-hdmi","8":"product_cat-hdmi-cables","9":"desktop-align-left","10":"tablet-align-left","11":"mobile-align-left","13":"first","14":"instock","15":"shipping-taxable","16":"purchasable","17":"product-type-simple"},"acf":[],"_links":{"self":[{"href":"https:\/\/www.fjpremium.com\/fr\/wp-json\/wp\/v2\/product\/16027","targetHints":{"allow":["GET"]}}],"collection":[{"href":"https:\/\/www.fjpremium.com\/fr\/wp-json\/wp\/v2\/product"}],"about":[{"href":"https:\/\/www.fjpremium.com\/fr\/wp-json\/wp\/v2\/types\/product"}],"wp:featuredmedia":[{"embeddable":true,"href":"https:\/\/www.fjpremium.com\/fr\/wp-json\/wp\/v2\/media\/16061"}],"wp:attachment":[{"href":"https:\/\/www.fjpremium.com\/fr\/wp-json\/wp\/v2\/media?parent=16027"}],"wp:term":[{"taxonomy":"product_brand","embeddable":true,"href":"https:\/\/www.fjpremium.com\/fr\/wp-json\/wp\/v2\/product_brand?post=16027"},{"taxonomy":"product_cat","embeddable":true,"href":"https:\/\/www.fjpremium.com\/fr\/wp-json\/wp\/v2\/product_cat?post=16027"},{"taxonomy":"product_tag","embeddable":true,"href":"https:\/\/www.fjpremium.com\/fr\/wp-json\/wp\/v2\/product_tag?post=16027"}],"curies":[{"name":"wp","href":"https:\/\/api.w.org\/{rel}","templated":true}]}}