{"id":16025,"date":"2020-09-08T10:54:31","date_gmt":"2020-09-08T02:54:31","guid":{"rendered":"https:\/\/www.fjpremium.com\/?post_type=product&#038;p=16025"},"modified":"2023-12-14T13:51:53","modified_gmt":"2023-12-14T05:51:53","slug":"hdmi-to-vga-adapter-cable-with-audio-and-power-1-8m","status":"publish","type":"product","link":"https:\/\/www.fjpremium.com\/fr\/product\/hdmi-to-vga-adapter-cable-with-audio-and-power-1-8m\/","title":{"rendered":"1.8m HDMI Male to VGA 15pin Male Monitor Display Video Adapter Cable with Audio"},"content":{"rendered":"<p>Ce c\u00e2ble permet une int\u00e9gration transparente entre les appareils modernes compatibles HDMI, tels que les Chromebooks ou les ordinateurs portables, et les \u00e9crans VGA fiables.<\/p>\n<p>Chaque image, chaque pixel, prend vie avec une clart\u00e9 in\u00e9gal\u00e9e. De plus, la puissance des prouesses num\u00e9riques de HDMI converge avec la profondeur analogique de VGA, renforc\u00e9e par un son st\u00e9r\u00e9o r\u00e9sonnant.<\/p>\n<p>Dot\u00e9 de connecteurs plaqu\u00e9s or et renforc\u00e9 par une solide gaine en PVC, le c\u00e2ble adaptateur vid\u00e9o de 1,8 m garantit une grande long\u00e9vit\u00e9.<\/p>\n<p>La puce IC active int\u00e9gr\u00e9e garantit une compatibilit\u00e9 optimale, et pour les appareils qui ont besoin d'un peu plus de jus, le c\u00e2ble Micro USB est pr\u00eat \u00e0 l'emploi.<\/p>\n<p>Ses caract\u00e9ristiques :<\/p>\n<ul>\n<li>Bo\u00eetier de c\u00e2ble : Moule d'injection en plastique<\/li>\n<li>Conducteur du c\u00e2ble : 30AWG cuivre nu<\/li>\n<li>Blindage : Feuille d'aluminium, tresse<\/li>\n<li>DIAM\u00c8TRE EXT\u00c9RIEUR : 4,5 MM<\/li>\n<li>R\u00e9solution : 1920*1080@60Hz<\/li>\n<\/ul>\n<p>Chaque c\u00e2ble est assorti d'une garantie de 2 ans, emball\u00e9 proprement dans un sac \u00e0 fermeture \u00e9clair et certifi\u00e9 conforme aux normes RoHS et REACH. En conclusion, contactez-nous d\u00e8s aujourd'hui et investissez dans ce c\u00e2ble.<\/p>","protected":false},"excerpt":{"rendered":"<div>\n<div class=\"notranslate\" contenteditable=\"true\" spellcheck=\"true\" data-root=\"true\">D\u00e9couvrez une int\u00e9gration HD 1080p transparente avec le c\u00e2ble adaptateur vid\u00e9o de FARSINCE, \u00e9quip\u00e9 d&#039;une garantie de 2 ans, promettant une compatibilit\u00e9 in\u00e9gal\u00e9e.<\/div>\n<\/div>","protected":false},"featured_media":16045,"template":"","meta":{"_acf_changed":false,"_seopress_robots_primary_cat":"","_seopress_titles_title":"HDMI Male to VGA 15pin Male Monitor Display Video Adapter Cable %%sep%% %%sitetitle%%","_seopress_titles_desc":"","_seopress_robots_index":"","site-sidebar-layout":"default","site-content-layout":"default","ast-site-content-layout":"default","site-content-style":"default","site-sidebar-style":"default","ast-global-header-display":"","ast-banner-title-visibility":"","ast-main-header-display":"","ast-hfb-above-header-display":"","ast-hfb-below-header-display":"","ast-hfb-mobile-header-display":"","site-post-title":"","ast-breadcrumbs-content":"","ast-featured-img":"","footer-sml-layout":"","ast-disable-related-posts":"","theme-transparent-header-meta":"default","adv-header-id-meta":"","stick-header-meta":"","header-above-stick-meta":"","header-main-stick-meta":"","header-below-stick-meta":"","astra-migrate-meta-layouts":"set","ast-page-background-enabled":"default","ast-page-background-meta":{"desktop":{"background-color":"","background-image":"","background-repeat":"repeat","background-position":"center center","background-size":"auto","background-attachment":"scroll","background-type":"","background-media":"","overlay-type":"","overlay-color":"","overlay-opacity":"","overlay-gradient":""},"tablet":{"background-color":"","background-image":"","background-repeat":"repeat","background-position":"center center","background-size":"auto","background-attachment":"scroll","background-type":"","background-media":"","overlay-type":"","overlay-color":"","overlay-opacity":"","overlay-gradient":""},"mobile":{"background-color":"","background-image":"","background-repeat":"repeat","background-position":"center center","background-size":"auto","background-attachment":"scroll","background-type":"","background-media":"","overlay-type":"","overlay-color":"","overlay-opacity":"","overlay-gradient":""}},"ast-content-background-meta":{"desktop":{"background-color":"var(--ast-global-color-5)","background-image":"","background-repeat":"repeat","background-position":"center center","background-size":"auto","background-attachment":"scroll","background-type":"","background-media":"","overlay-type":"","overlay-color":"","overlay-opacity":"","overlay-gradient":""},"tablet":{"background-color":"var(--ast-global-color-5)","background-image":"","background-repeat":"repeat","background-position":"center center","background-size":"auto","background-attachment":"scroll","background-type":"","background-media":"","overlay-type":"","overlay-color":"","overlay-opacity":"","overlay-gradient":""},"mobile":{"background-color":"var(--ast-global-color-5)","background-image":"","background-repeat":"repeat","background-position":"center center","background-size":"auto","background-attachment":"scroll","background-type":"","background-media":"","overlay-type":"","overlay-color":"","overlay-opacity":"","overlay-gradient":""}},"iawp_total_views":7},"product_brand":[],"product_cat":[460,211,638],"product_tag":[],"class_list":{"0":"post-16025","1":"product","2":"type-product","3":"status-publish","4":"has-post-thumbnail","6":"product_cat-featured-products","7":"product_cat-hdmi","8":"product_cat-hdmi-cables","9":"desktop-align-left","10":"tablet-align-left","11":"mobile-align-left","13":"first","14":"instock","15":"shipping-taxable","16":"purchasable","17":"product-type-simple"},"acf":[],"_links":{"self":[{"href":"https:\/\/www.fjpremium.com\/fr\/wp-json\/wp\/v2\/product\/16025","targetHints":{"allow":["GET"]}}],"collection":[{"href":"https:\/\/www.fjpremium.com\/fr\/wp-json\/wp\/v2\/product"}],"about":[{"href":"https:\/\/www.fjpremium.com\/fr\/wp-json\/wp\/v2\/types\/product"}],"wp:featuredmedia":[{"embeddable":true,"href":"https:\/\/www.fjpremium.com\/fr\/wp-json\/wp\/v2\/media\/16045"}],"wp:attachment":[{"href":"https:\/\/www.fjpremium.com\/fr\/wp-json\/wp\/v2\/media?parent=16025"}],"wp:term":[{"taxonomy":"product_brand","embeddable":true,"href":"https:\/\/www.fjpremium.com\/fr\/wp-json\/wp\/v2\/product_brand?post=16025"},{"taxonomy":"product_cat","embeddable":true,"href":"https:\/\/www.fjpremium.com\/fr\/wp-json\/wp\/v2\/product_cat?post=16025"},{"taxonomy":"product_tag","embeddable":true,"href":"https:\/\/www.fjpremium.com\/fr\/wp-json\/wp\/v2\/product_tag?post=16025"}],"curies":[{"name":"wp","href":"https:\/\/api.w.org\/{rel}","templated":true}]}}