{"id":16010,"date":"2020-09-08T10:47:40","date_gmt":"2020-09-08T02:47:40","guid":{"rendered":"https:\/\/www.fjpremium.com\/?post_type=product&#038;p=16010"},"modified":"2023-12-14T13:51:55","modified_gmt":"2023-12-14T05:51:55","slug":"micro-hdmi-to-hdmi-cable","status":"publish","type":"product","link":"https:\/\/www.fjpremium.com\/fr\/product\/micro-hdmi-to-hdmi-cable\/","title":{"rendered":"Wholesale Micro HDMI to HDMI Adapter Cable (c\u00e2ble adaptateur micro HDMI vers HDMI)"},"content":{"rendered":"<p>Sp\u00e9cialement con\u00e7u avec un connecteur micro HDMI-D, notre c\u00e2ble assure un transfert de donn\u00e9es rapide, vous permettant de pr\u00e9senter des vid\u00e9os et des images \u00e0 partir de vos appareils sans effort.<\/p>\n<p>Il projette les images Internet de votre smartphone sur un \u00e9cran plus grand pour une exp\u00e9rience amplifi\u00e9e. En outre, il est compatible avec une myriade de r\u00e9solutions, de l'impressionnante 4K 60Hz \u00e0 l'humble 480i, et reste donc polyvalent.<\/p>\n<p>Avec des fonctions prenant en charge la 3D, l'Ethernet et un canal de retour audio profond, ce produit est synonyme de qualit\u00e9 et de compatibilit\u00e9.<\/p>\n<p>Il est compatible avec les cam\u00e9ras d'action, les home cin\u00e9mas ou les derniers mod\u00e8les GoPro et Lenovo, garantissant une connectivit\u00e9 sans faille.<\/p>\n<p>Ses caract\u00e9ristiques :<\/p>\n<ul>\n<li>Conducteur du c\u00e2ble : Cuivre sans oxyg\u00e8ne de grande puret\u00e9<\/li>\n<li>Calibre des fils : 32AWG<\/li>\n<li>Isolation : PEHD<\/li>\n<li>Gaine : PVC<\/li>\n<li>Conforme : RoHS, REACH<\/li>\n<\/ul>\n<p>Associ\u00e9 aux contacts plaqu\u00e9s or et au triple blindage, il promet une durabilit\u00e9 et une exp\u00e9rience sans distorsion. Par cons\u00e9quent, contactez-nous d\u00e8s aujourd'hui et investissez dans le c\u00e2ble adaptateur Micro HDMI vers HDMI.<\/p>","protected":false},"excerpt":{"rendered":"<p>Am\u00e9liorez votre connexion num\u00e9rique avec le c\u00e2ble adaptateur Micro HDMI vers HDMI de FARSINCE, con\u00e7u sur mesure pour les t\u00e9l\u00e9phones portables et les appareils photo num\u00e9riques contemporains.<\/p>","protected":false},"featured_media":16012,"template":"","meta":{"_acf_changed":false,"_seopress_robots_primary_cat":"","_seopress_titles_title":"Wholesale Micro HDMI to HDMI Adapter Cable - FARSINCE","_seopress_titles_desc":"","_seopress_robots_index":"","site-sidebar-layout":"default","site-content-layout":"default","ast-site-content-layout":"default","site-content-style":"default","site-sidebar-style":"default","ast-global-header-display":"","ast-banner-title-visibility":"","ast-main-header-display":"","ast-hfb-above-header-display":"","ast-hfb-below-header-display":"","ast-hfb-mobile-header-display":"","site-post-title":"","ast-breadcrumbs-content":"","ast-featured-img":"","footer-sml-layout":"","ast-disable-related-posts":"","theme-transparent-header-meta":"default","adv-header-id-meta":"","stick-header-meta":"","header-above-stick-meta":"","header-main-stick-meta":"","header-below-stick-meta":"","astra-migrate-meta-layouts":"set","ast-page-background-enabled":"default","ast-page-background-meta":{"desktop":{"background-color":"","background-image":"","background-repeat":"repeat","background-position":"center center","background-size":"auto","background-attachment":"scroll","background-type":"","background-media":"","overlay-type":"","overlay-color":"","overlay-opacity":"","overlay-gradient":""},"tablet":{"background-color":"","background-image":"","background-repeat":"repeat","background-position":"center center","background-size":"auto","background-attachment":"scroll","background-type":"","background-media":"","overlay-type":"","overlay-color":"","overlay-opacity":"","overlay-gradient":""},"mobile":{"background-color":"","background-image":"","background-repeat":"repeat","background-position":"center center","background-size":"auto","background-attachment":"scroll","background-type":"","background-media":"","overlay-type":"","overlay-color":"","overlay-opacity":"","overlay-gradient":""}},"ast-content-background-meta":{"desktop":{"background-color":"var(--ast-global-color-5)","background-image":"","background-repeat":"repeat","background-position":"center center","background-size":"auto","background-attachment":"scroll","background-type":"","background-media":"","overlay-type":"","overlay-color":"","overlay-opacity":"","overlay-gradient":""},"tablet":{"background-color":"var(--ast-global-color-5)","background-image":"","background-repeat":"repeat","background-position":"center center","background-size":"auto","background-attachment":"scroll","background-type":"","background-media":"","overlay-type":"","overlay-color":"","overlay-opacity":"","overlay-gradient":""},"mobile":{"background-color":"var(--ast-global-color-5)","background-image":"","background-repeat":"repeat","background-position":"center center","background-size":"auto","background-attachment":"scroll","background-type":"","background-media":"","overlay-type":"","overlay-color":"","overlay-opacity":"","overlay-gradient":""}},"iawp_total_views":8},"product_brand":[],"product_cat":[211,638],"product_tag":[],"class_list":{"0":"post-16010","1":"product","2":"type-product","3":"status-publish","4":"has-post-thumbnail","6":"product_cat-hdmi","7":"product_cat-hdmi-cables","8":"desktop-align-left","9":"tablet-align-left","10":"mobile-align-left","12":"first","13":"instock","14":"shipping-taxable","15":"purchasable","16":"product-type-simple"},"acf":[],"_links":{"self":[{"href":"https:\/\/www.fjpremium.com\/fr\/wp-json\/wp\/v2\/product\/16010","targetHints":{"allow":["GET"]}}],"collection":[{"href":"https:\/\/www.fjpremium.com\/fr\/wp-json\/wp\/v2\/product"}],"about":[{"href":"https:\/\/www.fjpremium.com\/fr\/wp-json\/wp\/v2\/types\/product"}],"wp:featuredmedia":[{"embeddable":true,"href":"https:\/\/www.fjpremium.com\/fr\/wp-json\/wp\/v2\/media\/16012"}],"wp:attachment":[{"href":"https:\/\/www.fjpremium.com\/fr\/wp-json\/wp\/v2\/media?parent=16010"}],"wp:term":[{"taxonomy":"product_brand","embeddable":true,"href":"https:\/\/www.fjpremium.com\/fr\/wp-json\/wp\/v2\/product_brand?post=16010"},{"taxonomy":"product_cat","embeddable":true,"href":"https:\/\/www.fjpremium.com\/fr\/wp-json\/wp\/v2\/product_cat?post=16010"},{"taxonomy":"product_tag","embeddable":true,"href":"https:\/\/www.fjpremium.com\/fr\/wp-json\/wp\/v2\/product_tag?post=16010"}],"curies":[{"name":"wp","href":"https:\/\/api.w.org\/{rel}","templated":true}]}}