{"id":15998,"date":"2020-09-08T10:43:45","date_gmt":"2020-09-08T02:43:45","guid":{"rendered":"https:\/\/www.fjpremium.com\/?post_type=product&#038;p=15998"},"modified":"2023-12-14T13:51:55","modified_gmt":"2023-12-14T05:51:55","slug":"mini-hdmi-male-to-hdmi-female-adapter-cable","status":"publish","type":"product","link":"https:\/\/www.fjpremium.com\/fr\/product\/mini-hdmi-male-to-hdmi-female-adapter-cable\/","title":{"rendered":"C\u00e2ble Mini HDMI vers HDMI m\u00e2le vers femelle 0,15m"},"content":{"rendered":"<p>D'une longueur pratique de 0,15 m, ce c\u00e2ble polyvalent constitue la passerelle id\u00e9ale entre vos appareils compacts tels que le Raspberry Pi Zero W, un appareil photo DSLR ou un projecteur Pico et la toile \u00e9tendue de votre t\u00e9l\u00e9viseur HD, projecteur ou moniteur.<\/p>\n<p>Il transf\u00e8re en toute transparence les images haute d\u00e9finition de vos appareils portables vers des \u00e9crans plus grands. De la s\u00e9r\u00e9nit\u00e9 de votre salon \u00e0 l'agitation de la salle de conf\u00e9rence, chaque pixel est transmis avec une clart\u00e9 nette, prenant en charge des r\u00e9solutions allant jusqu'\u00e0 4K 60Hz.<\/p>\n<p>Vous profiterez \u00e9galement de la symphonie du son 32 canaux, du son Dolby True et de la vid\u00e9o 3D sans avoir besoin d'un c\u00e2ble audio suppl\u00e9mentaire.<\/p>\n<p>Ses caract\u00e9ristiques :<\/p>\n<ul>\n<li>Conducteur du c\u00e2ble : Cuivre sans oxyg\u00e8ne de grande puret\u00e9<\/li>\n<li>Calibre du fil : 30AWG<\/li>\n<li>Isolation : PEHD<\/li>\n<li>Triple blindage : paire torsad\u00e9e, feuille AL, feuille AL globale, tresse<\/li>\n<li>Gaine : PVC<\/li>\n<li>Conforme : RoHS, REACH<\/li>\n<\/ul>\n<p>De plus, fabriqu\u00e9 avec des contacts plaqu\u00e9s or et du cuivre sans oxyg\u00e8ne de haute puret\u00e9, notre c\u00e2ble mini HDMI vers HDMI promet une connexion durable et sans interf\u00e9rence. Contactez-nous d\u00e8s aujourd'hui pour l'ajouter \u00e0 votre inventaire.<\/p>","protected":false},"excerpt":{"rendered":"<p>D\u00e9bloquez un monde de visuels impeccables et d&#039;une fid\u00e9lit\u00e9 audio in\u00e9gal\u00e9e avec le c\u00e2ble mini HDMI vers HDMI de FARSINCE, parfait pour les cin\u00e9mas maison et les configurations professionnelles.<\/p>","protected":false},"featured_media":16004,"template":"","meta":{"_acf_changed":false,"_seopress_robots_primary_cat":"","_seopress_titles_title":"Best Male to Female Mini HDMI to HDMI Cable 0.3m - FARSINCE","_seopress_titles_desc":"","_seopress_robots_index":"","site-sidebar-layout":"default","site-content-layout":"default","ast-site-content-layout":"default","site-content-style":"default","site-sidebar-style":"default","ast-global-header-display":"","ast-banner-title-visibility":"","ast-main-header-display":"","ast-hfb-above-header-display":"","ast-hfb-below-header-display":"","ast-hfb-mobile-header-display":"","site-post-title":"","ast-breadcrumbs-content":"","ast-featured-img":"","footer-sml-layout":"","ast-disable-related-posts":"","theme-transparent-header-meta":"default","adv-header-id-meta":"","stick-header-meta":"","header-above-stick-meta":"","header-main-stick-meta":"","header-below-stick-meta":"","astra-migrate-meta-layouts":"set","ast-page-background-enabled":"default","ast-page-background-meta":{"desktop":{"background-color":"","background-image":"","background-repeat":"repeat","background-position":"center center","background-size":"auto","background-attachment":"scroll","background-type":"","background-media":"","overlay-type":"","overlay-color":"","overlay-opacity":"","overlay-gradient":""},"tablet":{"background-color":"","background-image":"","background-repeat":"repeat","background-position":"center center","background-size":"auto","background-attachment":"scroll","background-type":"","background-media":"","overlay-type":"","overlay-color":"","overlay-opacity":"","overlay-gradient":""},"mobile":{"background-color":"","background-image":"","background-repeat":"repeat","background-position":"center center","background-size":"auto","background-attachment":"scroll","background-type":"","background-media":"","overlay-type":"","overlay-color":"","overlay-opacity":"","overlay-gradient":""}},"ast-content-background-meta":{"desktop":{"background-color":"var(--ast-global-color-5)","background-image":"","background-repeat":"repeat","background-position":"center center","background-size":"auto","background-attachment":"scroll","background-type":"","background-media":"","overlay-type":"","overlay-color":"","overlay-opacity":"","overlay-gradient":""},"tablet":{"background-color":"var(--ast-global-color-5)","background-image":"","background-repeat":"repeat","background-position":"center center","background-size":"auto","background-attachment":"scroll","background-type":"","background-media":"","overlay-type":"","overlay-color":"","overlay-opacity":"","overlay-gradient":""},"mobile":{"background-color":"var(--ast-global-color-5)","background-image":"","background-repeat":"repeat","background-position":"center center","background-size":"auto","background-attachment":"scroll","background-type":"","background-media":"","overlay-type":"","overlay-color":"","overlay-opacity":"","overlay-gradient":""}},"iawp_total_views":4},"product_brand":[],"product_cat":[211,638],"product_tag":[],"class_list":{"0":"post-15998","1":"product","2":"type-product","3":"status-publish","4":"has-post-thumbnail","6":"product_cat-hdmi","7":"product_cat-hdmi-cables","8":"desktop-align-left","9":"tablet-align-left","10":"mobile-align-left","12":"first","13":"instock","14":"shipping-taxable","15":"purchasable","16":"product-type-simple"},"acf":[],"_links":{"self":[{"href":"https:\/\/www.fjpremium.com\/fr\/wp-json\/wp\/v2\/product\/15998","targetHints":{"allow":["GET"]}}],"collection":[{"href":"https:\/\/www.fjpremium.com\/fr\/wp-json\/wp\/v2\/product"}],"about":[{"href":"https:\/\/www.fjpremium.com\/fr\/wp-json\/wp\/v2\/types\/product"}],"wp:featuredmedia":[{"embeddable":true,"href":"https:\/\/www.fjpremium.com\/fr\/wp-json\/wp\/v2\/media\/16004"}],"wp:attachment":[{"href":"https:\/\/www.fjpremium.com\/fr\/wp-json\/wp\/v2\/media?parent=15998"}],"wp:term":[{"taxonomy":"product_brand","embeddable":true,"href":"https:\/\/www.fjpremium.com\/fr\/wp-json\/wp\/v2\/product_brand?post=15998"},{"taxonomy":"product_cat","embeddable":true,"href":"https:\/\/www.fjpremium.com\/fr\/wp-json\/wp\/v2\/product_cat?post=15998"},{"taxonomy":"product_tag","embeddable":true,"href":"https:\/\/www.fjpremium.com\/fr\/wp-json\/wp\/v2\/product_tag?post=15998"}],"curies":[{"name":"wp","href":"https:\/\/api.w.org\/{rel}","templated":true}]}}