{"id":15990,"date":"2020-09-08T10:38:44","date_gmt":"2020-09-08T02:38:44","guid":{"rendered":"https:\/\/www.fjpremium.com\/?post_type=product&#038;p=15990"},"modified":"2023-12-14T13:52:14","modified_gmt":"2023-12-14T05:52:14","slug":"hdmi-2-0-extension-cable","status":"publish","type":"product","link":"https:\/\/www.fjpremium.com\/fr\/product\/hdmi-2-0-extension-cable\/","title":{"rendered":"Wholesale HDMI 2.0 Extension Cable HDMI 2.0 to HDMI 4K 15cm 2m 5m"},"content":{"rendered":"<p>Garantissant non seulement une image et un son impeccables, mais aussi une fiabilit\u00e9 \u00e0 toute \u00e9preuve, notre c\u00e2ble certifi\u00e9 \"Premium\" porte une \u00e9tiquette exclusive pouvant \u00eatre scann\u00e9e, qui t\u00e9moigne de sa qualit\u00e9 in\u00e9gal\u00e9e.<\/p>\n<p>Son triple blindage robuste garantit une protection contre les interf\u00e9rences de signaux, associ\u00e9e \u00e0 une protection contre les interf\u00e9rences \u00e9lectromagn\u00e9tiques, afin d'assurer une exp\u00e9rience utilisateur sans faille. Il am\u00e9liore \u00e9galement la connectivit\u00e9 entre les PC, les lecteurs de DVD ou de Blu-ray, les moniteurs et les t\u00e9l\u00e9viseurs.<\/p>\n<p>Ses caract\u00e9ristiques :<\/p>\n<ul>\n<li>Contact plaqu\u00e9 or ; coque plaqu\u00e9e or<\/li>\n<li>Conducteur du c\u00e2ble : Cuivre sans oxyg\u00e8ne de grande puret\u00e9<\/li>\n<li>Calibre des fils : 30AWG ou 28AWG<\/li>\n<li>Gaine : PVC<\/li>\n<li>Conforme : RoHS, REACH<\/li>\n<\/ul>\n<p>Les prouesses in\u00e9gal\u00e9es de la technologie HDMI garantissent une r\u00e9solution de premier ordre, une polyvalence audio dynamique et un transfert de donn\u00e9es \u00e0 grande vitesse.<\/p>\n<p>Dans l'ensemble, contactez-nous et investissez dans ce c\u00e2ble d'extension HDMI 2.0.<\/p>","protected":false},"excerpt":{"rendered":"<p>Plongez dans l&#039;avenir d&#039;une connectivit\u00e9 sans faille avec le c\u00e2ble d&#039;extension HDMI 2.0 en gros de Farsince, offrant une clart\u00e9 4K in\u00e9gal\u00e9e, un triple blindage et une protection EMI.<\/p>","protected":false},"featured_media":23933,"template":"","meta":{"_acf_changed":false,"_seopress_robots_primary_cat":"","_seopress_titles_title":"Wholesale HDMI 2.0 Extension Cable %%sep%% %%sitetitle%%","_seopress_titles_desc":"Dive into the future of flawless connectivity with this wholesale HDMI 2.0 extension cable, providing unmatched 4K clarity, triple shielding, and EMI protection","_seopress_robots_index":"","site-sidebar-layout":"default","site-content-layout":"default","ast-site-content-layout":"default","site-content-style":"default","site-sidebar-style":"default","ast-global-header-display":"","ast-banner-title-visibility":"","ast-main-header-display":"","ast-hfb-above-header-display":"","ast-hfb-below-header-display":"","ast-hfb-mobile-header-display":"","site-post-title":"","ast-breadcrumbs-content":"","ast-featured-img":"","footer-sml-layout":"","ast-disable-related-posts":"","theme-transparent-header-meta":"default","adv-header-id-meta":"","stick-header-meta":"","header-above-stick-meta":"","header-main-stick-meta":"","header-below-stick-meta":"","astra-migrate-meta-layouts":"set","ast-page-background-enabled":"default","ast-page-background-meta":{"desktop":{"background-color":"","background-image":"","background-repeat":"repeat","background-position":"center center","background-size":"auto","background-attachment":"scroll","background-type":"","background-media":"","overlay-type":"","overlay-color":"","overlay-opacity":"","overlay-gradient":""},"tablet":{"background-color":"","background-image":"","background-repeat":"repeat","background-position":"center center","background-size":"auto","background-attachment":"scroll","background-type":"","background-media":"","overlay-type":"","overlay-color":"","overlay-opacity":"","overlay-gradient":""},"mobile":{"background-color":"","background-image":"","background-repeat":"repeat","background-position":"center center","background-size":"auto","background-attachment":"scroll","background-type":"","background-media":"","overlay-type":"","overlay-color":"","overlay-opacity":"","overlay-gradient":""}},"ast-content-background-meta":{"desktop":{"background-color":"var(--ast-global-color-5)","background-image":"","background-repeat":"repeat","background-position":"center center","background-size":"auto","background-attachment":"scroll","background-type":"","background-media":"","overlay-type":"","overlay-color":"","overlay-opacity":"","overlay-gradient":""},"tablet":{"background-color":"var(--ast-global-color-5)","background-image":"","background-repeat":"repeat","background-position":"center center","background-size":"auto","background-attachment":"scroll","background-type":"","background-media":"","overlay-type":"","overlay-color":"","overlay-opacity":"","overlay-gradient":""},"mobile":{"background-color":"var(--ast-global-color-5)","background-image":"","background-repeat":"repeat","background-position":"center center","background-size":"auto","background-attachment":"scroll","background-type":"","background-media":"","overlay-type":"","overlay-color":"","overlay-opacity":"","overlay-gradient":""}},"iawp_total_views":12},"product_brand":[],"product_cat":[211,638],"product_tag":[],"class_list":{"0":"post-15990","1":"product","2":"type-product","3":"status-publish","4":"has-post-thumbnail","6":"product_cat-hdmi","7":"product_cat-hdmi-cables","8":"desktop-align-left","9":"tablet-align-left","10":"mobile-align-left","12":"first","13":"instock","14":"shipping-taxable","15":"purchasable","16":"product-type-simple"},"acf":[],"_links":{"self":[{"href":"https:\/\/www.fjpremium.com\/fr\/wp-json\/wp\/v2\/product\/15990","targetHints":{"allow":["GET"]}}],"collection":[{"href":"https:\/\/www.fjpremium.com\/fr\/wp-json\/wp\/v2\/product"}],"about":[{"href":"https:\/\/www.fjpremium.com\/fr\/wp-json\/wp\/v2\/types\/product"}],"wp:featuredmedia":[{"embeddable":true,"href":"https:\/\/www.fjpremium.com\/fr\/wp-json\/wp\/v2\/media\/23933"}],"wp:attachment":[{"href":"https:\/\/www.fjpremium.com\/fr\/wp-json\/wp\/v2\/media?parent=15990"}],"wp:term":[{"taxonomy":"product_brand","embeddable":true,"href":"https:\/\/www.fjpremium.com\/fr\/wp-json\/wp\/v2\/product_brand?post=15990"},{"taxonomy":"product_cat","embeddable":true,"href":"https:\/\/www.fjpremium.com\/fr\/wp-json\/wp\/v2\/product_cat?post=15990"},{"taxonomy":"product_tag","embeddable":true,"href":"https:\/\/www.fjpremium.com\/fr\/wp-json\/wp\/v2\/product_tag?post=15990"}],"curies":[{"name":"wp","href":"https:\/\/api.w.org\/{rel}","templated":true}]}}