{"id":15946,"date":"2020-09-08T10:24:19","date_gmt":"2020-09-08T02:24:19","guid":{"rendered":"https:\/\/www.fjpremium.com\/?post_type=product&#038;p=15946"},"modified":"2023-12-14T13:52:15","modified_gmt":"2023-12-14T05:52:15","slug":"8k-hdmi-2-1-aoc-fiber-optic-cable","status":"publish","type":"product","link":"https:\/\/www.fjpremium.com\/fr\/product\/8k-hdmi-2-1-aoc-fiber-optic-cable\/","title":{"rendered":"C\u00e2ble optique HDMI 2.1 8K Fiber HDMI 2.1 AOC"},"content":{"rendered":"<p>Ce c\u00e2ble utilise la technologie de la fibre optique, une solution de c\u00e2blage r\u00e9volutionnaire qui permet aux signaux HDMI de parcourir de longues distances sans perte ni latence.<\/p>\n<p>Con\u00e7u \u00e0 partir d'une fusion de fibres optiques et de fils de cuivre, il garantit une transmission transparente des signaux TMDS \u00e0 grande vitesse et des signaux de contr\u00f4le \u00e0 basse fr\u00e9quence.<\/p>\n<p>De plus, vous pouvez profiter d'une clart\u00e9 de signal allant jusqu'\u00e0 100 m sans avoir \u00e0 vous soucier d'une source d'alimentation externe ou d'une diminution de la qualit\u00e9 du signal.<\/p>\n<p>Prenant en charge un \u00e9cran UHD 8K@60hz, le c\u00e2ble optique AOC est con\u00e7u pour l'excellence et r\u00e9siste aux interf\u00e9rences \u00e9lectromagn\u00e9tiques (EMI) et aux radiofr\u00e9quences (RFI).<\/p>\n<p>Ses caract\u00e9ristiques :<\/p>\n<ul>\n<li>Contact plaqu\u00e9 or ; coque plaqu\u00e9e or<\/li>\n<li>Bo\u00eetier : Coque en aluminium<\/li>\n<li>Conducteur du c\u00e2ble : Fibre (4*0.20mm), fil d'alimentation : 24AWG (41\/0.08mm cuivre \u00e9tam\u00e9)<\/li>\n<li>Triple blindage : Feuille d'aluminium, tresse<\/li>\n<li>Gaine : PVC<\/li>\n<li>Diam\u00e8tre : 4,8\u00b10,15 mm<\/li>\n<li>Conforme : RoHS, REACH<\/li>\n<\/ul>\n<p>Qu'il s'agisse d'un home cin\u00e9ma ou d'un syst\u00e8me de vid\u00e9osurveillance haute d\u00e9finition, il promet des performances in\u00e9gal\u00e9es. Alors, choisissez l'avenir, choisissez-le.<\/p>","protected":false},"excerpt":{"rendered":"<p>D\u00e9couvrez une clart\u00e9 in\u00e9gal\u00e9e avec le c\u00e2ble optique FARSINCE 8K fiber HDMI 2.1 AOC, qui permet d'\u00e9tendre les signaux HDMI sur 100m avec un support 8K@60hz.<\/p>","protected":false},"featured_media":15984,"template":"","meta":{"_acf_changed":false,"_seopress_robots_primary_cat":"","_seopress_titles_title":"2.1 8K Fiber HDMI 2.1 AOC Optical Cable - FARSINCE","_seopress_titles_desc":"","_seopress_robots_index":"","site-sidebar-layout":"default","site-content-layout":"default","ast-site-content-layout":"default","site-content-style":"default","site-sidebar-style":"default","ast-global-header-display":"","ast-banner-title-visibility":"","ast-main-header-display":"","ast-hfb-above-header-display":"","ast-hfb-below-header-display":"","ast-hfb-mobile-header-display":"","site-post-title":"","ast-breadcrumbs-content":"","ast-featured-img":"","footer-sml-layout":"","ast-disable-related-posts":"","theme-transparent-header-meta":"default","adv-header-id-meta":"","stick-header-meta":"","header-above-stick-meta":"","header-main-stick-meta":"","header-below-stick-meta":"","astra-migrate-meta-layouts":"set","ast-page-background-enabled":"default","ast-page-background-meta":{"desktop":{"background-color":"","background-image":"","background-repeat":"repeat","background-position":"center center","background-size":"auto","background-attachment":"scroll","background-type":"","background-media":"","overlay-type":"","overlay-color":"","overlay-opacity":"","overlay-gradient":""},"tablet":{"background-color":"","background-image":"","background-repeat":"repeat","background-position":"center center","background-size":"auto","background-attachment":"scroll","background-type":"","background-media":"","overlay-type":"","overlay-color":"","overlay-opacity":"","overlay-gradient":""},"mobile":{"background-color":"","background-image":"","background-repeat":"repeat","background-position":"center center","background-size":"auto","background-attachment":"scroll","background-type":"","background-media":"","overlay-type":"","overlay-color":"","overlay-opacity":"","overlay-gradient":""}},"ast-content-background-meta":{"desktop":{"background-color":"var(--ast-global-color-5)","background-image":"","background-repeat":"repeat","background-position":"center center","background-size":"auto","background-attachment":"scroll","background-type":"","background-media":"","overlay-type":"","overlay-color":"","overlay-opacity":"","overlay-gradient":""},"tablet":{"background-color":"var(--ast-global-color-5)","background-image":"","background-repeat":"repeat","background-position":"center center","background-size":"auto","background-attachment":"scroll","background-type":"","background-media":"","overlay-type":"","overlay-color":"","overlay-opacity":"","overlay-gradient":""},"mobile":{"background-color":"var(--ast-global-color-5)","background-image":"","background-repeat":"repeat","background-position":"center center","background-size":"auto","background-attachment":"scroll","background-type":"","background-media":"","overlay-type":"","overlay-color":"","overlay-opacity":"","overlay-gradient":""}},"iawp_total_views":8},"product_brand":[],"product_cat":[211,638,694],"product_tag":[],"class_list":{"0":"post-15946","1":"product","2":"type-product","3":"status-publish","4":"has-post-thumbnail","6":"product_cat-hdmi","7":"product_cat-hdmi-cables","8":"product_cat-aoc","9":"desktop-align-left","10":"tablet-align-left","11":"mobile-align-left","13":"first","14":"instock","15":"shipping-taxable","16":"purchasable","17":"product-type-simple"},"acf":[],"_links":{"self":[{"href":"https:\/\/www.fjpremium.com\/fr\/wp-json\/wp\/v2\/product\/15946","targetHints":{"allow":["GET"]}}],"collection":[{"href":"https:\/\/www.fjpremium.com\/fr\/wp-json\/wp\/v2\/product"}],"about":[{"href":"https:\/\/www.fjpremium.com\/fr\/wp-json\/wp\/v2\/types\/product"}],"wp:featuredmedia":[{"embeddable":true,"href":"https:\/\/www.fjpremium.com\/fr\/wp-json\/wp\/v2\/media\/15984"}],"wp:attachment":[{"href":"https:\/\/www.fjpremium.com\/fr\/wp-json\/wp\/v2\/media?parent=15946"}],"wp:term":[{"taxonomy":"product_brand","embeddable":true,"href":"https:\/\/www.fjpremium.com\/fr\/wp-json\/wp\/v2\/product_brand?post=15946"},{"taxonomy":"product_cat","embeddable":true,"href":"https:\/\/www.fjpremium.com\/fr\/wp-json\/wp\/v2\/product_cat?post=15946"},{"taxonomy":"product_tag","embeddable":true,"href":"https:\/\/www.fjpremium.com\/fr\/wp-json\/wp\/v2\/product_tag?post=15946"}],"curies":[{"name":"wp","href":"https:\/\/api.w.org\/{rel}","templated":true}]}}