{"id":15944,"date":"2020-09-08T10:24:18","date_gmt":"2020-09-08T02:24:18","guid":{"rendered":"https:\/\/www.fjpremium.com\/?post_type=product&#038;p=15944"},"modified":"2023-12-14T13:52:16","modified_gmt":"2023-12-14T05:52:16","slug":"braided-ultra-high-speed-hdmi-2-1-8k-cable-with-metal-housing","status":"publish","type":"product","link":"https:\/\/www.fjpremium.com\/fr\/product\/braided-ultra-high-speed-hdmi-2-1-8k-cable-with-metal-housing\/","title":{"rendered":"Metal UHD Kabel Club 3D HDMI Cable 8k 10k Cabo for TV Box"},"content":{"rendered":"<p>Avec des capacit\u00e9s qui s'\u00e9tendent de la prise en charge des r\u00e9solutions 8K \u00e0 60 Hz \u00e0 4K \u00e0 120 Hz, le c\u00e2ble reste r\u00e9trocompatible avec toutes les versions HDMI.<\/p>\n<p>Ses fonctions am\u00e9lior\u00e9es sont soulign\u00e9es par l'inclusion de Dynamic HDR et d'eARC, permettant des optimisations sp\u00e9cifiques \u00e0 la sc\u00e8ne telles que des ajustements de luminosit\u00e9 et des exp\u00e9riences audio immersives avec les formats audio les plus r\u00e9cents.<\/p>\n<p>Il associe une conception tress\u00e9e durable \u00e0 un bo\u00eetier m\u00e9tallique, gage de long\u00e9vit\u00e9 et de performances \u00e9lev\u00e9es et constantes.<\/p>\n<p>Les aspects techniques de notre c\u00e2ble sont mis en \u00e9vidence par les deux connecteurs m\u00e2les HDMI 2.1, accentu\u00e9s par un contact et une coque plaqu\u00e9s or 24K. Il garantit un transfert de donn\u00e9es efficace gr\u00e2ce \u00e0 son cuivre de haute puret\u00e9 sans oxyg\u00e8ne.<\/p>\n<p>Ses caract\u00e9ristiques :<\/p>\n<ul>\n<li>Calibre du fil : 30AWG(1-3M), 28(5M)<\/li>\n<li>Isolation : PEHD<\/li>\n<li>Blindage : Triple blindage par feuille AL torsad\u00e9e, feuille AL globale, tresse 128# AL-MG, recouverte d'une feuille de cuivre et d'une bo\u00eete de blindage m\u00e9tallique sur la fiche.<\/li>\n<\/ul>\n<p>En outre, envelopp\u00e9 dans une gaine en PVC souple, il r\u00e9pond aux normes de conformit\u00e9 RoHS et REACH, garantissant ainsi la s\u00e9curit\u00e9 et des performances sup\u00e9rieures. En r\u00e9sum\u00e9, contactez-nous d\u00e8s aujourd'hui et commandez ce c\u00e2ble HDMI 3D Club.<\/p>","protected":false},"excerpt":{"rendered":"<p>Pr\u00e9sentation du c\u00e2ble HDMI Club 3D ultra haut d\u00e9bit de FARSINCE, dot\u00e9 d&#039;une bande passante de 48 Gbit\/s pour garantir un transfert de donn\u00e9es fluide et ininterrompu.<\/p>","protected":false},"featured_media":23924,"template":"","meta":{"_acf_changed":false,"_seopress_robots_primary_cat":"","_seopress_titles_title":"Metal UHD Kabel Club 3D HDMI Cable %%sep%% %%sitetitle%%","_seopress_titles_desc":"","_seopress_robots_index":"","site-sidebar-layout":"default","site-content-layout":"default","ast-site-content-layout":"default","site-content-style":"default","site-sidebar-style":"default","ast-global-header-display":"","ast-banner-title-visibility":"","ast-main-header-display":"","ast-hfb-above-header-display":"","ast-hfb-below-header-display":"","ast-hfb-mobile-header-display":"","site-post-title":"","ast-breadcrumbs-content":"","ast-featured-img":"","footer-sml-layout":"","ast-disable-related-posts":"","theme-transparent-header-meta":"default","adv-header-id-meta":"","stick-header-meta":"","header-above-stick-meta":"","header-main-stick-meta":"","header-below-stick-meta":"","astra-migrate-meta-layouts":"set","ast-page-background-enabled":"default","ast-page-background-meta":{"desktop":{"background-color":"","background-image":"","background-repeat":"repeat","background-position":"center center","background-size":"auto","background-attachment":"scroll","background-type":"","background-media":"","overlay-type":"","overlay-color":"","overlay-opacity":"","overlay-gradient":""},"tablet":{"background-color":"","background-image":"","background-repeat":"repeat","background-position":"center center","background-size":"auto","background-attachment":"scroll","background-type":"","background-media":"","overlay-type":"","overlay-color":"","overlay-opacity":"","overlay-gradient":""},"mobile":{"background-color":"","background-image":"","background-repeat":"repeat","background-position":"center center","background-size":"auto","background-attachment":"scroll","background-type":"","background-media":"","overlay-type":"","overlay-color":"","overlay-opacity":"","overlay-gradient":""}},"ast-content-background-meta":{"desktop":{"background-color":"var(--ast-global-color-5)","background-image":"","background-repeat":"repeat","background-position":"center center","background-size":"auto","background-attachment":"scroll","background-type":"","background-media":"","overlay-type":"","overlay-color":"","overlay-opacity":"","overlay-gradient":""},"tablet":{"background-color":"var(--ast-global-color-5)","background-image":"","background-repeat":"repeat","background-position":"center center","background-size":"auto","background-attachment":"scroll","background-type":"","background-media":"","overlay-type":"","overlay-color":"","overlay-opacity":"","overlay-gradient":""},"mobile":{"background-color":"var(--ast-global-color-5)","background-image":"","background-repeat":"repeat","background-position":"center center","background-size":"auto","background-attachment":"scroll","background-type":"","background-media":"","overlay-type":"","overlay-color":"","overlay-opacity":"","overlay-gradient":""}},"iawp_total_views":8},"product_brand":[],"product_cat":[460,211,638],"product_tag":[],"class_list":{"0":"post-15944","1":"product","2":"type-product","3":"status-publish","4":"has-post-thumbnail","6":"product_cat-featured-products","7":"product_cat-hdmi","8":"product_cat-hdmi-cables","9":"desktop-align-left","10":"tablet-align-left","11":"mobile-align-left","13":"first","14":"instock","15":"shipping-taxable","16":"purchasable","17":"product-type-simple"},"acf":[],"_links":{"self":[{"href":"https:\/\/www.fjpremium.com\/fr\/wp-json\/wp\/v2\/product\/15944","targetHints":{"allow":["GET"]}}],"collection":[{"href":"https:\/\/www.fjpremium.com\/fr\/wp-json\/wp\/v2\/product"}],"about":[{"href":"https:\/\/www.fjpremium.com\/fr\/wp-json\/wp\/v2\/types\/product"}],"wp:featuredmedia":[{"embeddable":true,"href":"https:\/\/www.fjpremium.com\/fr\/wp-json\/wp\/v2\/media\/23924"}],"wp:attachment":[{"href":"https:\/\/www.fjpremium.com\/fr\/wp-json\/wp\/v2\/media?parent=15944"}],"wp:term":[{"taxonomy":"product_brand","embeddable":true,"href":"https:\/\/www.fjpremium.com\/fr\/wp-json\/wp\/v2\/product_brand?post=15944"},{"taxonomy":"product_cat","embeddable":true,"href":"https:\/\/www.fjpremium.com\/fr\/wp-json\/wp\/v2\/product_cat?post=15944"},{"taxonomy":"product_tag","embeddable":true,"href":"https:\/\/www.fjpremium.com\/fr\/wp-json\/wp\/v2\/product_tag?post=15944"}],"curies":[{"name":"wp","href":"https:\/\/api.w.org\/{rel}","templated":true}]}}