{"id":15943,"date":"2020-10-08T10:24:17","date_gmt":"2020-10-08T02:24:17","guid":{"rendered":"https:\/\/www.fjpremium.com\/?post_type=product&#038;p=15943"},"modified":"2023-12-14T13:51:42","modified_gmt":"2023-12-14T05:51:42","slug":"ultra-high-speed-hdmi-2-1-8k-cable-2","status":"publish","type":"product","link":"https:\/\/www.fjpremium.com\/fr\/product\/ultra-high-speed-hdmi-2-1-8k-cable-2\/","title":{"rendered":"Wholesale HDMI Cable HDMI 2.1 to HDMI Support 8k@60hz 4k@120hz 48gbps HDCP"},"content":{"rendered":"<p>Notre c\u00e2ble HDMI de gros est con\u00e7u de mani\u00e8re experte pour prendre en charge des r\u00e9solutions \u00e9lev\u00e9es telles que 8K @60Hz et 4K@120Hz. Il est r\u00e9trocompatible avec les versions HDMI pr\u00e9c\u00e9dentes et augmente la bande passante jusqu'\u00e0 48 Gbps.<\/p>\n<p>Vous d\u00e9couvrirez la puissance du Dynamic HDR, qui ajuste la luminosit\u00e9, la couleur et la profondeur en fonction de sc\u00e8nes sp\u00e9cifiques pour un affichage optimal.<\/p>\n<p>Ce c\u00e2ble prend \u00e9galement en charge les formats audio les plus r\u00e9cents via eARC, notamment DTS Master, DTS:X, Dolby True HD et Dolby Atmos.<\/p>\n<p>Ses caract\u00e9ristiques :<\/p>\n<ul>\n<li>Contact plaqu\u00e9 or 24K, coque plaqu\u00e9e or<\/li>\n<li>Conducteur du c\u00e2ble : Cuivre sans oxyg\u00e8ne de grande puret\u00e9<\/li>\n<li>Calibre du fil : 30AWG(1-3M), 28(5M)<\/li>\n<li>Isolation : PEHD<\/li>\n<li>Blindage : Triple blindage par feuille AL torsad\u00e9e, feuille AL globale, tresse 128# AL-MG, recouverte d'une feuille de cuivre et d'une bo\u00eete de blindage m\u00e9tallique sur la fiche.<\/li>\n<li>Veste : PVC souple<\/li>\n<li>Conforme : RoHS, REACH<\/li>\n<\/ul>\n<p>Ses nouveaut\u00e9s, telles que le mode Auto Low-Latency (ALLM), le taux de rafra\u00eechissement variable (VRR), le Quick Frame Transport (QFT) et le Quick Media Switching (QMS), red\u00e9finissent votre parcours de divertissement.<\/p>\n<p>Par cons\u00e9quent, contactez-nous d\u00e8s aujourd'hui et investissez dans ce domaine.<\/p>","protected":false},"excerpt":{"rendered":"<p>Am\u00e9liorez votre exp\u00e9rience visuelle avec le c\u00e2ble HDMI de gros FARSINCE, r\u00e9trocompatible et offrant une bande passante accrue jusqu'\u00e0 48 Gbps.<\/p>","protected":false},"featured_media":23913,"template":"","meta":{"_acf_changed":false,"_seopress_robots_primary_cat":"","_seopress_titles_title":"Wholesale HDMI Cable HDMI 2.1 to HDMI - Farsince","_seopress_titles_desc":"","_seopress_robots_index":"","site-sidebar-layout":"default","site-content-layout":"default","ast-site-content-layout":"default","site-content-style":"default","site-sidebar-style":"default","ast-global-header-display":"","ast-banner-title-visibility":"","ast-main-header-display":"","ast-hfb-above-header-display":"","ast-hfb-below-header-display":"","ast-hfb-mobile-header-display":"","site-post-title":"","ast-breadcrumbs-content":"","ast-featured-img":"","footer-sml-layout":"","ast-disable-related-posts":"","theme-transparent-header-meta":"default","adv-header-id-meta":"","stick-header-meta":"","header-above-stick-meta":"","header-main-stick-meta":"","header-below-stick-meta":"","astra-migrate-meta-layouts":"set","ast-page-background-enabled":"default","ast-page-background-meta":{"desktop":{"background-color":"","background-image":"","background-repeat":"repeat","background-position":"center center","background-size":"auto","background-attachment":"scroll","background-type":"","background-media":"","overlay-type":"","overlay-color":"","overlay-opacity":"","overlay-gradient":""},"tablet":{"background-color":"","background-image":"","background-repeat":"repeat","background-position":"center center","background-size":"auto","background-attachment":"scroll","background-type":"","background-media":"","overlay-type":"","overlay-color":"","overlay-opacity":"","overlay-gradient":""},"mobile":{"background-color":"","background-image":"","background-repeat":"repeat","background-position":"center center","background-size":"auto","background-attachment":"scroll","background-type":"","background-media":"","overlay-type":"","overlay-color":"","overlay-opacity":"","overlay-gradient":""}},"ast-content-background-meta":{"desktop":{"background-color":"var(--ast-global-color-5)","background-image":"","background-repeat":"repeat","background-position":"center center","background-size":"auto","background-attachment":"scroll","background-type":"","background-media":"","overlay-type":"","overlay-color":"","overlay-opacity":"","overlay-gradient":""},"tablet":{"background-color":"var(--ast-global-color-5)","background-image":"","background-repeat":"repeat","background-position":"center center","background-size":"auto","background-attachment":"scroll","background-type":"","background-media":"","overlay-type":"","overlay-color":"","overlay-opacity":"","overlay-gradient":""},"mobile":{"background-color":"var(--ast-global-color-5)","background-image":"","background-repeat":"repeat","background-position":"center center","background-size":"auto","background-attachment":"scroll","background-type":"","background-media":"","overlay-type":"","overlay-color":"","overlay-opacity":"","overlay-gradient":""}},"iawp_total_views":18},"product_brand":[],"product_cat":[211,638],"product_tag":[],"class_list":{"0":"post-15943","1":"product","2":"type-product","3":"status-publish","4":"has-post-thumbnail","6":"product_cat-hdmi","7":"product_cat-hdmi-cables","8":"desktop-align-left","9":"tablet-align-left","10":"mobile-align-left","12":"first","13":"instock","14":"shipping-taxable","15":"purchasable","16":"product-type-simple"},"acf":[],"_links":{"self":[{"href":"https:\/\/www.fjpremium.com\/fr\/wp-json\/wp\/v2\/product\/15943","targetHints":{"allow":["GET"]}}],"collection":[{"href":"https:\/\/www.fjpremium.com\/fr\/wp-json\/wp\/v2\/product"}],"about":[{"href":"https:\/\/www.fjpremium.com\/fr\/wp-json\/wp\/v2\/types\/product"}],"wp:featuredmedia":[{"embeddable":true,"href":"https:\/\/www.fjpremium.com\/fr\/wp-json\/wp\/v2\/media\/23913"}],"wp:attachment":[{"href":"https:\/\/www.fjpremium.com\/fr\/wp-json\/wp\/v2\/media?parent=15943"}],"wp:term":[{"taxonomy":"product_brand","embeddable":true,"href":"https:\/\/www.fjpremium.com\/fr\/wp-json\/wp\/v2\/product_brand?post=15943"},{"taxonomy":"product_cat","embeddable":true,"href":"https:\/\/www.fjpremium.com\/fr\/wp-json\/wp\/v2\/product_cat?post=15943"},{"taxonomy":"product_tag","embeddable":true,"href":"https:\/\/www.fjpremium.com\/fr\/wp-json\/wp\/v2\/product_tag?post=15943"}],"curies":[{"name":"wp","href":"https:\/\/api.w.org\/{rel}","templated":true}]}}