{"id":15941,"date":"2020-09-08T10:24:15","date_gmt":"2020-09-08T02:24:15","guid":{"rendered":"https:\/\/www.fjpremium.com\/?post_type=product&#038;p=15941"},"modified":"2023-12-14T13:52:17","modified_gmt":"2023-12-14T05:52:17","slug":"hdmi-2-0-flat-cable","status":"publish","type":"product","link":"https:\/\/www.fjpremium.com\/fr\/product\/hdmi-2-0-flat-cable\/","title":{"rendered":"C\u00e2ble plat HDMI 2.0 4K C\u00e2ble plat HDMI court de 0,3m \u00e0 10 m\u00e8tres et 15 m\u00e8tres"},"content":{"rendered":"<p>D'une longueur allant de 0,3 \u00e0 15 m\u00e8tres, nos c\u00e2bles sont m\u00e9ticuleusement con\u00e7us pour allier performance et style.<\/p>\n<p>Qu'il s'agisse d'installer un home cin\u00e9ma ou de naviguer dans des espaces restreints, son design plat garantit flexibilit\u00e9 et \u00e9l\u00e9gance.<\/p>\n<p>Vous plongerez dans des vid\u00e9os Ultra HD \u00e0 des r\u00e9solutions de 4K*2K@50\/60 (2160p), profiterez de visuels 3D et explorerez le format cin\u00e9ma immersif 21:9.<\/p>\n<p>Ses caract\u00e9ristiques :<\/p>\n<ul>\n<li>Contact plaqu\u00e9 or ; coque plaqu\u00e9e or<\/li>\n<li>Conducteur du c\u00e2ble : Cuivre sans oxyg\u00e8ne de grande puret\u00e9<\/li>\n<li>Calibre du fil : 30AWG(1-3M), 28\/30AWG(5M)<\/li>\n<li>Triple blindage : feuille AL torsad\u00e9e, feuille AL globale<\/li>\n<li>Gaine : PVC<\/li>\n<li>Conforme : RoHS, REACH<\/li>\n<\/ul>\n<p>En outre, avec une bande passante de 18 Gbps, la prise en charge du Dolby\u00ae TrueHD et la capacit\u00e9 unique de canaliser l'Ethernet via plusieurs appareils HDMI, le c\u00e2ble plat HDMI court offre une exp\u00e9rience riche et rationalis\u00e9e.<\/p>\n<p>En r\u00e9sum\u00e9, contactez-nous d\u00e8s aujourd'hui et am\u00e9liorez votre projet multim\u00e9dia gr\u00e2ce \u00e0 elle.<\/p>","protected":false},"excerpt":{"rendered":"<p>R\u00e9volutionnez l'exp\u00e9rience multim\u00e9dia avec le c\u00e2ble HDMI plat et court de Farsince, l'union parfaite de la 4K Ultra HD, de la prise en charge de la 3D et d'un design \u00e9l\u00e9gant.<\/p>","protected":false},"featured_media":23904,"template":"","meta":{"_acf_changed":false,"_seopress_robots_primary_cat":"","_seopress_titles_title":"HDMI 2.0 4K HDMI Flat Cable Short Flat HDMI Cable - Farsince","_seopress_titles_desc":"","_seopress_robots_index":"","site-sidebar-layout":"default","site-content-layout":"default","ast-site-content-layout":"default","site-content-style":"default","site-sidebar-style":"default","ast-global-header-display":"","ast-banner-title-visibility":"","ast-main-header-display":"","ast-hfb-above-header-display":"","ast-hfb-below-header-display":"","ast-hfb-mobile-header-display":"","site-post-title":"","ast-breadcrumbs-content":"","ast-featured-img":"","footer-sml-layout":"","ast-disable-related-posts":"","theme-transparent-header-meta":"default","adv-header-id-meta":"","stick-header-meta":"","header-above-stick-meta":"","header-main-stick-meta":"","header-below-stick-meta":"","astra-migrate-meta-layouts":"set","ast-page-background-enabled":"default","ast-page-background-meta":{"desktop":{"background-color":"","background-image":"","background-repeat":"repeat","background-position":"center center","background-size":"auto","background-attachment":"scroll","background-type":"","background-media":"","overlay-type":"","overlay-color":"","overlay-opacity":"","overlay-gradient":""},"tablet":{"background-color":"","background-image":"","background-repeat":"repeat","background-position":"center center","background-size":"auto","background-attachment":"scroll","background-type":"","background-media":"","overlay-type":"","overlay-color":"","overlay-opacity":"","overlay-gradient":""},"mobile":{"background-color":"","background-image":"","background-repeat":"repeat","background-position":"center center","background-size":"auto","background-attachment":"scroll","background-type":"","background-media":"","overlay-type":"","overlay-color":"","overlay-opacity":"","overlay-gradient":""}},"ast-content-background-meta":{"desktop":{"background-color":"var(--ast-global-color-5)","background-image":"","background-repeat":"repeat","background-position":"center center","background-size":"auto","background-attachment":"scroll","background-type":"","background-media":"","overlay-type":"","overlay-color":"","overlay-opacity":"","overlay-gradient":""},"tablet":{"background-color":"var(--ast-global-color-5)","background-image":"","background-repeat":"repeat","background-position":"center center","background-size":"auto","background-attachment":"scroll","background-type":"","background-media":"","overlay-type":"","overlay-color":"","overlay-opacity":"","overlay-gradient":""},"mobile":{"background-color":"var(--ast-global-color-5)","background-image":"","background-repeat":"repeat","background-position":"center center","background-size":"auto","background-attachment":"scroll","background-type":"","background-media":"","overlay-type":"","overlay-color":"","overlay-opacity":"","overlay-gradient":""}},"iawp_total_views":36},"product_brand":[],"product_cat":[211,638],"product_tag":[],"class_list":{"0":"post-15941","1":"product","2":"type-product","3":"status-publish","4":"has-post-thumbnail","6":"product_cat-hdmi","7":"product_cat-hdmi-cables","8":"desktop-align-left","9":"tablet-align-left","10":"mobile-align-left","12":"first","13":"instock","14":"shipping-taxable","15":"purchasable","16":"product-type-simple"},"acf":[],"_links":{"self":[{"href":"https:\/\/www.fjpremium.com\/fr\/wp-json\/wp\/v2\/product\/15941","targetHints":{"allow":["GET"]}}],"collection":[{"href":"https:\/\/www.fjpremium.com\/fr\/wp-json\/wp\/v2\/product"}],"about":[{"href":"https:\/\/www.fjpremium.com\/fr\/wp-json\/wp\/v2\/types\/product"}],"wp:featuredmedia":[{"embeddable":true,"href":"https:\/\/www.fjpremium.com\/fr\/wp-json\/wp\/v2\/media\/23904"}],"wp:attachment":[{"href":"https:\/\/www.fjpremium.com\/fr\/wp-json\/wp\/v2\/media?parent=15941"}],"wp:term":[{"taxonomy":"product_brand","embeddable":true,"href":"https:\/\/www.fjpremium.com\/fr\/wp-json\/wp\/v2\/product_brand?post=15941"},{"taxonomy":"product_cat","embeddable":true,"href":"https:\/\/www.fjpremium.com\/fr\/wp-json\/wp\/v2\/product_cat?post=15941"},{"taxonomy":"product_tag","embeddable":true,"href":"https:\/\/www.fjpremium.com\/fr\/wp-json\/wp\/v2\/product_tag?post=15941"}],"curies":[{"name":"wp","href":"https:\/\/api.w.org\/{rel}","templated":true}]}}