{"id":15903,"date":"2020-09-08T10:09:21","date_gmt":"2020-09-08T02:09:21","guid":{"rendered":"https:\/\/www.fjpremium.com\/?post_type=product&#038;p=15903"},"modified":"2023-12-14T13:52:18","modified_gmt":"2023-12-14T05:52:18","slug":"premium-1-0-hdmi-4k-cable","status":"publish","type":"product","link":"https:\/\/www.fjpremium.com\/fr\/product\/premium-1-0-hdmi-4k-cable\/","title":{"rendered":"C\u00e2ble HDMI triple certifi\u00e9 avec \u00e9tiquette scannable Support 4K@60Hz 18Gbp"},"content":{"rendered":"<p>Ce c\u00e2ble HDMI \u00e0 triple blindage est \u00e9quip\u00e9 d'une \u00e9tiquette scannable pour une authentification facile et d'une bande passante de 18 Gbps, afin que vous puissiez profiter d'une r\u00e9solution 4K Ultra HD \u00e9poustouflante, de contenus 3D \u00e9clatants et de l'audio Dolby\u00ae TrueHD.<\/p>\n<p>Il est con\u00e7u avec une protection EMI et du cuivre sans oxyg\u00e8ne de haute puret\u00e9, garantissant l'int\u00e9grit\u00e9 et la clart\u00e9 de chaque image. Du format cin\u00e9ma 21:9 \u00e0 la prise en charge HDR, il est con\u00e7u pour les connaisseurs en mati\u00e8re de divertissement.<\/p>\n<p>Ses caract\u00e9ristiques :<\/p>\n<ul>\n<li>Contact plaqu\u00e9 or 24K, coque plaqu\u00e9e or<\/li>\n<li>Calibre du fil : 30AWG(1-3M), 28(5M), 26AWG(7.5)<\/li>\n<li>Isolation : PEHD<\/li>\n<li>Blindage : Triple blindage par feuille AL torsad\u00e9e, feuille AL globale, tresse 128# AL-MG, recouverte d'une feuille de cuivre et d'une bo\u00eete de blindage m\u00e9tallique sur la fiche.<\/li>\n<li>Veste : PVC souple<\/li>\n<\/ul>\n<p>En outre, vous pouvez faire confiance \u00e0 la qualit\u00e9 du triple c\u00e2ble HDMI, qui est soumis \u00e0 des tests et \u00e0 des certifications complets et qui est conforme aux normes RoHS et REACH. N'h\u00e9sitez donc pas \u00e0 nous contacter d\u00e8s aujourd'hui pour le commander.<\/p>","protected":false},"excerpt":{"rendered":"<p>Faites l'exp\u00e9rience d'un m\u00e9lange harmonieux de performances, de valeur et de technologie pr\u00eate pour l'avenir avec le triple c\u00e2ble HDMI premium certifi\u00e9 par FARSINCE, promettant 4K@60Hz.<\/p>","protected":false},"featured_media":15926,"template":"","meta":{"_acf_changed":false,"_seopress_robots_primary_cat":"","_seopress_titles_title":"Triple HDMI Cable with Scannable Label - Farsince","_seopress_titles_desc":"","_seopress_robots_index":"","site-sidebar-layout":"default","site-content-layout":"default","ast-site-content-layout":"default","site-content-style":"default","site-sidebar-style":"default","ast-global-header-display":"","ast-banner-title-visibility":"","ast-main-header-display":"","ast-hfb-above-header-display":"","ast-hfb-below-header-display":"","ast-hfb-mobile-header-display":"","site-post-title":"","ast-breadcrumbs-content":"","ast-featured-img":"","footer-sml-layout":"","ast-disable-related-posts":"","theme-transparent-header-meta":"default","adv-header-id-meta":"","stick-header-meta":"","header-above-stick-meta":"","header-main-stick-meta":"","header-below-stick-meta":"","astra-migrate-meta-layouts":"set","ast-page-background-enabled":"default","ast-page-background-meta":{"desktop":{"background-color":"","background-image":"","background-repeat":"repeat","background-position":"center center","background-size":"auto","background-attachment":"scroll","background-type":"","background-media":"","overlay-type":"","overlay-color":"","overlay-opacity":"","overlay-gradient":""},"tablet":{"background-color":"","background-image":"","background-repeat":"repeat","background-position":"center center","background-size":"auto","background-attachment":"scroll","background-type":"","background-media":"","overlay-type":"","overlay-color":"","overlay-opacity":"","overlay-gradient":""},"mobile":{"background-color":"","background-image":"","background-repeat":"repeat","background-position":"center center","background-size":"auto","background-attachment":"scroll","background-type":"","background-media":"","overlay-type":"","overlay-color":"","overlay-opacity":"","overlay-gradient":""}},"ast-content-background-meta":{"desktop":{"background-color":"var(--ast-global-color-5)","background-image":"","background-repeat":"repeat","background-position":"center center","background-size":"auto","background-attachment":"scroll","background-type":"","background-media":"","overlay-type":"","overlay-color":"","overlay-opacity":"","overlay-gradient":""},"tablet":{"background-color":"var(--ast-global-color-5)","background-image":"","background-repeat":"repeat","background-position":"center center","background-size":"auto","background-attachment":"scroll","background-type":"","background-media":"","overlay-type":"","overlay-color":"","overlay-opacity":"","overlay-gradient":""},"mobile":{"background-color":"var(--ast-global-color-5)","background-image":"","background-repeat":"repeat","background-position":"center center","background-size":"auto","background-attachment":"scroll","background-type":"","background-media":"","overlay-type":"","overlay-color":"","overlay-opacity":"","overlay-gradient":""}},"iawp_total_views":10},"product_brand":[],"product_cat":[211,638],"product_tag":[],"class_list":{"0":"post-15903","1":"product","2":"type-product","3":"status-publish","4":"has-post-thumbnail","6":"product_cat-hdmi","7":"product_cat-hdmi-cables","8":"desktop-align-left","9":"tablet-align-left","10":"mobile-align-left","12":"first","13":"instock","14":"shipping-taxable","15":"purchasable","16":"product-type-simple"},"acf":[],"_links":{"self":[{"href":"https:\/\/www.fjpremium.com\/fr\/wp-json\/wp\/v2\/product\/15903","targetHints":{"allow":["GET"]}}],"collection":[{"href":"https:\/\/www.fjpremium.com\/fr\/wp-json\/wp\/v2\/product"}],"about":[{"href":"https:\/\/www.fjpremium.com\/fr\/wp-json\/wp\/v2\/types\/product"}],"wp:featuredmedia":[{"embeddable":true,"href":"https:\/\/www.fjpremium.com\/fr\/wp-json\/wp\/v2\/media\/15926"}],"wp:attachment":[{"href":"https:\/\/www.fjpremium.com\/fr\/wp-json\/wp\/v2\/media?parent=15903"}],"wp:term":[{"taxonomy":"product_brand","embeddable":true,"href":"https:\/\/www.fjpremium.com\/fr\/wp-json\/wp\/v2\/product_brand?post=15903"},{"taxonomy":"product_cat","embeddable":true,"href":"https:\/\/www.fjpremium.com\/fr\/wp-json\/wp\/v2\/product_cat?post=15903"},{"taxonomy":"product_tag","embeddable":true,"href":"https:\/\/www.fjpremium.com\/fr\/wp-json\/wp\/v2\/product_tag?post=15903"}],"curies":[{"name":"wp","href":"https:\/\/api.w.org\/{rel}","templated":true}]}}