{"id":15902,"date":"2020-09-08T10:09:20","date_gmt":"2020-09-08T02:09:20","guid":{"rendered":"https:\/\/www.fjpremium.com\/?post_type=product&#038;p=15902"},"modified":"2023-12-14T13:52:19","modified_gmt":"2023-12-14T05:52:19","slug":"high-speed-hdmi-2-0-cable-with-locking-screw","status":"publish","type":"product","link":"https:\/\/www.fjpremium.com\/fr\/product\/high-speed-hdmi-2-0-cable-with-locking-screw\/","title":{"rendered":"Meilleure vente C\u00e2ble de verrouillage HDMI m\u00e2le\/m\u00e2le avec vis de verrouillage industriel Connecteur HDMI"},"content":{"rendered":"<p>Con\u00e7u avec un connecteur HDMI industriel \u00e0 vis de verrouillage, notre c\u00e2ble de verrouillage HDMI garantit une connexion in\u00e9branlable pour un plaisir ininterrompu.<\/p>\n<p>Offrant une immense bande passante de 18 Gbps et prenant en charge les r\u00e9solutions UHD jusqu'\u00e0 4K, il est taill\u00e9 sur mesure pour l'environnement de divertissement moderne et exigeant.<\/p>\n<p>Vous vous immergerez dans des contenus 3D et HDR, pris en charge par Dolby\u00ae TrueHD et DTS-HD Master Audio\u2122.<\/p>\n<p>Ses caract\u00e9ristiques :<\/p>\n<ul>\n<li>Connecteur 1 : 2*HDMI 2.0 m\u00e2le<\/li>\n<li>Contact plaqu\u00e9 or ; coque plaqu\u00e9e or<\/li>\n<li>Conducteur du c\u00e2ble : Cuivre sans oxyg\u00e8ne de grande puret\u00e9<\/li>\n<li>Calibre du fil : 30AWG(1-3M), 28AWG(5M)<\/li>\n<li>Triple blindage : feuille AL torsad\u00e9e, feuille AL globale, tresse<\/li>\n<li>Gaine : PVC<\/li>\n<li>Conforme : RoHS, REACH<\/li>\n<\/ul>\n<p>En outre, vous pouvez simplifier les installations gr\u00e2ce au canal de retour audio et profiter de la richesse de 32 canaux audio. Alors, contactez-nous d\u00e8s aujourd'hui et investissez dans ce c\u00e2ble.<\/p>","protected":false},"excerpt":{"rendered":"<p>Ouvrez un monde de qualit\u00e9 visuelle et audio in\u00e9gal\u00e9e avec le c\u00e2ble de verrouillage HDMI m\u00e2le-m\u00e2le le plus vendu de FARSINCE, offrant l'UHD 4K et une bande passante allant jusqu'\u00e0 18 Gbps.<\/p>","protected":false},"featured_media":15920,"template":"","meta":{"_acf_changed":false,"_seopress_robots_primary_cat":"","_seopress_titles_title":"Best Selling Male to Male HDMI Lock Cable - Farsince","_seopress_titles_desc":"","_seopress_robots_index":"","site-sidebar-layout":"default","site-content-layout":"default","ast-site-content-layout":"default","site-content-style":"default","site-sidebar-style":"default","ast-global-header-display":"","ast-banner-title-visibility":"","ast-main-header-display":"","ast-hfb-above-header-display":"","ast-hfb-below-header-display":"","ast-hfb-mobile-header-display":"","site-post-title":"","ast-breadcrumbs-content":"","ast-featured-img":"","footer-sml-layout":"","ast-disable-related-posts":"","theme-transparent-header-meta":"default","adv-header-id-meta":"","stick-header-meta":"","header-above-stick-meta":"","header-main-stick-meta":"","header-below-stick-meta":"","astra-migrate-meta-layouts":"set","ast-page-background-enabled":"default","ast-page-background-meta":{"desktop":{"background-color":"","background-image":"","background-repeat":"repeat","background-position":"center center","background-size":"auto","background-attachment":"scroll","background-type":"","background-media":"","overlay-type":"","overlay-color":"","overlay-opacity":"","overlay-gradient":""},"tablet":{"background-color":"","background-image":"","background-repeat":"repeat","background-position":"center center","background-size":"auto","background-attachment":"scroll","background-type":"","background-media":"","overlay-type":"","overlay-color":"","overlay-opacity":"","overlay-gradient":""},"mobile":{"background-color":"","background-image":"","background-repeat":"repeat","background-position":"center center","background-size":"auto","background-attachment":"scroll","background-type":"","background-media":"","overlay-type":"","overlay-color":"","overlay-opacity":"","overlay-gradient":""}},"ast-content-background-meta":{"desktop":{"background-color":"var(--ast-global-color-5)","background-image":"","background-repeat":"repeat","background-position":"center center","background-size":"auto","background-attachment":"scroll","background-type":"","background-media":"","overlay-type":"","overlay-color":"","overlay-opacity":"","overlay-gradient":""},"tablet":{"background-color":"var(--ast-global-color-5)","background-image":"","background-repeat":"repeat","background-position":"center center","background-size":"auto","background-attachment":"scroll","background-type":"","background-media":"","overlay-type":"","overlay-color":"","overlay-opacity":"","overlay-gradient":""},"mobile":{"background-color":"var(--ast-global-color-5)","background-image":"","background-repeat":"repeat","background-position":"center center","background-size":"auto","background-attachment":"scroll","background-type":"","background-media":"","overlay-type":"","overlay-color":"","overlay-opacity":"","overlay-gradient":""}},"iawp_total_views":22},"product_brand":[],"product_cat":[211,638],"product_tag":[],"class_list":{"0":"post-15902","1":"product","2":"type-product","3":"status-publish","4":"has-post-thumbnail","6":"product_cat-hdmi","7":"product_cat-hdmi-cables","8":"desktop-align-left","9":"tablet-align-left","10":"mobile-align-left","12":"first","13":"instock","14":"shipping-taxable","15":"purchasable","16":"product-type-simple"},"acf":[],"_links":{"self":[{"href":"https:\/\/www.fjpremium.com\/fr\/wp-json\/wp\/v2\/product\/15902","targetHints":{"allow":["GET"]}}],"collection":[{"href":"https:\/\/www.fjpremium.com\/fr\/wp-json\/wp\/v2\/product"}],"about":[{"href":"https:\/\/www.fjpremium.com\/fr\/wp-json\/wp\/v2\/types\/product"}],"wp:featuredmedia":[{"embeddable":true,"href":"https:\/\/www.fjpremium.com\/fr\/wp-json\/wp\/v2\/media\/15920"}],"wp:attachment":[{"href":"https:\/\/www.fjpremium.com\/fr\/wp-json\/wp\/v2\/media?parent=15902"}],"wp:term":[{"taxonomy":"product_brand","embeddable":true,"href":"https:\/\/www.fjpremium.com\/fr\/wp-json\/wp\/v2\/product_brand?post=15902"},{"taxonomy":"product_cat","embeddable":true,"href":"https:\/\/www.fjpremium.com\/fr\/wp-json\/wp\/v2\/product_cat?post=15902"},{"taxonomy":"product_tag","embeddable":true,"href":"https:\/\/www.fjpremium.com\/fr\/wp-json\/wp\/v2\/product_tag?post=15902"}],"curies":[{"name":"wp","href":"https:\/\/api.w.org\/{rel}","templated":true}]}}