{"id":15891,"date":"2020-09-08T10:05:54","date_gmt":"2020-09-08T02:05:54","guid":{"rendered":"https:\/\/www.fjpremium.com\/?post_type=product&#038;p=15891"},"modified":"2023-12-14T13:52:20","modified_gmt":"2023-12-14T05:52:20","slug":"high-speed-hdmi-2-0-cable-dual-color","status":"publish","type":"product","link":"https:\/\/www.fjpremium.com\/fr\/product\/high-speed-hdmi-2-0-cable-dual-color\/","title":{"rendered":"Dual Color Gold High Speed HDMI 2.0 4k Cable 1.5m 2m 3m 5m 10m"},"content":{"rendered":"<p>Con\u00e7u pour les applications HDMI \u00e0 haut d\u00e9bit et les r\u00e9solutions vid\u00e9o jusqu'\u00e0 4k (2160p), ce c\u00e2ble est parfait pour le home cin\u00e9ma ou les installations A\/V de bureau.<\/p>\n<p>La compatibilit\u00e9 HDMI 2.0 vous permet de rester connect\u00e9 avec les appareils les plus r\u00e9cents, tandis qu'une bande passante allant jusqu'\u00e0 18 Gbps offre des images fluides et sans d\u00e9calage.<\/p>\n<p>Prenant en charge le format cin\u00e9ma 21:9, la 3D et la 3D HFR (High Frame Rate) 1080p, il offre \u00e9galement des images \u00e9poustouflantes avec un taux de rafra\u00eechissement allant jusqu'\u00e0 120 Hz.<\/p>\n<p>Les capacit\u00e9s Ethernet int\u00e9gr\u00e9es du c\u00e2ble HDMI 2.0 4K permettent la connexion \u00e0 plusieurs appareils HDMI compatibles Ethernet, ce qui simplifie l'acc\u00e8s au contenu en ligne et les mises \u00e0 jour du micrologiciel de l'appareil.<\/p>\n<p>Les contacts plaqu\u00e9s or, les conducteurs en cuivre sans oxyg\u00e8ne et le triple blindage garantissent une transmission sup\u00e9rieure du signal.<\/p>\n<p>Ses caract\u00e9ristiques :<\/p>\n<ul>\n<li>Conducteur du c\u00e2ble : Cuivre sans oxyg\u00e8ne de grande puret\u00e9<\/li>\n<li>Calibre des fils : 30AWG(1-3M), 28\/30AWG(5M), 26\/28AWG(7.5-10m)<\/li>\n<li>Triple blindage : feuille AL torsad\u00e9e, feuille AL globale, tresse<\/li>\n<li>Gaine : PVC<\/li>\n<li>Conforme : RoHS, REACH<\/li>\n<\/ul>\n<p>De plus, avec une garantie de 5 ans, il assure des performances durables, une exp\u00e9rience audiovisuelle optimale et une tranquillit\u00e9 d'esprit. N'h\u00e9sitez donc pas \u00e0 nous contacter d\u00e8s aujourd'hui pour commander notre c\u00e2ble.<\/p>","protected":false},"excerpt":{"rendered":"<p>Profitez d'un divertissement visuel transparent avec le c\u00e2ble HDMI 2.0 4K double couleur \u00e0 haut d\u00e9bit de FARSINCE, parfait pour le cin\u00e9ma \u00e0 domicile ou la configuration de bureau.<\/p>","protected":false},"featured_media":24150,"template":"","meta":{"_acf_changed":false,"_seopress_robots_primary_cat":"","_seopress_titles_title":"Best High Speed HDMI 2.0 4k Cable - Farsince","_seopress_titles_desc":"","_seopress_robots_index":"","site-sidebar-layout":"default","site-content-layout":"default","ast-site-content-layout":"default","site-content-style":"default","site-sidebar-style":"default","ast-global-header-display":"","ast-banner-title-visibility":"","ast-main-header-display":"","ast-hfb-above-header-display":"","ast-hfb-below-header-display":"","ast-hfb-mobile-header-display":"","site-post-title":"","ast-breadcrumbs-content":"","ast-featured-img":"","footer-sml-layout":"","ast-disable-related-posts":"","theme-transparent-header-meta":"default","adv-header-id-meta":"","stick-header-meta":"","header-above-stick-meta":"","header-main-stick-meta":"","header-below-stick-meta":"","astra-migrate-meta-layouts":"set","ast-page-background-enabled":"default","ast-page-background-meta":{"desktop":{"background-color":"","background-image":"","background-repeat":"repeat","background-position":"center center","background-size":"auto","background-attachment":"scroll","background-type":"","background-media":"","overlay-type":"","overlay-color":"","overlay-opacity":"","overlay-gradient":""},"tablet":{"background-color":"","background-image":"","background-repeat":"repeat","background-position":"center center","background-size":"auto","background-attachment":"scroll","background-type":"","background-media":"","overlay-type":"","overlay-color":"","overlay-opacity":"","overlay-gradient":""},"mobile":{"background-color":"","background-image":"","background-repeat":"repeat","background-position":"center center","background-size":"auto","background-attachment":"scroll","background-type":"","background-media":"","overlay-type":"","overlay-color":"","overlay-opacity":"","overlay-gradient":""}},"ast-content-background-meta":{"desktop":{"background-color":"var(--ast-global-color-5)","background-image":"","background-repeat":"repeat","background-position":"center center","background-size":"auto","background-attachment":"scroll","background-type":"","background-media":"","overlay-type":"","overlay-color":"","overlay-opacity":"","overlay-gradient":""},"tablet":{"background-color":"var(--ast-global-color-5)","background-image":"","background-repeat":"repeat","background-position":"center center","background-size":"auto","background-attachment":"scroll","background-type":"","background-media":"","overlay-type":"","overlay-color":"","overlay-opacity":"","overlay-gradient":""},"mobile":{"background-color":"var(--ast-global-color-5)","background-image":"","background-repeat":"repeat","background-position":"center center","background-size":"auto","background-attachment":"scroll","background-type":"","background-media":"","overlay-type":"","overlay-color":"","overlay-opacity":"","overlay-gradient":""}},"iawp_total_views":9},"product_brand":[],"product_cat":[211,638],"product_tag":[],"class_list":{"0":"post-15891","1":"product","2":"type-product","3":"status-publish","4":"has-post-thumbnail","6":"product_cat-hdmi","7":"product_cat-hdmi-cables","8":"desktop-align-left","9":"tablet-align-left","10":"mobile-align-left","12":"first","13":"instock","14":"shipping-taxable","15":"purchasable","16":"product-type-simple"},"acf":[],"_links":{"self":[{"href":"https:\/\/www.fjpremium.com\/fr\/wp-json\/wp\/v2\/product\/15891","targetHints":{"allow":["GET"]}}],"collection":[{"href":"https:\/\/www.fjpremium.com\/fr\/wp-json\/wp\/v2\/product"}],"about":[{"href":"https:\/\/www.fjpremium.com\/fr\/wp-json\/wp\/v2\/types\/product"}],"wp:featuredmedia":[{"embeddable":true,"href":"https:\/\/www.fjpremium.com\/fr\/wp-json\/wp\/v2\/media\/24150"}],"wp:attachment":[{"href":"https:\/\/www.fjpremium.com\/fr\/wp-json\/wp\/v2\/media?parent=15891"}],"wp:term":[{"taxonomy":"product_brand","embeddable":true,"href":"https:\/\/www.fjpremium.com\/fr\/wp-json\/wp\/v2\/product_brand?post=15891"},{"taxonomy":"product_cat","embeddable":true,"href":"https:\/\/www.fjpremium.com\/fr\/wp-json\/wp\/v2\/product_cat?post=15891"},{"taxonomy":"product_tag","embeddable":true,"href":"https:\/\/www.fjpremium.com\/fr\/wp-json\/wp\/v2\/product_tag?post=15891"}],"curies":[{"name":"wp","href":"https:\/\/api.w.org\/{rel}","templated":true}]}}