{"id":15836,"date":"2020-10-08T08:52:02","date_gmt":"2020-10-08T00:52:02","guid":{"rendered":"https:\/\/www.fjpremium.com\/?post_type=product&#038;p=15836"},"modified":"2023-12-14T13:51:44","modified_gmt":"2023-12-14T05:51:44","slug":"high-speed-hdmi-1-4-cable","status":"publish","type":"product","link":"https:\/\/www.fjpremium.com\/fr\/product\/high-speed-hdmi-1-4-cable\/","title":{"rendered":"Wholesale PC Computer Cable l 4K HDMI 1.4 CCS Cable 14+1 Cords 1.2m 1.5m 3m 5m 10m 20m"},"content":{"rendered":"<p>Le c\u00e2ble d'ordinateur PC en gros est polyvalent et existe en longueurs de 1,2 m, 1,5 m, 3 m, 5 m, 10 m et 20 m pour r\u00e9pondre \u00e0 vos besoins sp\u00e9cifiques.<\/p>\n<p>Il combine un transfert de donn\u00e9es sup\u00e9rieur, une synchronisation audio-vid\u00e9o et une connexion Ethernet en une seule solution transparente, ce qui rend indispensable la connexion de vos appareils DVD ou Blu-ray \u00e0 votre t\u00e9l\u00e9viseur ou \u00e0 votre moniteur, \u00e0 votre PC ou \u00e0 votre ordinateur portable.<\/p>\n<p>Ce c\u00e2ble CCS se distingue par sa prise en charge des r\u00e9solutions 4K Ultra HD et 1080p Full HD, de l'imagerie 3D, du canal Ethernet, du Deep Color 48 bits et du canal de retour audio (ARC).<\/p>\n<p>Il se d\u00e9lecte des images riches et r\u00e9alistes et du son immersif qu'il offre, ce qui n'est possible que si tous vos appareils connect\u00e9s sont pr\u00eats pour la 4K. Et avec un taux de rafra\u00eechissement allant jusqu'\u00e0 120 Hz, vous pouvez vous attendre \u00e0 un affichage fluide et sans d\u00e9calage.<\/p>\n<p>Ses caract\u00e9ristiques :<\/p>\n<ul>\n<li>Connecteur : HDMI 1.4 m\u00e2le x 2<\/li>\n<li>Contact plaqu\u00e9 or ; coque plaqu\u00e9e or<\/li>\n<li>Conducteur du c\u00e2ble : Acier recouvert de cuivre<\/li>\n<li>Calibre des fils : 30AWG(1-5M), 28AWG(7.5-10M), 26\/28AWG(12-20m)<\/li>\n<li>Isolation : PEHD<\/li>\n<li>Blindage : Feuille d'aluminium<\/li>\n<li>Gaine : PVC<\/li>\n<li>Conforme : RoHS, REACH<\/li>\n<\/ul>\n<p>De plus, associ\u00e9 \u00e0 l'espace colorim\u00e9trique avanc\u00e9 et \u00e0 la prise en charge du Dolby\u00ae TrueHD et du DTS-HD Master Audio\u2122, notre c\u00e2ble CCS \u00e9l\u00e8ve votre exp\u00e9rience multim\u00e9dia \u00e0 de nouveaux sommets.<\/p>\n<p>Bref, contactez-nous d\u00e8s aujourd'hui et investissez.<\/p>","protected":false},"excerpt":{"rendered":"<p>Faites l&#039;exp\u00e9rience d&#039;un transfert de donn\u00e9es exceptionnel et d&#039;une synchronisation audio-vid\u00e9o avec le c\u00e2ble HDMI 1.4 CCS haute vitesse de FARSINCE, votre r\u00e9f\u00e9rence pour connecter des appareils de divertissement.<\/p>","protected":false},"featured_media":15837,"template":"","meta":{"_acf_changed":false,"_seopress_robots_primary_cat":"","_seopress_titles_title":"Best PC Computer Cable l 4K HDMI 1.4 CCS Cable - Farsince","_seopress_titles_desc":"","_seopress_robots_index":"","site-sidebar-layout":"default","site-content-layout":"default","ast-site-content-layout":"default","site-content-style":"default","site-sidebar-style":"default","ast-global-header-display":"","ast-banner-title-visibility":"","ast-main-header-display":"","ast-hfb-above-header-display":"","ast-hfb-below-header-display":"","ast-hfb-mobile-header-display":"","site-post-title":"","ast-breadcrumbs-content":"","ast-featured-img":"","footer-sml-layout":"","ast-disable-related-posts":"","theme-transparent-header-meta":"default","adv-header-id-meta":"","stick-header-meta":"","header-above-stick-meta":"","header-main-stick-meta":"","header-below-stick-meta":"","astra-migrate-meta-layouts":"set","ast-page-background-enabled":"default","ast-page-background-meta":{"desktop":{"background-color":"","background-image":"","background-repeat":"repeat","background-position":"center center","background-size":"auto","background-attachment":"scroll","background-type":"","background-media":"","overlay-type":"","overlay-color":"","overlay-opacity":"","overlay-gradient":""},"tablet":{"background-color":"","background-image":"","background-repeat":"repeat","background-position":"center center","background-size":"auto","background-attachment":"scroll","background-type":"","background-media":"","overlay-type":"","overlay-color":"","overlay-opacity":"","overlay-gradient":""},"mobile":{"background-color":"","background-image":"","background-repeat":"repeat","background-position":"center center","background-size":"auto","background-attachment":"scroll","background-type":"","background-media":"","overlay-type":"","overlay-color":"","overlay-opacity":"","overlay-gradient":""}},"ast-content-background-meta":{"desktop":{"background-color":"var(--ast-global-color-5)","background-image":"","background-repeat":"repeat","background-position":"center center","background-size":"auto","background-attachment":"scroll","background-type":"","background-media":"","overlay-type":"","overlay-color":"","overlay-opacity":"","overlay-gradient":""},"tablet":{"background-color":"var(--ast-global-color-5)","background-image":"","background-repeat":"repeat","background-position":"center center","background-size":"auto","background-attachment":"scroll","background-type":"","background-media":"","overlay-type":"","overlay-color":"","overlay-opacity":"","overlay-gradient":""},"mobile":{"background-color":"var(--ast-global-color-5)","background-image":"","background-repeat":"repeat","background-position":"center center","background-size":"auto","background-attachment":"scroll","background-type":"","background-media":"","overlay-type":"","overlay-color":"","overlay-opacity":"","overlay-gradient":""}},"iawp_total_views":5},"product_brand":[],"product_cat":[211,638],"product_tag":[],"class_list":{"0":"post-15836","1":"product","2":"type-product","3":"status-publish","4":"has-post-thumbnail","6":"product_cat-hdmi","7":"product_cat-hdmi-cables","8":"desktop-align-left","9":"tablet-align-left","10":"mobile-align-left","12":"first","13":"instock","14":"shipping-taxable","15":"purchasable","16":"product-type-simple"},"acf":[],"_links":{"self":[{"href":"https:\/\/www.fjpremium.com\/fr\/wp-json\/wp\/v2\/product\/15836","targetHints":{"allow":["GET"]}}],"collection":[{"href":"https:\/\/www.fjpremium.com\/fr\/wp-json\/wp\/v2\/product"}],"about":[{"href":"https:\/\/www.fjpremium.com\/fr\/wp-json\/wp\/v2\/types\/product"}],"wp:featuredmedia":[{"embeddable":true,"href":"https:\/\/www.fjpremium.com\/fr\/wp-json\/wp\/v2\/media\/15837"}],"wp:attachment":[{"href":"https:\/\/www.fjpremium.com\/fr\/wp-json\/wp\/v2\/media?parent=15836"}],"wp:term":[{"taxonomy":"product_brand","embeddable":true,"href":"https:\/\/www.fjpremium.com\/fr\/wp-json\/wp\/v2\/product_brand?post=15836"},{"taxonomy":"product_cat","embeddable":true,"href":"https:\/\/www.fjpremium.com\/fr\/wp-json\/wp\/v2\/product_cat?post=15836"},{"taxonomy":"product_tag","embeddable":true,"href":"https:\/\/www.fjpremium.com\/fr\/wp-json\/wp\/v2\/product_tag?post=15836"}],"curies":[{"name":"wp","href":"https:\/\/api.w.org\/{rel}","templated":true}]}}