{"id":15792,"date":"2020-08-11T13:57:16","date_gmt":"2020-08-11T05:57:16","guid":{"rendered":"https:\/\/www.fjpremium.com\/?post_type=product&#038;p=15792"},"modified":"2023-12-14T13:53:37","modified_gmt":"2023-12-14T05:53:37","slug":"farsince-high-quality-android-phone-usb-c-3-1-type-c-to-hdmi-hdtv-screen-mirroring-cable-support-swith-pd3-0-100w-4k","status":"publish","type":"product","link":"https:\/\/www.fjpremium.com\/fr\/product\/farsince-high-quality-android-phone-usb-c-3-1-type-c-to-hdmi-hdtv-screen-mirroring-cable-support-swith-pd3-0-100w-4k\/","title":{"rendered":"C\u00e2ble USB-C 3.1 Micro USB vers HDMI pour t\u00e9l\u00e9phone Android Support Switch PD3.0 100W 4K"},"content":{"rendered":"<div>\n<div data-section=\"AliMagic-45gq4l\" data-section-title=\"Product Description\" data-spm-anchor-id=\"a2700.wholesale.pronpeci14.i0.5b1d4d3c2Ntw9a\">\n<p>Envelopp\u00e9 dans une \u00e9l\u00e9gante gaine en PVC et disponible dans une couleur rouge vibrante ou dans des teintes personnalis\u00e9es, notre c\u00e2ble de 2 m n'est pas un simple accessoire, c'est une d\u00e9claration de style de vie.<\/p>\n<p>Vous pouvez vous immerger dans la r\u00e9solution 4K*2K sur votre t\u00e9l\u00e9viseur HD et profiter de vid\u00e9os, jeux, photos et autres m\u00e9dias HD comme jamais auparavant.<\/p>\n<p>Ce c\u00e2ble est compatible avec l'interface USB 3.1 de type C et prend en charge les appareils dot\u00e9s de la fonction DP, ce qui ouvre de nouvelles dimensions en mati\u00e8re de connectivit\u00e9.<\/p>\n<p>Gr\u00e2ce \u00e0 la fonctionnalit\u00e9 \"plug-and-play\", m\u00eame les personnes les moins \u00e0 l'aise avec la technologie peuvent connecter leurs appareils sans effort.<\/p>\n<p>De plus, il b\u00e9n\u00e9ficie des homologations HDMI ATC, ROHS et REACH et d'une garantie de 2 ans. Dans l'ensemble, contactez-nous d\u00e8s aujourd'hui et investissez dans le c\u00e2ble Micro USB vers HDMI pour t\u00e9l\u00e9phones Android.<\/p>\n<\/div>\n<\/div>","protected":false},"excerpt":{"rendered":"<p title=\"FARSINCE haute qualit\u00e9 t\u00e9l\u00e9phone Android USB-C 3.1 Type C vers HDMI hdtv \u00e9cran miroir c\u00e2ble support Swith PD3.0 100 W 4 K\" data-spm-anchor-id=\"a2700.wholesale.maonnacta.i0.61ae3d9cOK5kDT\">Lib\u00e9rez la brillance 4K*2K avec le c\u00e2ble USB-C 3.1 Micro USB vers HDMI pour t\u00e9l\u00e9phones Android, offrant un plug-and-play facile, des vid\u00e9os 1080P, un audio num\u00e9rique et une compatibilit\u00e9 avec les \u00e9quipements fonctionnels DP.<\/p>","protected":false},"featured_media":15811,"template":"","meta":{"_acf_changed":false,"_seopress_robots_primary_cat":"","_seopress_titles_title":"Best Micro USB to HDMI Cable for Android Phone - Farsince","_seopress_titles_desc":"Unleash 4K*2K brilliance with the USB-C 3.1 micro USB to HDMI cable for Android phones, boasting easy plug-and-play, 1080P videos and digital audio.","_seopress_robots_index":"","site-sidebar-layout":"default","site-content-layout":"default","ast-site-content-layout":"default","site-content-style":"default","site-sidebar-style":"default","ast-global-header-display":"","ast-banner-title-visibility":"","ast-main-header-display":"","ast-hfb-above-header-display":"","ast-hfb-below-header-display":"","ast-hfb-mobile-header-display":"","site-post-title":"","ast-breadcrumbs-content":"","ast-featured-img":"","footer-sml-layout":"","ast-disable-related-posts":"","theme-transparent-header-meta":"default","adv-header-id-meta":"","stick-header-meta":"","header-above-stick-meta":"","header-main-stick-meta":"","header-below-stick-meta":"","astra-migrate-meta-layouts":"set","ast-page-background-enabled":"default","ast-page-background-meta":{"desktop":{"background-color":"","background-image":"","background-repeat":"repeat","background-position":"center center","background-size":"auto","background-attachment":"scroll","background-type":"","background-media":"","overlay-type":"","overlay-color":"","overlay-opacity":"","overlay-gradient":""},"tablet":{"background-color":"","background-image":"","background-repeat":"repeat","background-position":"center center","background-size":"auto","background-attachment":"scroll","background-type":"","background-media":"","overlay-type":"","overlay-color":"","overlay-opacity":"","overlay-gradient":""},"mobile":{"background-color":"","background-image":"","background-repeat":"repeat","background-position":"center center","background-size":"auto","background-attachment":"scroll","background-type":"","background-media":"","overlay-type":"","overlay-color":"","overlay-opacity":"","overlay-gradient":""}},"ast-content-background-meta":{"desktop":{"background-color":"var(--ast-global-color-5)","background-image":"","background-repeat":"repeat","background-position":"center center","background-size":"auto","background-attachment":"scroll","background-type":"","background-media":"","overlay-type":"","overlay-color":"","overlay-opacity":"","overlay-gradient":""},"tablet":{"background-color":"var(--ast-global-color-5)","background-image":"","background-repeat":"repeat","background-position":"center center","background-size":"auto","background-attachment":"scroll","background-type":"","background-media":"","overlay-type":"","overlay-color":"","overlay-opacity":"","overlay-gradient":""},"mobile":{"background-color":"var(--ast-global-color-5)","background-image":"","background-repeat":"repeat","background-position":"center center","background-size":"auto","background-attachment":"scroll","background-type":"","background-media":"","overlay-type":"","overlay-color":"","overlay-opacity":"","overlay-gradient":""}},"iawp_total_views":8},"product_brand":[],"product_cat":[252],"product_tag":[],"class_list":{"0":"post-15792","1":"product","2":"type-product","3":"status-publish","4":"has-post-thumbnail","6":"product_cat-bulk-cables","7":"desktop-align-left","8":"tablet-align-left","9":"mobile-align-left","11":"first","12":"instock","13":"shipping-taxable","14":"purchasable","15":"product-type-simple"},"acf":[],"_links":{"self":[{"href":"https:\/\/www.fjpremium.com\/fr\/wp-json\/wp\/v2\/product\/15792","targetHints":{"allow":["GET"]}}],"collection":[{"href":"https:\/\/www.fjpremium.com\/fr\/wp-json\/wp\/v2\/product"}],"about":[{"href":"https:\/\/www.fjpremium.com\/fr\/wp-json\/wp\/v2\/types\/product"}],"wp:featuredmedia":[{"embeddable":true,"href":"https:\/\/www.fjpremium.com\/fr\/wp-json\/wp\/v2\/media\/15811"}],"wp:attachment":[{"href":"https:\/\/www.fjpremium.com\/fr\/wp-json\/wp\/v2\/media?parent=15792"}],"wp:term":[{"taxonomy":"product_brand","embeddable":true,"href":"https:\/\/www.fjpremium.com\/fr\/wp-json\/wp\/v2\/product_brand?post=15792"},{"taxonomy":"product_cat","embeddable":true,"href":"https:\/\/www.fjpremium.com\/fr\/wp-json\/wp\/v2\/product_cat?post=15792"},{"taxonomy":"product_tag","embeddable":true,"href":"https:\/\/www.fjpremium.com\/fr\/wp-json\/wp\/v2\/product_tag?post=15792"}],"curies":[{"name":"wp","href":"https:\/\/api.w.org\/{rel}","templated":true}]}}