{"id":15791,"date":"2020-08-11T13:57:15","date_gmt":"2020-08-11T05:57:15","guid":{"rendered":"https:\/\/www.fjpremium.com\/?post_type=product&#038;p=15791"},"modified":"2023-12-14T13:53:38","modified_gmt":"2023-12-14T05:53:38","slug":"farsince-2m-android-usb-c-3-1-type-c-to-hdmi-hdtv-screen-mirriong-4k-cable-for-video-with-usb-power","status":"publish","type":"product","link":"https:\/\/www.fjpremium.com\/fr\/product\/farsince-2m-android-usb-c-3-1-type-c-to-hdmi-hdtv-screen-mirriong-4k-cable-for-video-with-usb-power\/","title":{"rendered":"C\u00e2ble Android USB-C 3.1 Type C de 2m pour connecter un t\u00e9l\u00e9phone Android \u00e0 une TV pour la vid\u00e9o avec alimentation USB"},"content":{"rendered":"<div>\n<div data-section=\"AliMagic-45gq4l\" data-section-title=\"Product Description\" data-spm-anchor-id=\"a2700.wholesale.pronpeci14.i0.5b1d4d3c2Ntw9a\">\n<p>Disponible en gris, rose, orange, noir ou dans des couleurs personnalis\u00e9es, le c\u00e2ble de 5,0 mm permettant de connecter un t\u00e9l\u00e9phone Android \u00e0 un t\u00e9l\u00e9viseur attire tous les regards. Les connecteurs HDTV dor\u00e9s et la gaine en PVC renforcent son attrait tout en garantissant sa qualit\u00e9.<\/p>\n<p>Vous pouvez profiter d'une r\u00e9solution maximale de 1080p et vous immerger dans des vid\u00e9os HD, des jeux, des photos et bien plus encore avec vos amis et votre famille sur un grand t\u00e9l\u00e9viseur HD.<\/p>\n<p>Compatible avec l'interface USB 3.1 de type C, notre c\u00e2ble prend en charge les t\u00e9l\u00e9phones portables et les tablettes dot\u00e9s d'une fonction DP. Sa conception plug-and-play facile \u00e0 utiliser et son blindage par tresse garantissent une utilisation sans interf\u00e9rences.<\/p>\n<p>De plus, la satisfaction est assur\u00e9e par une garantie de 2 ans et l'approbation CE, FCC et RoHS. En r\u00e9sum\u00e9, contactez-nous d\u00e8s aujourd'hui et ajoutez ce produit \u00e0 votre inventaire.<\/p>\n<\/div>\n<\/div>","protected":false},"excerpt":{"rendered":"<p class=\"ma-title\" title=\"FARSINCE 2m Android USB-C 3.1 Type C to hdmi hdtv screen mirriong 4K cable for video with USB power\" data-spm-anchor-id=\"a2700.wholesale.maonnacta.i0.e92e3c201AsN4u\">Rencontrez le futur de la connectivit\u00e9 avec notre c\u00e2ble Android USB-C 3.1 Type C de 2 m pour connecter le t\u00e9l\u00e9phone Android \u00e0 la t\u00e9l\u00e9vision, promettant une exp\u00e9rience vid\u00e9o ultime.<\/p>","protected":false},"featured_media":15803,"template":"","meta":{"_acf_changed":false,"_seopress_robots_primary_cat":"","_seopress_titles_title":"Type C Cable to Connect Android Phone to TV - Farsince","_seopress_titles_desc":"","_seopress_robots_index":"","site-sidebar-layout":"default","site-content-layout":"default","ast-site-content-layout":"default","site-content-style":"default","site-sidebar-style":"default","ast-global-header-display":"","ast-banner-title-visibility":"","ast-main-header-display":"","ast-hfb-above-header-display":"","ast-hfb-below-header-display":"","ast-hfb-mobile-header-display":"","site-post-title":"","ast-breadcrumbs-content":"","ast-featured-img":"","footer-sml-layout":"","ast-disable-related-posts":"","theme-transparent-header-meta":"default","adv-header-id-meta":"","stick-header-meta":"","header-above-stick-meta":"","header-main-stick-meta":"","header-below-stick-meta":"","astra-migrate-meta-layouts":"set","ast-page-background-enabled":"default","ast-page-background-meta":{"desktop":{"background-color":"","background-image":"","background-repeat":"repeat","background-position":"center center","background-size":"auto","background-attachment":"scroll","background-type":"","background-media":"","overlay-type":"","overlay-color":"","overlay-opacity":"","overlay-gradient":""},"tablet":{"background-color":"","background-image":"","background-repeat":"repeat","background-position":"center center","background-size":"auto","background-attachment":"scroll","background-type":"","background-media":"","overlay-type":"","overlay-color":"","overlay-opacity":"","overlay-gradient":""},"mobile":{"background-color":"","background-image":"","background-repeat":"repeat","background-position":"center center","background-size":"auto","background-attachment":"scroll","background-type":"","background-media":"","overlay-type":"","overlay-color":"","overlay-opacity":"","overlay-gradient":""}},"ast-content-background-meta":{"desktop":{"background-color":"var(--ast-global-color-5)","background-image":"","background-repeat":"repeat","background-position":"center center","background-size":"auto","background-attachment":"scroll","background-type":"","background-media":"","overlay-type":"","overlay-color":"","overlay-opacity":"","overlay-gradient":""},"tablet":{"background-color":"var(--ast-global-color-5)","background-image":"","background-repeat":"repeat","background-position":"center center","background-size":"auto","background-attachment":"scroll","background-type":"","background-media":"","overlay-type":"","overlay-color":"","overlay-opacity":"","overlay-gradient":""},"mobile":{"background-color":"var(--ast-global-color-5)","background-image":"","background-repeat":"repeat","background-position":"center center","background-size":"auto","background-attachment":"scroll","background-type":"","background-media":"","overlay-type":"","overlay-color":"","overlay-opacity":"","overlay-gradient":""}},"iawp_total_views":8},"product_brand":[],"product_cat":[252],"product_tag":[],"class_list":{"0":"post-15791","1":"product","2":"type-product","3":"status-publish","4":"has-post-thumbnail","6":"product_cat-bulk-cables","7":"desktop-align-left","8":"tablet-align-left","9":"mobile-align-left","11":"first","12":"instock","13":"shipping-taxable","14":"purchasable","15":"product-type-simple"},"acf":[],"_links":{"self":[{"href":"https:\/\/www.fjpremium.com\/fr\/wp-json\/wp\/v2\/product\/15791","targetHints":{"allow":["GET"]}}],"collection":[{"href":"https:\/\/www.fjpremium.com\/fr\/wp-json\/wp\/v2\/product"}],"about":[{"href":"https:\/\/www.fjpremium.com\/fr\/wp-json\/wp\/v2\/types\/product"}],"wp:featuredmedia":[{"embeddable":true,"href":"https:\/\/www.fjpremium.com\/fr\/wp-json\/wp\/v2\/media\/15803"}],"wp:attachment":[{"href":"https:\/\/www.fjpremium.com\/fr\/wp-json\/wp\/v2\/media?parent=15791"}],"wp:term":[{"taxonomy":"product_brand","embeddable":true,"href":"https:\/\/www.fjpremium.com\/fr\/wp-json\/wp\/v2\/product_brand?post=15791"},{"taxonomy":"product_cat","embeddable":true,"href":"https:\/\/www.fjpremium.com\/fr\/wp-json\/wp\/v2\/product_cat?post=15791"},{"taxonomy":"product_tag","embeddable":true,"href":"https:\/\/www.fjpremium.com\/fr\/wp-json\/wp\/v2\/product_tag?post=15791"}],"curies":[{"name":"wp","href":"https:\/\/api.w.org\/{rel}","templated":true}]}}