{"id":15790,"date":"2020-08-11T13:57:14","date_gmt":"2020-08-11T05:57:14","guid":{"rendered":"https:\/\/www.fjpremium.com\/?post_type=product&#038;p=15790"},"modified":"2023-12-14T13:53:38","modified_gmt":"2023-12-14T05:53:38","slug":"farsince-phone-to-hdtv-converter-for-lightning-to-hdmi-vga-jack-audio-tv-adapter-cable-for-iso-phone-x-8-7-7-plus-6-6s","status":"publish","type":"product","link":"https:\/\/www.fjpremium.com\/fr\/product\/farsince-phone-to-hdtv-converter-for-lightning-to-hdmi-vga-jack-audio-tv-adapter-cable-for-iso-phone-x-8-7-7-plus-6-6s\/","title":{"rendered":"FARSINCE C\u00e2ble d'adaptation TV pour t\u00e9l\u00e9phone X 8 7 7 Plus 6 6SVGA Jack Audio TV C\u00e2ble d'adaptation TV pour t\u00e9l\u00e9phone X 8 7 7 Plus 6 6SVGA Jack Audio TV pour t\u00e9l\u00e9phone X 8 7 7 Plus 6S"},"content":{"rendered":"<div>\n<div data-section=\"AliMagic-45gq4l\" data-section-title=\"Product Description\" data-spm-anchor-id=\"a2700.wholesale.pronpeci14.i0.5b1d4d3c2Ntw9a\">\n<p>Cet adaptateur polyvalent, disponible en argent ou en noir, est con\u00e7u pour la s\u00e9rie iPhone X jusqu'\u00e0 l'iPhone 5, ainsi que pour les iPad et les iPod Touch.<\/p>\n<p>Avec un diam\u00e8tre ext\u00e9rieur de 5,0 mm, des connecteurs HDTV dor\u00e9s et une longueur de 2 m\u00e8tres, il constitue un pont in\u00e9gal\u00e9 vers votre univers visuel et auditif.<\/p>\n<p>Le c\u00e2ble adaptateur TV prend en charge non seulement le HDMI, mais aussi le VGA et l'AV, ce qui permet de refl\u00e9ter l'\u00e9cran de votre appareil en HD jusqu'\u00e0 1080p.<\/p>\n<p>Vous profiterez des \u00e9missions de t\u00e9l\u00e9vision, des films, de la musique et de bien d'autres choses encore gr\u00e2ce \u00e0 une simple installation plug-and-play, sans applications suppl\u00e9mentaires. Sa garantie de 2 ans et sa conformit\u00e9 aux normes CE FCC RoHS vous assurent une tranquillit\u00e9 d'esprit durable.<\/p>\n<p>En outre, veuillez noter qu'il n\u00e9cessite une source d'alimentation (5V 1A) et qu'il n'est pas compatible avec certaines vid\u00e9os payantes dans les applications.<\/p>\n<p>En conclusion, contactez-nous d\u00e8s aujourd'hui et commandez-la pour transformer votre projet.<\/p>\n<\/div>\n<\/div>","protected":false},"excerpt":{"rendered":"<p title=\"FARSINCE convertisseur t\u00e9l\u00e9phone vers hdtv pour Lightning vers prise HDMI VGA c\u00e2ble adaptateur Audio TV pour t\u00e9l\u00e9phone iso X 8 7 7 Plus 6 6S\" data-spm-anchor-id=\"a2700.wholesale.maonnacta.i0.7e784cfasNEs4V\">Am\u00e9liorez votre divertissement avec le c\u00e2ble adaptateur TV de FARSINCE, compatible avec de nombreux mod\u00e8les d'iPhone et d'iPads, prenant en charge HDMI, VGA, AV et les miroirs jusqu'\u00e0 1080p HD.<\/p>","protected":false},"featured_media":15795,"template":"","meta":{"_acf_changed":false,"_seopress_robots_primary_cat":"","_seopress_titles_title":"Best Lightning to HDMI VGA Jack Audio TV Adapter Cable - Farsince","_seopress_titles_desc":"","_seopress_robots_index":"","site-sidebar-layout":"default","site-content-layout":"default","ast-site-content-layout":"default","site-content-style":"default","site-sidebar-style":"default","ast-global-header-display":"","ast-banner-title-visibility":"","ast-main-header-display":"","ast-hfb-above-header-display":"","ast-hfb-below-header-display":"","ast-hfb-mobile-header-display":"","site-post-title":"","ast-breadcrumbs-content":"","ast-featured-img":"","footer-sml-layout":"","ast-disable-related-posts":"","theme-transparent-header-meta":"default","adv-header-id-meta":"","stick-header-meta":"","header-above-stick-meta":"","header-main-stick-meta":"","header-below-stick-meta":"","astra-migrate-meta-layouts":"set","ast-page-background-enabled":"default","ast-page-background-meta":{"desktop":{"background-color":"","background-image":"","background-repeat":"repeat","background-position":"center center","background-size":"auto","background-attachment":"scroll","background-type":"","background-media":"","overlay-type":"","overlay-color":"","overlay-opacity":"","overlay-gradient":""},"tablet":{"background-color":"","background-image":"","background-repeat":"repeat","background-position":"center center","background-size":"auto","background-attachment":"scroll","background-type":"","background-media":"","overlay-type":"","overlay-color":"","overlay-opacity":"","overlay-gradient":""},"mobile":{"background-color":"","background-image":"","background-repeat":"repeat","background-position":"center center","background-size":"auto","background-attachment":"scroll","background-type":"","background-media":"","overlay-type":"","overlay-color":"","overlay-opacity":"","overlay-gradient":""}},"ast-content-background-meta":{"desktop":{"background-color":"var(--ast-global-color-5)","background-image":"","background-repeat":"repeat","background-position":"center center","background-size":"auto","background-attachment":"scroll","background-type":"","background-media":"","overlay-type":"","overlay-color":"","overlay-opacity":"","overlay-gradient":""},"tablet":{"background-color":"var(--ast-global-color-5)","background-image":"","background-repeat":"repeat","background-position":"center center","background-size":"auto","background-attachment":"scroll","background-type":"","background-media":"","overlay-type":"","overlay-color":"","overlay-opacity":"","overlay-gradient":""},"mobile":{"background-color":"var(--ast-global-color-5)","background-image":"","background-repeat":"repeat","background-position":"center center","background-size":"auto","background-attachment":"scroll","background-type":"","background-media":"","overlay-type":"","overlay-color":"","overlay-opacity":"","overlay-gradient":""}},"iawp_total_views":2},"product_brand":[],"product_cat":[252],"product_tag":[],"class_list":{"0":"post-15790","1":"product","2":"type-product","3":"status-publish","4":"has-post-thumbnail","6":"product_cat-bulk-cables","7":"desktop-align-left","8":"tablet-align-left","9":"mobile-align-left","11":"first","12":"instock","13":"shipping-taxable","14":"purchasable","15":"product-type-simple"},"acf":[],"_links":{"self":[{"href":"https:\/\/www.fjpremium.com\/fr\/wp-json\/wp\/v2\/product\/15790","targetHints":{"allow":["GET"]}}],"collection":[{"href":"https:\/\/www.fjpremium.com\/fr\/wp-json\/wp\/v2\/product"}],"about":[{"href":"https:\/\/www.fjpremium.com\/fr\/wp-json\/wp\/v2\/types\/product"}],"wp:featuredmedia":[{"embeddable":true,"href":"https:\/\/www.fjpremium.com\/fr\/wp-json\/wp\/v2\/media\/15795"}],"wp:attachment":[{"href":"https:\/\/www.fjpremium.com\/fr\/wp-json\/wp\/v2\/media?parent=15790"}],"wp:term":[{"taxonomy":"product_brand","embeddable":true,"href":"https:\/\/www.fjpremium.com\/fr\/wp-json\/wp\/v2\/product_brand?post=15790"},{"taxonomy":"product_cat","embeddable":true,"href":"https:\/\/www.fjpremium.com\/fr\/wp-json\/wp\/v2\/product_cat?post=15790"},{"taxonomy":"product_tag","embeddable":true,"href":"https:\/\/www.fjpremium.com\/fr\/wp-json\/wp\/v2\/product_tag?post=15790"}],"curies":[{"name":"wp","href":"https:\/\/api.w.org\/{rel}","templated":true}]}}