{"id":15717,"date":"2020-08-11T13:27:02","date_gmt":"2020-08-11T05:27:02","guid":{"rendered":"https:\/\/www.fjpremium.com\/?post_type=product&#038;p=15717"},"modified":"2023-12-14T13:53:39","modified_gmt":"2023-12-14T05:53:39","slug":"farsince-micro-usb-input-to-hdmi-female-output-converter-android-phone-to-hdtv-hdmi-screen-mirroring-tv-adapter","status":"publish","type":"product","link":"https:\/\/www.fjpremium.com\/fr\/product\/farsince-micro-usb-input-to-hdmi-female-output-converter-android-phone-to-hdtv-hdmi-screen-mirroring-tv-adapter\/","title":{"rendered":"FARSINCE Micro USB Input to HDMI Female Output Converter USB HDMI Cable Phone to TV (C\u00e2ble USB HDMI pour t\u00e9l\u00e9phone et t\u00e9l\u00e9viseur)"},"content":{"rendered":"<div>\n<div data-section=\"AliMagic-45gq4l\" data-section-title=\"Product Description\" data-spm-anchor-id=\"a2700.wholesale.pronpeci14.i0.5b1d4d3c2Ntw9a\">\n<p>Avec son design noir \u00e9l\u00e9gant et ses connecteurs HDTV dor\u00e9s, notre c\u00e2ble de 15 cm constitue une passerelle transparente entre vos appareils MHL et votre t\u00e9l\u00e9vision HD.<\/p>\n<p>Envelopp\u00e9 dans une robuste gaine en PVC et dot\u00e9 d'un blindage combin\u00e9, vous pouvez compter sur une vid\u00e9o 1080p (Full HD) ininterrompue et un passage audio sans faille pour les canaux num\u00e9riques 7.1, 5.1 ou 2.<\/p>\n<p>De plus, il est pr\u00eat \u00e0 l'emploi et ne n\u00e9cessite aucun r\u00e9glage complexe pour une utilisation personnelle ou des applications professionnelles.<\/p>\n<p>Le c\u00e2ble USB HDMI t\u00e9l\u00e9phone-TV est garanti 2 ans et r\u00e9pond aux normes CE FCC RoHS.<\/p>\n<p>Il est dans une bo\u00eete de couleur et peut charger votre appareil pendant la lecture. En r\u00e9sum\u00e9, contactez-nous d\u00e8s aujourd'hui et investissez dans ce produit.<\/p>\n<\/div>\n<\/div>","protected":false},"excerpt":{"rendered":"<p title=\"FARSINCE Adaptateur Micro USB vers HDMI femelle pour t\u00e9l\u00e9phone android vers hdtv hdmi screen mirroring TV adaptateur\" data-spm-anchor-id=\"a2700.wholesale.maonnacta.i0.2b17183846IIzD\">D\u00e9bloquez une exp\u00e9rience visuelle extraordinaire avec le c\u00e2ble USB HDMI FARSINCE vers t\u00e9l\u00e9viseur, promettant une connectivit\u00e9 transparente, une r\u00e9solution Full HD 1080p et un son impeccable, parfait pour une utilisation \u00e0 la maison ou au bureau.<\/p>","protected":false},"featured_media":15766,"template":"","meta":{"_acf_changed":false,"_seopress_robots_primary_cat":"","_seopress_titles_title":"Best USB HDMI Cable Phone to TV - Farsince","_seopress_titles_desc":"Unlock an extraordinary visual experience with FARSINCE USB HDMI cable phone to TV, promising seamless connectivity and 1080p Full HD resolution.","_seopress_robots_index":"","site-sidebar-layout":"default","site-content-layout":"default","ast-site-content-layout":"default","site-content-style":"default","site-sidebar-style":"default","ast-global-header-display":"","ast-banner-title-visibility":"","ast-main-header-display":"","ast-hfb-above-header-display":"","ast-hfb-below-header-display":"","ast-hfb-mobile-header-display":"","site-post-title":"","ast-breadcrumbs-content":"","ast-featured-img":"","footer-sml-layout":"","ast-disable-related-posts":"","theme-transparent-header-meta":"default","adv-header-id-meta":"","stick-header-meta":"","header-above-stick-meta":"","header-main-stick-meta":"","header-below-stick-meta":"","astra-migrate-meta-layouts":"set","ast-page-background-enabled":"default","ast-page-background-meta":{"desktop":{"background-color":"","background-image":"","background-repeat":"repeat","background-position":"center center","background-size":"auto","background-attachment":"scroll","background-type":"","background-media":"","overlay-type":"","overlay-color":"","overlay-opacity":"","overlay-gradient":""},"tablet":{"background-color":"","background-image":"","background-repeat":"repeat","background-position":"center center","background-size":"auto","background-attachment":"scroll","background-type":"","background-media":"","overlay-type":"","overlay-color":"","overlay-opacity":"","overlay-gradient":""},"mobile":{"background-color":"","background-image":"","background-repeat":"repeat","background-position":"center center","background-size":"auto","background-attachment":"scroll","background-type":"","background-media":"","overlay-type":"","overlay-color":"","overlay-opacity":"","overlay-gradient":""}},"ast-content-background-meta":{"desktop":{"background-color":"var(--ast-global-color-5)","background-image":"","background-repeat":"repeat","background-position":"center center","background-size":"auto","background-attachment":"scroll","background-type":"","background-media":"","overlay-type":"","overlay-color":"","overlay-opacity":"","overlay-gradient":""},"tablet":{"background-color":"var(--ast-global-color-5)","background-image":"","background-repeat":"repeat","background-position":"center center","background-size":"auto","background-attachment":"scroll","background-type":"","background-media":"","overlay-type":"","overlay-color":"","overlay-opacity":"","overlay-gradient":""},"mobile":{"background-color":"var(--ast-global-color-5)","background-image":"","background-repeat":"repeat","background-position":"center center","background-size":"auto","background-attachment":"scroll","background-type":"","background-media":"","overlay-type":"","overlay-color":"","overlay-opacity":"","overlay-gradient":""}},"iawp_total_views":8},"product_brand":[],"product_cat":[252],"product_tag":[],"class_list":{"0":"post-15717","1":"product","2":"type-product","3":"status-publish","4":"has-post-thumbnail","6":"product_cat-bulk-cables","7":"desktop-align-left","8":"tablet-align-left","9":"mobile-align-left","11":"first","12":"instock","13":"shipping-taxable","14":"purchasable","15":"product-type-simple"},"acf":[],"_links":{"self":[{"href":"https:\/\/www.fjpremium.com\/fr\/wp-json\/wp\/v2\/product\/15717","targetHints":{"allow":["GET"]}}],"collection":[{"href":"https:\/\/www.fjpremium.com\/fr\/wp-json\/wp\/v2\/product"}],"about":[{"href":"https:\/\/www.fjpremium.com\/fr\/wp-json\/wp\/v2\/types\/product"}],"wp:featuredmedia":[{"embeddable":true,"href":"https:\/\/www.fjpremium.com\/fr\/wp-json\/wp\/v2\/media\/15766"}],"wp:attachment":[{"href":"https:\/\/www.fjpremium.com\/fr\/wp-json\/wp\/v2\/media?parent=15717"}],"wp:term":[{"taxonomy":"product_brand","embeddable":true,"href":"https:\/\/www.fjpremium.com\/fr\/wp-json\/wp\/v2\/product_brand?post=15717"},{"taxonomy":"product_cat","embeddable":true,"href":"https:\/\/www.fjpremium.com\/fr\/wp-json\/wp\/v2\/product_cat?post=15717"},{"taxonomy":"product_tag","embeddable":true,"href":"https:\/\/www.fjpremium.com\/fr\/wp-json\/wp\/v2\/product_tag?post=15717"}],"curies":[{"name":"wp","href":"https:\/\/api.w.org\/{rel}","templated":true}]}}