{"id":15716,"date":"2020-08-11T13:27:01","date_gmt":"2020-08-11T05:27:01","guid":{"rendered":"https:\/\/www.fjpremium.com\/?post_type=product&#038;p=15716"},"modified":"2023-12-14T13:53:40","modified_gmt":"2023-12-14T05:53:40","slug":"farsince-usb-c-3-1-type-c-to-hdmi-4k-60hz-audio-adapter-converter-for-phone-connect-to-hdtv-hdmi-screen-mirroring-cable","status":"publish","type":"product","link":"https:\/\/www.fjpremium.com\/fr\/product\/farsince-usb-c-3-1-type-c-to-hdmi-4k-60hz-audio-adapter-converter-for-phone-connect-to-hdtv-hdmi-screen-mirroring-cable\/","title":{"rendered":"FARSINCE USB-C 3.1 Type C C\u00e2ble HDMI T\u00e9l\u00e9phone vers TV 4K 60hz Adaptateur Audio Convertisseur"},"content":{"rendered":"<div>\n<div data-section=\"AliMagic-45gq4l\" data-section-title=\"Product Description\" data-spm-anchor-id=\"a2700.wholesale.pronpeci14.i0.5b1d4d3c2Ntw9a\">\n<p>L'\u00e2me en cuivre de qualit\u00e9 sup\u00e9rieure de l'adaptateur garantit une transmission optimale et stable du signal, sans distorsion ni flou, pour une qualit\u00e9 audio et vid\u00e9o in\u00e9gal\u00e9e.<\/p>\n<p>Vous pouvez facilement refl\u00e9ter ou \u00e9tendre le contenu de votre \u00e9cran sur un t\u00e9l\u00e9viseur HD, un moniteur ou un projecteur avec une r\u00e9solution allant jusqu'\u00e0 4K \u00e0 60 Hz, ce qui est parfait pour partager des films avec la famille ou faire des pr\u00e9sentations dans une salle de conf\u00e9rence.<\/p>\n<p>Il est universellement compatible avec tous les appareils Type-C, notamment MacBook Pro, Surface Go, Samsung Galaxy S9\/S8, et bien d'autres.<\/p>\n<p>En outre, il est incroyablement convivial gr\u00e2ce \u00e0 sa fonctionnalit\u00e9 \"plug-and-play\", qui ne n\u00e9cessite aucun pilote ou processus d'installation compliqu\u00e9.<\/p>\n<p>Le poids ultra-l\u00e9ger et le design compact de notre adaptateur le rendent facile \u00e0 transporter, et son c\u00e2ble pliable et r\u00e9sistant \u00e0 l'usure garantit une utilisation durable. Son \u00e9l\u00e9gante coque en alliage d'aluminium noir ajoute une touche de style et est emball\u00e9e dans une bo\u00eete de couleur.<\/p>\n<p>De plus, il offre la fiabilit\u00e9 avec l'approbation CE, FCC et RoHS et une garantie de 2 ans. En bref, contactez-nous d\u00e8s aujourd'hui et ajoutez ce c\u00e2ble HDMI Type C t\u00e9l\u00e9phone vers TV \u00e0 votre inventaire.<\/p>\n<\/div>\n<\/div>","protected":false},"excerpt":{"rendered":"<p>D\u00e9couvrez le c\u00e2ble HDMI USB-C 3.1 Type C de FARSINCE, du t\u00e9l\u00e9phone \u00e0 la t\u00e9l\u00e9vision, apportant une conversion audio et vid\u00e9o de haute qualit\u00e9 \u00e0 vos projets.<\/p>","protected":false},"featured_media":15758,"template":"","meta":{"_acf_changed":false,"_seopress_robots_primary_cat":"","_seopress_titles_title":"USB-C 3.1 Type C HDMI Cable Phone to TV - Farsince","_seopress_titles_desc":"","_seopress_robots_index":"","site-sidebar-layout":"default","site-content-layout":"default","ast-site-content-layout":"default","site-content-style":"default","site-sidebar-style":"default","ast-global-header-display":"","ast-banner-title-visibility":"","ast-main-header-display":"","ast-hfb-above-header-display":"","ast-hfb-below-header-display":"","ast-hfb-mobile-header-display":"","site-post-title":"","ast-breadcrumbs-content":"","ast-featured-img":"","footer-sml-layout":"","ast-disable-related-posts":"","theme-transparent-header-meta":"default","adv-header-id-meta":"","stick-header-meta":"","header-above-stick-meta":"","header-main-stick-meta":"","header-below-stick-meta":"","astra-migrate-meta-layouts":"set","ast-page-background-enabled":"default","ast-page-background-meta":{"desktop":{"background-color":"","background-image":"","background-repeat":"repeat","background-position":"center center","background-size":"auto","background-attachment":"scroll","background-type":"","background-media":"","overlay-type":"","overlay-color":"","overlay-opacity":"","overlay-gradient":""},"tablet":{"background-color":"","background-image":"","background-repeat":"repeat","background-position":"center center","background-size":"auto","background-attachment":"scroll","background-type":"","background-media":"","overlay-type":"","overlay-color":"","overlay-opacity":"","overlay-gradient":""},"mobile":{"background-color":"","background-image":"","background-repeat":"repeat","background-position":"center center","background-size":"auto","background-attachment":"scroll","background-type":"","background-media":"","overlay-type":"","overlay-color":"","overlay-opacity":"","overlay-gradient":""}},"ast-content-background-meta":{"desktop":{"background-color":"var(--ast-global-color-5)","background-image":"","background-repeat":"repeat","background-position":"center center","background-size":"auto","background-attachment":"scroll","background-type":"","background-media":"","overlay-type":"","overlay-color":"","overlay-opacity":"","overlay-gradient":""},"tablet":{"background-color":"var(--ast-global-color-5)","background-image":"","background-repeat":"repeat","background-position":"center center","background-size":"auto","background-attachment":"scroll","background-type":"","background-media":"","overlay-type":"","overlay-color":"","overlay-opacity":"","overlay-gradient":""},"mobile":{"background-color":"var(--ast-global-color-5)","background-image":"","background-repeat":"repeat","background-position":"center center","background-size":"auto","background-attachment":"scroll","background-type":"","background-media":"","overlay-type":"","overlay-color":"","overlay-opacity":"","overlay-gradient":""}},"iawp_total_views":4},"product_brand":[],"product_cat":[252],"product_tag":[],"class_list":{"0":"post-15716","1":"product","2":"type-product","3":"status-publish","4":"has-post-thumbnail","6":"product_cat-bulk-cables","7":"desktop-align-left","8":"tablet-align-left","9":"mobile-align-left","11":"first","12":"instock","13":"shipping-taxable","14":"purchasable","15":"product-type-simple"},"acf":[],"_links":{"self":[{"href":"https:\/\/www.fjpremium.com\/fr\/wp-json\/wp\/v2\/product\/15716","targetHints":{"allow":["GET"]}}],"collection":[{"href":"https:\/\/www.fjpremium.com\/fr\/wp-json\/wp\/v2\/product"}],"about":[{"href":"https:\/\/www.fjpremium.com\/fr\/wp-json\/wp\/v2\/types\/product"}],"wp:featuredmedia":[{"embeddable":true,"href":"https:\/\/www.fjpremium.com\/fr\/wp-json\/wp\/v2\/media\/15758"}],"wp:attachment":[{"href":"https:\/\/www.fjpremium.com\/fr\/wp-json\/wp\/v2\/media?parent=15716"}],"wp:term":[{"taxonomy":"product_brand","embeddable":true,"href":"https:\/\/www.fjpremium.com\/fr\/wp-json\/wp\/v2\/product_brand?post=15716"},{"taxonomy":"product_cat","embeddable":true,"href":"https:\/\/www.fjpremium.com\/fr\/wp-json\/wp\/v2\/product_cat?post=15716"},{"taxonomy":"product_tag","embeddable":true,"href":"https:\/\/www.fjpremium.com\/fr\/wp-json\/wp\/v2\/product_tag?post=15716"}],"curies":[{"name":"wp","href":"https:\/\/api.w.org\/{rel}","templated":true}]}}