{"id":15715,"date":"2020-08-11T13:27:00","date_gmt":"2020-08-11T05:27:00","guid":{"rendered":"https:\/\/www.fjpremium.com\/?post_type=product&#038;p=15715"},"modified":"2023-12-14T13:53:41","modified_gmt":"2023-12-14T05:53:41","slug":"farsince-4k-high-quality-2m-android-mobile-phone-to-hdtv-adapter-cable-hdmi-mirroring-cable-connect-phone-and-tv","status":"publish","type":"product","link":"https:\/\/www.fjpremium.com\/fr\/product\/farsince-4k-high-quality-2m-android-mobile-phone-to-hdtv-adapter-cable-hdmi-mirroring-cable-connect-phone-and-tv\/","title":{"rendered":"C\u00e2ble d'adaptateur HDMI 4K de haute qualit\u00e9 2m pour t\u00e9l\u00e9phone mobile Android vers TV HD C\u00e2ble HDMI pour Android vers TV"},"content":{"rendered":"<div>\n<div data-section=\"AliMagic-45gq4l\" data-section-title=\"Product Description\" data-spm-anchor-id=\"a2700.wholesale.pronpeci14.i0.5b1d4d3c2Ntw9a\">\n<p>Con\u00e7u pour relier votre appareil Android \u00e0 la grandeur de la t\u00e9l\u00e9vision haute d\u00e9finition, ce c\u00e2ble adaptateur garantit l'excellence de la 4K dans chaque image.<\/p>\n<p>Il incarne l'\u00e9l\u00e9gance et l'efficacit\u00e9 avec un diam\u00e8tre ext\u00e9rieur de 7,0 mm, une gaine PVC noire ou argent\u00e9e \u00e9l\u00e9gante et des connecteurs dor\u00e9s brillants.<\/p>\n<p>La connectivit\u00e9 m\u00e2le-femelle et la construction non blind\u00e9e garantissent une connexion transparente \u00e0 chaque fois. De plus, vous pouvez profiter de la fonction miroir avec prise en charge de la charge, pour un divertissement continu sans interruption.<\/p>\n<p>Gr\u00e2ce \u00e0 la fonctionnalit\u00e9 plug-and-play et \u00e0 la mise \u00e0 jour automatique du micrologiciel (OTA), le c\u00e2ble HDMI pour Android vers TV est toujours pr\u00eat \u00e0 fonctionner avec les appareils fonctionnant sous iOS 9 ou Android 4.4 et plus.<\/p>\n<p>En outre, il est homologu\u00e9 CE, FCC et RoHS et b\u00e9n\u00e9ficie d'une garantie fiable de 2 ans. N'h\u00e9sitez donc pas \u00e0 nous contacter d\u00e8s aujourd'hui pour le commander.<\/p>\n<\/div>\n<\/div>","protected":false},"excerpt":{"rendered":"<p title=\"FARSINCE 4K haute qualit\u00e9 2m t\u00e9l\u00e9phone portable android vers c\u00e2ble adaptateur hdtv c\u00e2ble miroir hdmi connecter t\u00e9l\u00e9phone et tv\" data-spm-anchor-id=\"a2700.wholesale.maonnacta.i0.25806875dU9tHN\">Explorez la brillance de la 4K avec le c\u00e2ble HDMI de 2 m de haute qualit\u00e9 pour Android vers TV, avec une finition noire et argent\u00e9e, des connecteurs dor\u00e9s, m\u00e2le-femelle, plug and play, et mirroring avec chargement.<\/p>","protected":false},"featured_media":15749,"template":"","meta":{"_acf_changed":false,"_seopress_robots_primary_cat":"","_seopress_titles_title":"Best HDMI Cable for Android to TV - Farsince","_seopress_titles_desc":"Explore 4K brilliance with the HDMI cable for Android to TV, featuring a black and silver finish, gold connectors, male-female, and mirroring with charging.","_seopress_robots_index":"","site-sidebar-layout":"default","site-content-layout":"default","ast-site-content-layout":"default","site-content-style":"default","site-sidebar-style":"default","ast-global-header-display":"","ast-banner-title-visibility":"","ast-main-header-display":"","ast-hfb-above-header-display":"","ast-hfb-below-header-display":"","ast-hfb-mobile-header-display":"","site-post-title":"","ast-breadcrumbs-content":"","ast-featured-img":"","footer-sml-layout":"","ast-disable-related-posts":"","theme-transparent-header-meta":"default","adv-header-id-meta":"","stick-header-meta":"","header-above-stick-meta":"","header-main-stick-meta":"","header-below-stick-meta":"","astra-migrate-meta-layouts":"set","ast-page-background-enabled":"default","ast-page-background-meta":{"desktop":{"background-color":"","background-image":"","background-repeat":"repeat","background-position":"center center","background-size":"auto","background-attachment":"scroll","background-type":"","background-media":"","overlay-type":"","overlay-color":"","overlay-opacity":"","overlay-gradient":""},"tablet":{"background-color":"","background-image":"","background-repeat":"repeat","background-position":"center center","background-size":"auto","background-attachment":"scroll","background-type":"","background-media":"","overlay-type":"","overlay-color":"","overlay-opacity":"","overlay-gradient":""},"mobile":{"background-color":"","background-image":"","background-repeat":"repeat","background-position":"center center","background-size":"auto","background-attachment":"scroll","background-type":"","background-media":"","overlay-type":"","overlay-color":"","overlay-opacity":"","overlay-gradient":""}},"ast-content-background-meta":{"desktop":{"background-color":"var(--ast-global-color-5)","background-image":"","background-repeat":"repeat","background-position":"center center","background-size":"auto","background-attachment":"scroll","background-type":"","background-media":"","overlay-type":"","overlay-color":"","overlay-opacity":"","overlay-gradient":""},"tablet":{"background-color":"var(--ast-global-color-5)","background-image":"","background-repeat":"repeat","background-position":"center center","background-size":"auto","background-attachment":"scroll","background-type":"","background-media":"","overlay-type":"","overlay-color":"","overlay-opacity":"","overlay-gradient":""},"mobile":{"background-color":"var(--ast-global-color-5)","background-image":"","background-repeat":"repeat","background-position":"center center","background-size":"auto","background-attachment":"scroll","background-type":"","background-media":"","overlay-type":"","overlay-color":"","overlay-opacity":"","overlay-gradient":""}},"iawp_total_views":12},"product_brand":[],"product_cat":[252],"product_tag":[],"class_list":{"0":"post-15715","1":"product","2":"type-product","3":"status-publish","4":"has-post-thumbnail","6":"product_cat-bulk-cables","7":"desktop-align-left","8":"tablet-align-left","9":"mobile-align-left","11":"first","12":"instock","13":"shipping-taxable","14":"purchasable","15":"product-type-simple"},"acf":[],"_links":{"self":[{"href":"https:\/\/www.fjpremium.com\/fr\/wp-json\/wp\/v2\/product\/15715","targetHints":{"allow":["GET"]}}],"collection":[{"href":"https:\/\/www.fjpremium.com\/fr\/wp-json\/wp\/v2\/product"}],"about":[{"href":"https:\/\/www.fjpremium.com\/fr\/wp-json\/wp\/v2\/types\/product"}],"wp:featuredmedia":[{"embeddable":true,"href":"https:\/\/www.fjpremium.com\/fr\/wp-json\/wp\/v2\/media\/15749"}],"wp:attachment":[{"href":"https:\/\/www.fjpremium.com\/fr\/wp-json\/wp\/v2\/media?parent=15715"}],"wp:term":[{"taxonomy":"product_brand","embeddable":true,"href":"https:\/\/www.fjpremium.com\/fr\/wp-json\/wp\/v2\/product_brand?post=15715"},{"taxonomy":"product_cat","embeddable":true,"href":"https:\/\/www.fjpremium.com\/fr\/wp-json\/wp\/v2\/product_cat?post=15715"},{"taxonomy":"product_tag","embeddable":true,"href":"https:\/\/www.fjpremium.com\/fr\/wp-json\/wp\/v2\/product_tag?post=15715"}],"curies":[{"name":"wp","href":"https:\/\/api.w.org\/{rel}","templated":true}]}}