{"id":15714,"date":"2020-08-11T13:26:59","date_gmt":"2020-08-11T05:26:59","guid":{"rendered":"https:\/\/www.fjpremium.com\/?post_type=product&#038;p=15714"},"modified":"2023-12-14T13:53:41","modified_gmt":"2023-12-14T05:53:41","slug":"farsince-2m-smart-mobile-phone-to-hdtv-hdmi-mirroring-adapter-cable-connect-android-to-phone-and-tv-cable","status":"publish","type":"product","link":"https:\/\/www.fjpremium.com\/fr\/product\/farsince-2m-smart-mobile-phone-to-hdtv-hdmi-mirroring-adapter-cable-connect-android-to-phone-and-tv-cable\/","title":{"rendered":"FARSINCE 2m Smart Mobile Phone to HDTV HDMI Mirroring Adapter Cable Android TV HDMI Cable"},"content":{"rendered":"<div>\n<div data-section=\"AliMagic-45gq4l\" data-section-title=\"Product Description\" data-spm-anchor-id=\"a2700.wholesale.pronpeci14.i0.5b1d4d3c2Ntw9a\">\n<p>Sp\u00e9cialement con\u00e7u pour les t\u00e9l\u00e9viseurs Android modernes, notre c\u00e2ble de 2 m utilise la derni\u00e8re interface USB 3.1 Type-C, garantissant un taux de transfert de donn\u00e9es \u00e9poustouflant allant jusqu'\u00e0 10 Gbps.<\/p>\n<p>Il offre robustesse et fiabilit\u00e9 avec un diam\u00e8tre ext\u00e9rieur de 7,0 mm et est blind\u00e9 par une tresse. De plus, envelopp\u00e9 dans une coque ABS color\u00e9e, son design haut de gamme \u00e0 la pointe de la mode ne manquera pas d'attirer votre attention.<\/p>\n<p>Les connecteurs dor\u00e9s et la gaine PVC rouge, grise ou noire conf\u00e8rent \u00e0 ce c\u00e2ble HDMI pour Android TV un aspect haut de gamme qui compl\u00e8te ses fonctionnalit\u00e9s exceptionnelles.<\/p>\n<p>Compatible avec les appareils HDMI externes tels que les moniteurs, les projecteurs et les t\u00e9l\u00e9viseurs, il est homologu\u00e9 CE, FCC et RoHS et b\u00e9n\u00e9ficie d'une garantie de 2 ans. Par cons\u00e9quent, contactez-nous d\u00e8s aujourd'hui et investissez dans ce produit.<\/p>\n<\/div>\n<\/div>","protected":false},"excerpt":{"rendered":"<p>Pr\u00e9sentation du c\u00e2ble HDMI Android TV de 2 m de FARSINCE, dot\u00e9 d'une interface USB 3.1 Type-C, d'un transfert de donn\u00e9es \u00e0 10 Gbps et d'une compatibilit\u00e9 avec les appareils HDMI.<\/p>","protected":false},"featured_media":15741,"template":"","meta":{"_acf_changed":false,"_seopress_robots_primary_cat":"","_seopress_titles_title":"Best Android TV HDMI Cable - Farsince","_seopress_titles_desc":"","_seopress_robots_index":"","site-sidebar-layout":"default","site-content-layout":"default","ast-site-content-layout":"default","site-content-style":"default","site-sidebar-style":"default","ast-global-header-display":"","ast-banner-title-visibility":"","ast-main-header-display":"","ast-hfb-above-header-display":"","ast-hfb-below-header-display":"","ast-hfb-mobile-header-display":"","site-post-title":"","ast-breadcrumbs-content":"","ast-featured-img":"","footer-sml-layout":"","ast-disable-related-posts":"","theme-transparent-header-meta":"default","adv-header-id-meta":"","stick-header-meta":"","header-above-stick-meta":"","header-main-stick-meta":"","header-below-stick-meta":"","astra-migrate-meta-layouts":"set","ast-page-background-enabled":"default","ast-page-background-meta":{"desktop":{"background-color":"","background-image":"","background-repeat":"repeat","background-position":"center center","background-size":"auto","background-attachment":"scroll","background-type":"","background-media":"","overlay-type":"","overlay-color":"","overlay-opacity":"","overlay-gradient":""},"tablet":{"background-color":"","background-image":"","background-repeat":"repeat","background-position":"center center","background-size":"auto","background-attachment":"scroll","background-type":"","background-media":"","overlay-type":"","overlay-color":"","overlay-opacity":"","overlay-gradient":""},"mobile":{"background-color":"","background-image":"","background-repeat":"repeat","background-position":"center center","background-size":"auto","background-attachment":"scroll","background-type":"","background-media":"","overlay-type":"","overlay-color":"","overlay-opacity":"","overlay-gradient":""}},"ast-content-background-meta":{"desktop":{"background-color":"var(--ast-global-color-5)","background-image":"","background-repeat":"repeat","background-position":"center center","background-size":"auto","background-attachment":"scroll","background-type":"","background-media":"","overlay-type":"","overlay-color":"","overlay-opacity":"","overlay-gradient":""},"tablet":{"background-color":"var(--ast-global-color-5)","background-image":"","background-repeat":"repeat","background-position":"center center","background-size":"auto","background-attachment":"scroll","background-type":"","background-media":"","overlay-type":"","overlay-color":"","overlay-opacity":"","overlay-gradient":""},"mobile":{"background-color":"var(--ast-global-color-5)","background-image":"","background-repeat":"repeat","background-position":"center center","background-size":"auto","background-attachment":"scroll","background-type":"","background-media":"","overlay-type":"","overlay-color":"","overlay-opacity":"","overlay-gradient":""}},"iawp_total_views":13},"product_brand":[],"product_cat":[252],"product_tag":[],"class_list":{"0":"post-15714","1":"product","2":"type-product","3":"status-publish","4":"has-post-thumbnail","6":"product_cat-bulk-cables","7":"desktop-align-left","8":"tablet-align-left","9":"mobile-align-left","11":"first","12":"instock","13":"shipping-taxable","14":"purchasable","15":"product-type-simple"},"acf":[],"_links":{"self":[{"href":"https:\/\/www.fjpremium.com\/fr\/wp-json\/wp\/v2\/product\/15714","targetHints":{"allow":["GET"]}}],"collection":[{"href":"https:\/\/www.fjpremium.com\/fr\/wp-json\/wp\/v2\/product"}],"about":[{"href":"https:\/\/www.fjpremium.com\/fr\/wp-json\/wp\/v2\/types\/product"}],"wp:featuredmedia":[{"embeddable":true,"href":"https:\/\/www.fjpremium.com\/fr\/wp-json\/wp\/v2\/media\/15741"}],"wp:attachment":[{"href":"https:\/\/www.fjpremium.com\/fr\/wp-json\/wp\/v2\/media?parent=15714"}],"wp:term":[{"taxonomy":"product_brand","embeddable":true,"href":"https:\/\/www.fjpremium.com\/fr\/wp-json\/wp\/v2\/product_brand?post=15714"},{"taxonomy":"product_cat","embeddable":true,"href":"https:\/\/www.fjpremium.com\/fr\/wp-json\/wp\/v2\/product_cat?post=15714"},{"taxonomy":"product_tag","embeddable":true,"href":"https:\/\/www.fjpremium.com\/fr\/wp-json\/wp\/v2\/product_tag?post=15714"}],"curies":[{"name":"wp","href":"https:\/\/api.w.org\/{rel}","templated":true}]}}