{"id":15713,"date":"2020-08-11T13:26:58","date_gmt":"2020-08-11T05:26:58","guid":{"rendered":"https:\/\/www.fjpremium.com\/?post_type=product&#038;p=15713"},"modified":"2023-12-14T13:53:42","modified_gmt":"2023-12-14T05:53:42","slug":"farsince-4k-usb-3-1-usb-c-type-c-phon-to-hdmi-screen-mirroring-cable-hdtv-adapter-connect-mobile-phone-to-tv-cable","status":"publish","type":"product","link":"https:\/\/www.fjpremium.com\/fr\/product\/farsince-4k-usb-3-1-usb-c-type-c-phon-to-hdmi-screen-mirroring-cable-hdtv-adapter-connect-mobile-phone-to-tv-cable\/","title":{"rendered":"FARSINCE 4K HDMI Cable Phone to TV Type C Adapter Connect"},"content":{"rendered":"<div>\n<div data-section=\"AliMagic-45gq4l\" data-section-title=\"Product Description\" data-spm-anchor-id=\"a2700.wholesale.pronpeci14.i0.5b1d4d3c2Ntw9a\">\n<p>Notre c\u00e2ble de 1,8 m est con\u00e7u pour connecter facilement votre t\u00e9l\u00e9phone, votre tablette ou votre ordinateur \u00e0 un t\u00e9l\u00e9viseur HD. Dot\u00e9 d'un diam\u00e8tre ext\u00e9rieur impressionnant de 7,0 mm, de connecteurs dor\u00e9s et d'un blindage par feuille, il est envelopp\u00e9 d'une robuste gaine en PVC disponible en gris, rouge ou noir.<\/p>\n<p>Il convertit \u00e9galement de mani\u00e8re transparente l'audio, la vid\u00e9o et les images en signaux num\u00e9riques HD, prenant en charge des r\u00e9solutions allant de 480P \u00e0 4K\u00d72K.<\/p>\n<p>Qu'il s'agisse d'\u00e9tendre votre espace de travail \u00e0 la maison ou de profiter d'un divertissement visuel, la fonctionnalit\u00e9 plug-and-play le rend \u00e9tonnamment convivial.<\/p>\n<p>Compatible avec macOS 10.11 \u00e0 10.14 et Windows 10, ce c\u00e2ble HDMI t\u00e9l\u00e9phone-TV de type C s'adresse \u00e0 un public moderne f\u00e9ru de technologie.<\/p>\n<p>De plus, il b\u00e9n\u00e9ficie d'une garantie de 2 ans et est pr\u00e9sent\u00e9 dans une bo\u00eete de couleur attrayante. Contactez-nous d\u00e8s aujourd'hui pour l'ajouter \u00e0 votre inventaire.<\/p>\n<\/div>\n<\/div>","protected":false},"excerpt":{"rendered":"<p title=\"FARSINCE 4K USB 3.1 USB-C Type C t\u00e9l\u00e9phone vers HDMI c\u00e2ble de miroir d&#039;\u00e9cran adaptateur HDTV connecter le t\u00e9l\u00e9phone portable au c\u00e2ble TV\" data-spm-anchor-id=\"a2700.wholesale.maonnacta.i0.47684431necU82\">D\u00e9voilement de l&#039;adaptateur de t\u00e9l\u00e9phone par c\u00e2ble HDMI 4K FARSINCE vers TV de type C, offrant un plaisir audio et visuel in\u00e9gal\u00e9, id\u00e9al pour le bureau \u00e0 domicile, le divertissement ou le multit\u00e2che.<\/p>","protected":false},"featured_media":15774,"template":"","meta":{"_acf_changed":false,"_seopress_robots_primary_cat":"","_seopress_titles_title":"Best HDMI Cable Phone to TV Type C Adapter Connect - Farsince","_seopress_titles_desc":"Unveiling FARSINCE 4K HDMI cable phone to TV Type C adapter connect, delivering unparalleled audio and visual pleasure, ideal for home office.","_seopress_robots_index":"","site-sidebar-layout":"default","site-content-layout":"default","ast-site-content-layout":"default","site-content-style":"default","site-sidebar-style":"default","ast-global-header-display":"","ast-banner-title-visibility":"","ast-main-header-display":"","ast-hfb-above-header-display":"","ast-hfb-below-header-display":"","ast-hfb-mobile-header-display":"","site-post-title":"","ast-breadcrumbs-content":"","ast-featured-img":"","footer-sml-layout":"","ast-disable-related-posts":"","theme-transparent-header-meta":"default","adv-header-id-meta":"","stick-header-meta":"","header-above-stick-meta":"","header-main-stick-meta":"","header-below-stick-meta":"","astra-migrate-meta-layouts":"set","ast-page-background-enabled":"default","ast-page-background-meta":{"desktop":{"background-color":"","background-image":"","background-repeat":"repeat","background-position":"center center","background-size":"auto","background-attachment":"scroll","background-type":"","background-media":"","overlay-type":"","overlay-color":"","overlay-opacity":"","overlay-gradient":""},"tablet":{"background-color":"","background-image":"","background-repeat":"repeat","background-position":"center center","background-size":"auto","background-attachment":"scroll","background-type":"","background-media":"","overlay-type":"","overlay-color":"","overlay-opacity":"","overlay-gradient":""},"mobile":{"background-color":"","background-image":"","background-repeat":"repeat","background-position":"center center","background-size":"auto","background-attachment":"scroll","background-type":"","background-media":"","overlay-type":"","overlay-color":"","overlay-opacity":"","overlay-gradient":""}},"ast-content-background-meta":{"desktop":{"background-color":"var(--ast-global-color-5)","background-image":"","background-repeat":"repeat","background-position":"center center","background-size":"auto","background-attachment":"scroll","background-type":"","background-media":"","overlay-type":"","overlay-color":"","overlay-opacity":"","overlay-gradient":""},"tablet":{"background-color":"var(--ast-global-color-5)","background-image":"","background-repeat":"repeat","background-position":"center center","background-size":"auto","background-attachment":"scroll","background-type":"","background-media":"","overlay-type":"","overlay-color":"","overlay-opacity":"","overlay-gradient":""},"mobile":{"background-color":"var(--ast-global-color-5)","background-image":"","background-repeat":"repeat","background-position":"center center","background-size":"auto","background-attachment":"scroll","background-type":"","background-media":"","overlay-type":"","overlay-color":"","overlay-opacity":"","overlay-gradient":""}},"iawp_total_views":12},"product_brand":[],"product_cat":[252],"product_tag":[],"class_list":{"0":"post-15713","1":"product","2":"type-product","3":"status-publish","4":"has-post-thumbnail","6":"product_cat-bulk-cables","7":"desktop-align-left","8":"tablet-align-left","9":"mobile-align-left","11":"first","12":"instock","13":"shipping-taxable","14":"purchasable","15":"product-type-simple"},"acf":[],"_links":{"self":[{"href":"https:\/\/www.fjpremium.com\/fr\/wp-json\/wp\/v2\/product\/15713","targetHints":{"allow":["GET"]}}],"collection":[{"href":"https:\/\/www.fjpremium.com\/fr\/wp-json\/wp\/v2\/product"}],"about":[{"href":"https:\/\/www.fjpremium.com\/fr\/wp-json\/wp\/v2\/types\/product"}],"wp:featuredmedia":[{"embeddable":true,"href":"https:\/\/www.fjpremium.com\/fr\/wp-json\/wp\/v2\/media\/15774"}],"wp:attachment":[{"href":"https:\/\/www.fjpremium.com\/fr\/wp-json\/wp\/v2\/media?parent=15713"}],"wp:term":[{"taxonomy":"product_brand","embeddable":true,"href":"https:\/\/www.fjpremium.com\/fr\/wp-json\/wp\/v2\/product_brand?post=15713"},{"taxonomy":"product_cat","embeddable":true,"href":"https:\/\/www.fjpremium.com\/fr\/wp-json\/wp\/v2\/product_cat?post=15713"},{"taxonomy":"product_tag","embeddable":true,"href":"https:\/\/www.fjpremium.com\/fr\/wp-json\/wp\/v2\/product_tag?post=15713"}],"curies":[{"name":"wp","href":"https:\/\/api.w.org\/{rel}","templated":true}]}}