{"id":15712,"date":"2020-08-11T13:26:57","date_gmt":"2020-08-11T05:26:57","guid":{"rendered":"https:\/\/www.fjpremium.com\/?post_type=product&#038;p=15712"},"modified":"2023-12-14T13:53:43","modified_gmt":"2023-12-14T05:53:43","slug":"farsince-video-adapter-for-8pin-lightning-port-to-tv-hdmi-4k-video-digital-av-cable-adapter-converter-for-ios-phone-6-7-8-pl","status":"publish","type":"product","link":"https:\/\/www.fjpremium.com\/fr\/product\/farsince-video-adapter-for-8pin-lightning-port-to-tv-hdmi-4k-video-digital-av-cable-adapter-converter-for-ios-phone-6-7-8-pl\/","title":{"rendered":"FARSINCE Video Adapter For 8pin Lightning Digital AV To HDMI Adapter for IOS Phone 6 7 8 Pl"},"content":{"rendered":"<div>\n<div data-section=\"AliMagic-45gq4l\" data-section-title=\"Product Description\" data-spm-anchor-id=\"a2700.wholesale.pronpeci14.i0.5b1d4d3c2Ntw9a\">\n<p>Fabriqu\u00e9 \u00e0 la perfection, l'adaptateur blanc ou noir \u00e0 gaine PVC offre une connexion rapide comme l'\u00e9clair entre votre t\u00e9l\u00e9phone iOS 6, 7, 8 ou Plus et n'importe quel \u00e9cran compatible HDMI.<\/p>\n<p>Avec une longueur modeste de 15 cm, des connecteurs dor\u00e9s et un blindage tress\u00e9 sophistiqu\u00e9, il n'est pas seulement beau mais aussi robuste.<\/p>\n<p>En outre, vous verrez vos pr\u00e9sentations, vos sites Web et bien d'autres choses encore dans une qualit\u00e9 HD 1080p \u00e9poustouflante, et ce sans d\u00e9lai.<\/p>\n<p>La fonctionnalit\u00e9 plug-and-play de notre adaptateur AV num\u00e9rique Lightning vers HDMI facilite la connexion aux t\u00e9l\u00e9viseurs, projecteurs ou \u00e9crans.<\/p>\n<p>Emball\u00e9 dans une \u00e9l\u00e9gante bo\u00eete color\u00e9e et couvert par une garantie de 2 ans, il est conforme aux normes CE, FCC et RoHS. Contactez-nous d\u00e8s aujourd'hui pour l'ajouter \u00e0 votre inventaire.<\/p>\n<\/div>\n<\/div>","protected":false},"excerpt":{"rendered":"<p title=\"Adaptateur vid\u00e9o FARSINCE pour port Lightning 8 broches vers TV HDMI 4K vid\u00e9o num\u00e9rique AV c\u00e2ble adaptateur convertisseur pour t\u00e9l\u00e9phone ios 6 7 8 Pl\" data-spm-anchor-id=\"a2700.wholesale.maonnacta.i0.7dcb30aawmda1l\">Am\u00e9liorez votre vision gr\u00e2ce \u00e0 l'adaptateur AV num\u00e9rique Lightning vers HDMI de FARSINCE pour IOS Phone 6 7 8 Plus, dot\u00e9 d'une garantie de 2 ans, disponible en blanc et en noir.<\/p>","protected":false},"featured_media":15725,"template":"","meta":{"_acf_changed":false,"_seopress_robots_primary_cat":"","_seopress_titles_title":"Best Lightning Digital AV To HDMI Adapter - Farsince","_seopress_titles_desc":"","_seopress_robots_index":"","site-sidebar-layout":"default","site-content-layout":"default","ast-site-content-layout":"default","site-content-style":"default","site-sidebar-style":"default","ast-global-header-display":"","ast-banner-title-visibility":"","ast-main-header-display":"","ast-hfb-above-header-display":"","ast-hfb-below-header-display":"","ast-hfb-mobile-header-display":"","site-post-title":"","ast-breadcrumbs-content":"","ast-featured-img":"","footer-sml-layout":"","ast-disable-related-posts":"","theme-transparent-header-meta":"default","adv-header-id-meta":"","stick-header-meta":"","header-above-stick-meta":"","header-main-stick-meta":"","header-below-stick-meta":"","astra-migrate-meta-layouts":"set","ast-page-background-enabled":"default","ast-page-background-meta":{"desktop":{"background-color":"","background-image":"","background-repeat":"repeat","background-position":"center center","background-size":"auto","background-attachment":"scroll","background-type":"","background-media":"","overlay-type":"","overlay-color":"","overlay-opacity":"","overlay-gradient":""},"tablet":{"background-color":"","background-image":"","background-repeat":"repeat","background-position":"center center","background-size":"auto","background-attachment":"scroll","background-type":"","background-media":"","overlay-type":"","overlay-color":"","overlay-opacity":"","overlay-gradient":""},"mobile":{"background-color":"","background-image":"","background-repeat":"repeat","background-position":"center center","background-size":"auto","background-attachment":"scroll","background-type":"","background-media":"","overlay-type":"","overlay-color":"","overlay-opacity":"","overlay-gradient":""}},"ast-content-background-meta":{"desktop":{"background-color":"var(--ast-global-color-5)","background-image":"","background-repeat":"repeat","background-position":"center center","background-size":"auto","background-attachment":"scroll","background-type":"","background-media":"","overlay-type":"","overlay-color":"","overlay-opacity":"","overlay-gradient":""},"tablet":{"background-color":"var(--ast-global-color-5)","background-image":"","background-repeat":"repeat","background-position":"center center","background-size":"auto","background-attachment":"scroll","background-type":"","background-media":"","overlay-type":"","overlay-color":"","overlay-opacity":"","overlay-gradient":""},"mobile":{"background-color":"var(--ast-global-color-5)","background-image":"","background-repeat":"repeat","background-position":"center center","background-size":"auto","background-attachment":"scroll","background-type":"","background-media":"","overlay-type":"","overlay-color":"","overlay-opacity":"","overlay-gradient":""}},"iawp_total_views":8},"product_brand":[],"product_cat":[252],"product_tag":[],"class_list":{"0":"post-15712","1":"product","2":"type-product","3":"status-publish","4":"has-post-thumbnail","6":"product_cat-bulk-cables","7":"desktop-align-left","8":"tablet-align-left","9":"mobile-align-left","11":"first","12":"instock","13":"shipping-taxable","14":"purchasable","15":"product-type-simple"},"acf":[],"_links":{"self":[{"href":"https:\/\/www.fjpremium.com\/fr\/wp-json\/wp\/v2\/product\/15712","targetHints":{"allow":["GET"]}}],"collection":[{"href":"https:\/\/www.fjpremium.com\/fr\/wp-json\/wp\/v2\/product"}],"about":[{"href":"https:\/\/www.fjpremium.com\/fr\/wp-json\/wp\/v2\/types\/product"}],"wp:featuredmedia":[{"embeddable":true,"href":"https:\/\/www.fjpremium.com\/fr\/wp-json\/wp\/v2\/media\/15725"}],"wp:attachment":[{"href":"https:\/\/www.fjpremium.com\/fr\/wp-json\/wp\/v2\/media?parent=15712"}],"wp:term":[{"taxonomy":"product_brand","embeddable":true,"href":"https:\/\/www.fjpremium.com\/fr\/wp-json\/wp\/v2\/product_brand?post=15712"},{"taxonomy":"product_cat","embeddable":true,"href":"https:\/\/www.fjpremium.com\/fr\/wp-json\/wp\/v2\/product_cat?post=15712"},{"taxonomy":"product_tag","embeddable":true,"href":"https:\/\/www.fjpremium.com\/fr\/wp-json\/wp\/v2\/product_tag?post=15712"}],"curies":[{"name":"wp","href":"https:\/\/api.w.org\/{rel}","templated":true}]}}