{"id":15711,"date":"2020-08-11T13:26:56","date_gmt":"2020-08-11T05:26:56","guid":{"rendered":"https:\/\/www.fjpremium.com\/?post_type=product&#038;p=15711"},"modified":"2023-12-14T13:53:43","modified_gmt":"2023-12-14T05:53:43","slug":"farsince-8-pin-ios-phone-to-hdmi-hdtv-screen-mirroring-cable-connect-phone-to-tv-plug-and-play","status":"publish","type":"product","link":"https:\/\/www.fjpremium.com\/fr\/product\/farsince-8-pin-ios-phone-to-hdmi-hdtv-screen-mirroring-cable-connect-phone-to-tv-plug-and-play\/","title":{"rendered":"FARSINCE 8 pin IOS phone to HDMI HDTV Screen Mirroring Phone to TV Connect Cable Plug and Play"},"content":{"rendered":"<div>\n<div data-section=\"AliMagic-45gq4l\" data-section-title=\"Product Description\" data-spm-anchor-id=\"a2700.wholesale.pronpeci14.i0.5b1d4d3c2Ntw9a\">\n<p>Fabriqu\u00e9 avec du cuivre nu et des conducteurs plaqu\u00e9s nickel de premi\u00e8re qualit\u00e9, notre c\u00e2ble garantit une connexion stable et une conductivit\u00e9 sup\u00e9rieure.<\/p>\n<p>Sa fonctionnalit\u00e9 plug-and-play unique garantit une installation sans probl\u00e8me, \u00e9liminant le besoin de pilotes.<\/p>\n<p>Vous pouvez \u00e9galement profiter d'images en Full HD 1080p sur votre t\u00e9l\u00e9viseur, compl\u00e9t\u00e9es par un canal surround 7.1 r\u00e9sonnant et une transmission audio 192 kHz.<\/p>\n<p>D'une longueur de 2 m\u00e8tres, ce c\u00e2ble de connexion t\u00e9l\u00e9phone-t\u00e9l\u00e9vision offre une flexibilit\u00e9 optimale dans votre espace. Sa gaine en PVC d'un rouge \u00e9clatant ajoute une touche de sophistication \u00e0 votre \u00e9quipement technologique.<\/p>\n<p>De plus, vous b\u00e9n\u00e9ficierez d'une tranquillit\u00e9 d'esprit gr\u00e2ce \u00e0 notre garantie de 2 ans et \u00e0 l'assurance des homologations HDMI ATC, ROHS et REACH.<\/p>\n<p>Dans l'ensemble, contactez-nous d\u00e8s aujourd'hui et investissez dans ce domaine.<\/p>\n<\/div>\n<\/div>","protected":false},"excerpt":{"rendered":"<p title=\"FARSINCE 8 broches t\u00e9l\u00e9phone IOS vers HDMI c\u00e2ble de mise en miroir d&#039;\u00e9cran hdtv connecter le t\u00e9l\u00e9phone au t\u00e9l\u00e9viseur plug and play\" data-spm-anchor-id=\"a2700.wholesale.maonnacta.i0.5d6050b9htuZ1P\">Am\u00e9liorez votre exp\u00e9rience visuelle avec le c\u00e2ble de connexion t\u00e9l\u00e9phone ios vers HDMI HDTV de Farsince \u00e0 8 broches, promettant un son de haute qualit\u00e9 et immersif.<\/p>","protected":false},"featured_media":15718,"template":"","meta":{"_acf_changed":false,"_seopress_robots_primary_cat":"","_seopress_titles_title":"Phone to TV Connect Cable Plug and Play - Farsince","_seopress_titles_desc":"","_seopress_robots_index":"","site-sidebar-layout":"default","site-content-layout":"default","ast-site-content-layout":"default","site-content-style":"default","site-sidebar-style":"default","ast-global-header-display":"","ast-banner-title-visibility":"","ast-main-header-display":"","ast-hfb-above-header-display":"","ast-hfb-below-header-display":"","ast-hfb-mobile-header-display":"","site-post-title":"","ast-breadcrumbs-content":"","ast-featured-img":"","footer-sml-layout":"","ast-disable-related-posts":"","theme-transparent-header-meta":"default","adv-header-id-meta":"","stick-header-meta":"","header-above-stick-meta":"","header-main-stick-meta":"","header-below-stick-meta":"","astra-migrate-meta-layouts":"set","ast-page-background-enabled":"default","ast-page-background-meta":{"desktop":{"background-color":"","background-image":"","background-repeat":"repeat","background-position":"center center","background-size":"auto","background-attachment":"scroll","background-type":"","background-media":"","overlay-type":"","overlay-color":"","overlay-opacity":"","overlay-gradient":""},"tablet":{"background-color":"","background-image":"","background-repeat":"repeat","background-position":"center center","background-size":"auto","background-attachment":"scroll","background-type":"","background-media":"","overlay-type":"","overlay-color":"","overlay-opacity":"","overlay-gradient":""},"mobile":{"background-color":"","background-image":"","background-repeat":"repeat","background-position":"center center","background-size":"auto","background-attachment":"scroll","background-type":"","background-media":"","overlay-type":"","overlay-color":"","overlay-opacity":"","overlay-gradient":""}},"ast-content-background-meta":{"desktop":{"background-color":"var(--ast-global-color-5)","background-image":"","background-repeat":"repeat","background-position":"center center","background-size":"auto","background-attachment":"scroll","background-type":"","background-media":"","overlay-type":"","overlay-color":"","overlay-opacity":"","overlay-gradient":""},"tablet":{"background-color":"var(--ast-global-color-5)","background-image":"","background-repeat":"repeat","background-position":"center center","background-size":"auto","background-attachment":"scroll","background-type":"","background-media":"","overlay-type":"","overlay-color":"","overlay-opacity":"","overlay-gradient":""},"mobile":{"background-color":"var(--ast-global-color-5)","background-image":"","background-repeat":"repeat","background-position":"center center","background-size":"auto","background-attachment":"scroll","background-type":"","background-media":"","overlay-type":"","overlay-color":"","overlay-opacity":"","overlay-gradient":""}},"iawp_total_views":5},"product_brand":[],"product_cat":[252],"product_tag":[],"class_list":{"0":"post-15711","1":"product","2":"type-product","3":"status-publish","4":"has-post-thumbnail","6":"product_cat-bulk-cables","7":"desktop-align-left","8":"tablet-align-left","9":"mobile-align-left","11":"first","12":"instock","13":"shipping-taxable","14":"purchasable","15":"product-type-simple"},"acf":[],"_links":{"self":[{"href":"https:\/\/www.fjpremium.com\/fr\/wp-json\/wp\/v2\/product\/15711","targetHints":{"allow":["GET"]}}],"collection":[{"href":"https:\/\/www.fjpremium.com\/fr\/wp-json\/wp\/v2\/product"}],"about":[{"href":"https:\/\/www.fjpremium.com\/fr\/wp-json\/wp\/v2\/types\/product"}],"wp:featuredmedia":[{"embeddable":true,"href":"https:\/\/www.fjpremium.com\/fr\/wp-json\/wp\/v2\/media\/15718"}],"wp:attachment":[{"href":"https:\/\/www.fjpremium.com\/fr\/wp-json\/wp\/v2\/media?parent=15711"}],"wp:term":[{"taxonomy":"product_brand","embeddable":true,"href":"https:\/\/www.fjpremium.com\/fr\/wp-json\/wp\/v2\/product_brand?post=15711"},{"taxonomy":"product_cat","embeddable":true,"href":"https:\/\/www.fjpremium.com\/fr\/wp-json\/wp\/v2\/product_cat?post=15711"},{"taxonomy":"product_tag","embeddable":true,"href":"https:\/\/www.fjpremium.com\/fr\/wp-json\/wp\/v2\/product_tag?post=15711"}],"curies":[{"name":"wp","href":"https:\/\/api.w.org\/{rel}","templated":true}]}}