{"id":15710,"date":"2020-08-11T13:26:33","date_gmt":"2020-08-11T05:26:33","guid":{"rendered":"https:\/\/www.fjpremium.com\/?post_type=product&#038;p=15710"},"modified":"2023-12-14T13:53:44","modified_gmt":"2023-12-14T05:53:44","slug":"farsince-2m-micro-usb-input-to-hdmi-output-converter-cable-android-phone-to-hdtv-hdmi-screen-mirroring-tv-cable","status":"publish","type":"product","link":"https:\/\/www.fjpremium.com\/fr\/product\/farsince-2m-micro-usb-input-to-hdmi-output-converter-cable-android-phone-to-hdtv-hdmi-screen-mirroring-tv-cable\/","title":{"rendered":"C\u00e2ble de conversion Micro USB vers HDMI 2m T\u00e9l\u00e9phone Android vers HDTV C\u00e2ble TV HDMI Screen Mirroring"},"content":{"rendered":"<div>\n<div data-section=\"AliMagic-45gq4l\" data-section-title=\"Product Description\" data-spm-anchor-id=\"a2700.wholesale.pronpeci14.i0.5b1d4d3c2Ntw9a\">\n<p>Parfaitement con\u00e7u pour refl\u00e9ter le contenu de votre appareil Android sur un t\u00e9l\u00e9viseur HD, ce c\u00e2ble est un accessoire indispensable.<\/p>\n<p>Ses connecteurs en or garantissent une transmission optimale du signal, ce qui vous permet de partager des divertissements, de jouer \u00e0 des jeux ou d'effectuer des pr\u00e9sentations en toute simplicit\u00e9.<\/p>\n<p>Sa robuste gaine en PVC et sa combinaison unique de couleurs noire et rouge ajoutent une touche de style \u00e0 la fonctionnalit\u00e9.<\/p>\n<p>Cette solution pr\u00eate \u00e0 l'emploi, assortie d'une garantie de 2 ans, fonctionne parfaitement lorsque votre appareil est connect\u00e9 au r\u00e9seau et que le hotspot personnel est activ\u00e9.<\/p>\n<p>De plus, gr\u00e2ce \u00e0 la prise en charge d'un large \u00e9ventail de formats vid\u00e9o, image et audio, vos possibilit\u00e9s de partage de m\u00e9dias sont d\u00e9sormais illimit\u00e9es.<\/p>\n<p>Alors, contactez-nous d\u00e8s aujourd'hui et investissez dans notre c\u00e2ble de conversion micro USB vers HDMI de 2m.<\/p>\n<\/div>\n<div data-section=\"AliMagic-45gq4l\" data-section-title=\"Product Description\" data-spm-anchor-id=\"a2700.wholesale.pronpeci14.i0.5b1d4d3c2Ntw9a\">\n<div>\n<div>\n<div>\n<div>\n<div>\n<div>\n<div>Exigences du syst\u00e8me :<br \/>\n*pour iPhone 5, pour iphone5s,<br \/>\n*pour iphone 6, pour iphone 6 plus, pour iphone 6s, pour iphone 6s plus,<br \/>\n*pour iphone7, pour iphone 7 plus,<br \/>\n*pour 8 X, XS, XS MAX<br \/>\n*pour ipad4, pour ipad mini, pour ipadAir, pour ipad mini2, pour ipadAir2, pour ipad mini3, pour ipad mini4, pour ipad Pro.<br \/>\npour iPod touch, pour iPod nano<\/div>\n<\/div>\n<\/div>\n<\/div>\n<\/div>\n<\/div>\n<\/div>\n<\/div>\n<\/div>","protected":false},"excerpt":{"rendered":"<p>Plongez dans le monde des m\u00e9dias haute d\u00e9finition gr\u00e2ce \u00e0 notre c\u00e2ble de conversion micro USB vers HDMI de 2 m, con\u00e7u pour un partage de m\u00e9dias de qualit\u00e9 entre les appareils Android et la t\u00e9l\u00e9vision HD.<\/p>","protected":false},"featured_media":15782,"template":"","meta":{"_acf_changed":false,"_seopress_robots_primary_cat":"","_seopress_titles_title":"Micro USB to HDMI Converter Cable - Farsince","_seopress_titles_desc":"","_seopress_robots_index":"","site-sidebar-layout":"default","site-content-layout":"default","ast-site-content-layout":"default","site-content-style":"default","site-sidebar-style":"default","ast-global-header-display":"","ast-banner-title-visibility":"","ast-main-header-display":"","ast-hfb-above-header-display":"","ast-hfb-below-header-display":"","ast-hfb-mobile-header-display":"","site-post-title":"","ast-breadcrumbs-content":"","ast-featured-img":"","footer-sml-layout":"","ast-disable-related-posts":"","theme-transparent-header-meta":"default","adv-header-id-meta":"","stick-header-meta":"","header-above-stick-meta":"","header-main-stick-meta":"","header-below-stick-meta":"","astra-migrate-meta-layouts":"set","ast-page-background-enabled":"default","ast-page-background-meta":{"desktop":{"background-color":"","background-image":"","background-repeat":"repeat","background-position":"center center","background-size":"auto","background-attachment":"scroll","background-type":"","background-media":"","overlay-type":"","overlay-color":"","overlay-opacity":"","overlay-gradient":""},"tablet":{"background-color":"","background-image":"","background-repeat":"repeat","background-position":"center center","background-size":"auto","background-attachment":"scroll","background-type":"","background-media":"","overlay-type":"","overlay-color":"","overlay-opacity":"","overlay-gradient":""},"mobile":{"background-color":"","background-image":"","background-repeat":"repeat","background-position":"center center","background-size":"auto","background-attachment":"scroll","background-type":"","background-media":"","overlay-type":"","overlay-color":"","overlay-opacity":"","overlay-gradient":""}},"ast-content-background-meta":{"desktop":{"background-color":"var(--ast-global-color-5)","background-image":"","background-repeat":"repeat","background-position":"center center","background-size":"auto","background-attachment":"scroll","background-type":"","background-media":"","overlay-type":"","overlay-color":"","overlay-opacity":"","overlay-gradient":""},"tablet":{"background-color":"var(--ast-global-color-5)","background-image":"","background-repeat":"repeat","background-position":"center center","background-size":"auto","background-attachment":"scroll","background-type":"","background-media":"","overlay-type":"","overlay-color":"","overlay-opacity":"","overlay-gradient":""},"mobile":{"background-color":"var(--ast-global-color-5)","background-image":"","background-repeat":"repeat","background-position":"center center","background-size":"auto","background-attachment":"scroll","background-type":"","background-media":"","overlay-type":"","overlay-color":"","overlay-opacity":"","overlay-gradient":""}},"iawp_total_views":7},"product_brand":[],"product_cat":[252],"product_tag":[],"class_list":{"0":"post-15710","1":"product","2":"type-product","3":"status-publish","4":"has-post-thumbnail","6":"product_cat-bulk-cables","7":"desktop-align-left","8":"tablet-align-left","9":"mobile-align-left","11":"first","12":"instock","13":"shipping-taxable","14":"purchasable","15":"product-type-simple"},"acf":[],"_links":{"self":[{"href":"https:\/\/www.fjpremium.com\/fr\/wp-json\/wp\/v2\/product\/15710","targetHints":{"allow":["GET"]}}],"collection":[{"href":"https:\/\/www.fjpremium.com\/fr\/wp-json\/wp\/v2\/product"}],"about":[{"href":"https:\/\/www.fjpremium.com\/fr\/wp-json\/wp\/v2\/types\/product"}],"wp:featuredmedia":[{"embeddable":true,"href":"https:\/\/www.fjpremium.com\/fr\/wp-json\/wp\/v2\/media\/15782"}],"wp:attachment":[{"href":"https:\/\/www.fjpremium.com\/fr\/wp-json\/wp\/v2\/media?parent=15710"}],"wp:term":[{"taxonomy":"product_brand","embeddable":true,"href":"https:\/\/www.fjpremium.com\/fr\/wp-json\/wp\/v2\/product_brand?post=15710"},{"taxonomy":"product_cat","embeddable":true,"href":"https:\/\/www.fjpremium.com\/fr\/wp-json\/wp\/v2\/product_cat?post=15710"},{"taxonomy":"product_tag","embeddable":true,"href":"https:\/\/www.fjpremium.com\/fr\/wp-json\/wp\/v2\/product_tag?post=15710"}],"curies":[{"name":"wp","href":"https:\/\/api.w.org\/{rel}","templated":true}]}}