{"id":15650,"date":"2020-08-06T11:14:26","date_gmt":"2020-08-06T03:14:26","guid":{"rendered":"https:\/\/www.fjpremium.com\/?post_type=product&#038;p=15650"},"modified":"2024-03-12T09:42:42","modified_gmt":"2024-03-12T01:42:42","slug":"farsince-hdmi-classis-4k-male-to-hdmi-female-m3-screw-wall-mount-panel-mount-2-0-extension-cable-flat-mount","status":"publish","type":"product","link":"https:\/\/www.fjpremium.com\/fr\/product\/farsince-hdmi-classis-4k-male-to-hdmi-female-m3-screw-wall-mount-panel-mount-2-0-extension-cable-flat-mount\/","title":{"rendered":"C\u00e2ble d'extension HDMI 4K m\u00e2le vers HDMI femelle pour montage sur panneau Montage plat"},"content":{"rendered":"<div>\n<div data-section=\"AliMagic-k1jo3i\" data-section-title=\"Product Description\" data-spm-anchor-id=\"a2700.wholesale.pronpeci14.i0.32e4193bbVCi0z\">\n<p>Cette solution \u00e9l\u00e9gante, qui combine deux c\u00e2bles HDMI pour une connectivit\u00e9 transparente \u00e0 travers un panneau, vous permet de cr\u00e9er une connectivit\u00e9 d'affichage \u00e0 partir d'un emplacement s\u00e9curis\u00e9.<\/p>\n<p>Malgr\u00e9 sa structure compacte, il est con\u00e7u avec pr\u00e9cision pour minimiser la perte de signal et prend en charge des r\u00e9solutions vid\u00e9o jusqu'\u00e0 un niveau impressionnant de 4K*2K@50\/60 (2160p).<\/p>\n<p>Fabriqu\u00e9 avec des mat\u00e9riaux de qualit\u00e9 sup\u00e9rieure et des techniques de construction avanc\u00e9es, notre c\u00e2ble plat garantit des performances fiables pendant toute sa dur\u00e9e de vie.<\/p>\n<p>Ses conducteurs enti\u00e8rement blind\u00e9s garantissent une immunit\u00e9 totale aux interf\u00e9rences EMI\/RFI, tandis que les connecteurs plaqu\u00e9s or 24K assurent un transfert de signal in\u00e9gal\u00e9.<\/p>\n<p>Certifi\u00e9e conforme aux normes industrielles, elle offre \u00e9galement une bande passante allant jusqu'\u00e0 18 Gbps, prenant en charge la vid\u00e9o 3D, Deep Color et x.v. Color\u2122.<\/p>\n<p>La caract\u00e9ristique femelle \u00e0 montage plat et la conception \u00e0 vis s\u00e9curis\u00e9e offrent des connexions \u00e9tanches et s\u00fbres. De plus, vous pouvez choisir parmi six options de montage diff\u00e9rentes pour r\u00e9pondre \u00e0 une grande vari\u00e9t\u00e9 d'installations.<\/p>\n<p>Dans l'ensemble, faites confiance \u00e0 notre engagement en mati\u00e8re de qualit\u00e9, \u00e9tay\u00e9 par une garantie de 2 ans, et commandez le c\u00e2ble d'extension pour montage sur panneau.<\/p>\n<\/div>\n<\/div>","protected":false},"excerpt":{"rendered":"<p>Plongez dans un monde de visuels \u00e9poustouflants avec le c\u00e2ble d'extension HDMI 4K m\u00e2le vers HDMI femelle pour montage sur panneau de FARSINCE, con\u00e7u pour une perte de signal minimale.<\/p>","protected":false},"featured_media":15661,"template":"","meta":{"_acf_changed":false,"_seopress_robots_primary_cat":"","_seopress_titles_title":"Panel Mount Extension Cable Flat Mount - Farsince","_seopress_titles_desc":"","_seopress_robots_index":"","site-sidebar-layout":"default","site-content-layout":"default","ast-site-content-layout":"default","site-content-style":"default","site-sidebar-style":"default","ast-global-header-display":"","ast-banner-title-visibility":"","ast-main-header-display":"","ast-hfb-above-header-display":"","ast-hfb-below-header-display":"","ast-hfb-mobile-header-display":"","site-post-title":"","ast-breadcrumbs-content":"","ast-featured-img":"","footer-sml-layout":"","ast-disable-related-posts":"","theme-transparent-header-meta":"default","adv-header-id-meta":"","stick-header-meta":"","header-above-stick-meta":"","header-main-stick-meta":"","header-below-stick-meta":"","astra-migrate-meta-layouts":"set","ast-page-background-enabled":"default","ast-page-background-meta":{"desktop":{"background-color":"","background-image":"","background-repeat":"repeat","background-position":"center center","background-size":"auto","background-attachment":"scroll","background-type":"","background-media":"","overlay-type":"","overlay-color":"","overlay-opacity":"","overlay-gradient":""},"tablet":{"background-color":"","background-image":"","background-repeat":"repeat","background-position":"center center","background-size":"auto","background-attachment":"scroll","background-type":"","background-media":"","overlay-type":"","overlay-color":"","overlay-opacity":"","overlay-gradient":""},"mobile":{"background-color":"","background-image":"","background-repeat":"repeat","background-position":"center center","background-size":"auto","background-attachment":"scroll","background-type":"","background-media":"","overlay-type":"","overlay-color":"","overlay-opacity":"","overlay-gradient":""}},"ast-content-background-meta":{"desktop":{"background-color":"var(--ast-global-color-5)","background-image":"","background-repeat":"repeat","background-position":"center center","background-size":"auto","background-attachment":"scroll","background-type":"","background-media":"","overlay-type":"","overlay-color":"","overlay-opacity":"","overlay-gradient":""},"tablet":{"background-color":"var(--ast-global-color-5)","background-image":"","background-repeat":"repeat","background-position":"center center","background-size":"auto","background-attachment":"scroll","background-type":"","background-media":"","overlay-type":"","overlay-color":"","overlay-opacity":"","overlay-gradient":""},"mobile":{"background-color":"var(--ast-global-color-5)","background-image":"","background-repeat":"repeat","background-position":"center center","background-size":"auto","background-attachment":"scroll","background-type":"","background-media":"","overlay-type":"","overlay-color":"","overlay-opacity":"","overlay-gradient":""}},"iawp_total_views":8},"product_brand":[],"product_cat":[238,678],"product_tag":[],"class_list":{"0":"post-15650","1":"product","2":"type-product","3":"status-publish","4":"has-post-thumbnail","6":"product_cat-panel-mount","7":"product_cat-panel-mount-cables","8":"desktop-align-left","9":"tablet-align-left","10":"mobile-align-left","12":"first","13":"instock","14":"shipping-taxable","15":"purchasable","16":"product-type-simple"},"acf":[],"_links":{"self":[{"href":"https:\/\/www.fjpremium.com\/fr\/wp-json\/wp\/v2\/product\/15650","targetHints":{"allow":["GET"]}}],"collection":[{"href":"https:\/\/www.fjpremium.com\/fr\/wp-json\/wp\/v2\/product"}],"about":[{"href":"https:\/\/www.fjpremium.com\/fr\/wp-json\/wp\/v2\/types\/product"}],"wp:featuredmedia":[{"embeddable":true,"href":"https:\/\/www.fjpremium.com\/fr\/wp-json\/wp\/v2\/media\/15661"}],"wp:attachment":[{"href":"https:\/\/www.fjpremium.com\/fr\/wp-json\/wp\/v2\/media?parent=15650"}],"wp:term":[{"taxonomy":"product_brand","embeddable":true,"href":"https:\/\/www.fjpremium.com\/fr\/wp-json\/wp\/v2\/product_brand?post=15650"},{"taxonomy":"product_cat","embeddable":true,"href":"https:\/\/www.fjpremium.com\/fr\/wp-json\/wp\/v2\/product_cat?post=15650"},{"taxonomy":"product_tag","embeddable":true,"href":"https:\/\/www.fjpremium.com\/fr\/wp-json\/wp\/v2\/product_tag?post=15650"}],"curies":[{"name":"wp","href":"https:\/\/api.w.org\/{rel}","templated":true}]}}