{"id":15649,"date":"2020-08-06T11:14:25","date_gmt":"2020-08-06T03:14:25","guid":{"rendered":"https:\/\/www.fjpremium.com\/?post_type=product&#038;p=15649"},"modified":"2024-03-12T10:12:42","modified_gmt":"2024-03-12T02:12:42","slug":"farsince-45-degree-angle-hdmi-4k-male-to-hdmi-female-m3-screw-wall-mount-panel-mount-2-0-extension-cable","status":"publish","type":"product","link":"https:\/\/www.fjpremium.com\/fr\/product\/farsince-45-degree-angle-hdmi-4k-male-to-hdmi-female-m3-screw-wall-mount-panel-mount-2-0-extension-cable\/","title":{"rendered":"Meilleur c\u00e2ble d'extension HDMI Angle 45 degr\u00e9s HDMI 4K m\u00e2le vers HDMI femelle"},"content":{"rendered":"<div>\n<div data-section=\"AliMagic-8izw9w\" data-section-title=\"Product Description\" data-spm-anchor-id=\"a2700.wholesale.pronpeci14.i0.7a0d398aeqVyDp\">\n<p>Notre solution, la meilleure de sa cat\u00e9gorie, combine sans effort deux c\u00e2bles HDMI, offrant ainsi une connectivit\u00e9 d'affichage s\u00e9curis\u00e9e et de haute qualit\u00e9.<\/p>\n<p>Malgr\u00e9 sa longueur compacte, il est con\u00e7u pour minimiser la perte de signal et prend en charge les r\u00e9solutions vid\u00e9o jusqu'\u00e0 4K*2K@50\/60 (2160p).<\/p>\n<p>Fabriqu\u00e9 avec des mat\u00e9riaux de qualit\u00e9 sup\u00e9rieure, ce c\u00e2ble garantit des performances fiables pendant toute sa dur\u00e9e de vie. Les conducteurs enti\u00e8rement blind\u00e9s \u00e9liminent les interf\u00e9rences EMI\/RFI, tandis que les connecteurs plaqu\u00e9s or 24 carats garantissent un transfert de signal du plus haut niveau.<\/p>\n<p>Et test\u00e9 pour r\u00e9pondre aux normes de l'industrie, il affiche une vitesse de transfert de donn\u00e9es allant jusqu'\u00e0 18 Gbps et prend en charge la vid\u00e9o 3D, Deep Color et x.v. Color\u2122.<\/p>\n<p>De plus, l'angle de 45 degr\u00e9s associ\u00e9 au m\u00e9canisme de vis permet des connexions s\u00fbres et une flexibilit\u00e9 d'installation avec six types de montage femelle diff\u00e9rents.<\/p>\n<p>Faites-nous donc confiance pour des solutions de connectivit\u00e9 sup\u00e9rieures assorties d'une garantie de 2 ans, et investissez dans notre meilleur c\u00e2ble d'extension HDMI.<\/p>\n<\/div>\n<\/div>","protected":false},"excerpt":{"rendered":"<p>R\u00e9volutionnez la connectivit\u00e9 de l'\u00e9cran avec le meilleur c\u00e2ble d'extension HDMI de FARSINCE pour une perte de signal minimale et une r\u00e9solution ultra-HD 4K.<\/p>","protected":false},"featured_media":15654,"template":"","meta":{"_acf_changed":false,"_seopress_robots_primary_cat":"","_seopress_titles_title":"Best HDMI Extension Cable 45 Degree Angle - Farsince","_seopress_titles_desc":"","_seopress_robots_index":"","site-sidebar-layout":"default","site-content-layout":"default","ast-site-content-layout":"default","site-content-style":"default","site-sidebar-style":"default","ast-global-header-display":"","ast-banner-title-visibility":"","ast-main-header-display":"","ast-hfb-above-header-display":"","ast-hfb-below-header-display":"","ast-hfb-mobile-header-display":"","site-post-title":"","ast-breadcrumbs-content":"","ast-featured-img":"","footer-sml-layout":"","ast-disable-related-posts":"","theme-transparent-header-meta":"default","adv-header-id-meta":"","stick-header-meta":"","header-above-stick-meta":"","header-main-stick-meta":"","header-below-stick-meta":"","astra-migrate-meta-layouts":"set","ast-page-background-enabled":"default","ast-page-background-meta":{"desktop":{"background-color":"","background-image":"","background-repeat":"repeat","background-position":"center center","background-size":"auto","background-attachment":"scroll","background-type":"","background-media":"","overlay-type":"","overlay-color":"","overlay-opacity":"","overlay-gradient":""},"tablet":{"background-color":"","background-image":"","background-repeat":"repeat","background-position":"center center","background-size":"auto","background-attachment":"scroll","background-type":"","background-media":"","overlay-type":"","overlay-color":"","overlay-opacity":"","overlay-gradient":""},"mobile":{"background-color":"","background-image":"","background-repeat":"repeat","background-position":"center center","background-size":"auto","background-attachment":"scroll","background-type":"","background-media":"","overlay-type":"","overlay-color":"","overlay-opacity":"","overlay-gradient":""}},"ast-content-background-meta":{"desktop":{"background-color":"var(--ast-global-color-5)","background-image":"","background-repeat":"repeat","background-position":"center center","background-size":"auto","background-attachment":"scroll","background-type":"","background-media":"","overlay-type":"","overlay-color":"","overlay-opacity":"","overlay-gradient":""},"tablet":{"background-color":"var(--ast-global-color-5)","background-image":"","background-repeat":"repeat","background-position":"center center","background-size":"auto","background-attachment":"scroll","background-type":"","background-media":"","overlay-type":"","overlay-color":"","overlay-opacity":"","overlay-gradient":""},"mobile":{"background-color":"var(--ast-global-color-5)","background-image":"","background-repeat":"repeat","background-position":"center center","background-size":"auto","background-attachment":"scroll","background-type":"","background-media":"","overlay-type":"","overlay-color":"","overlay-opacity":"","overlay-gradient":""}},"iawp_total_views":10},"product_brand":[],"product_cat":[238,678],"product_tag":[],"class_list":{"0":"post-15649","1":"product","2":"type-product","3":"status-publish","4":"has-post-thumbnail","6":"product_cat-panel-mount","7":"product_cat-panel-mount-cables","8":"desktop-align-left","9":"tablet-align-left","10":"mobile-align-left","12":"first","13":"instock","14":"shipping-taxable","15":"purchasable","16":"product-type-simple"},"acf":[],"_links":{"self":[{"href":"https:\/\/www.fjpremium.com\/fr\/wp-json\/wp\/v2\/product\/15649","targetHints":{"allow":["GET"]}}],"collection":[{"href":"https:\/\/www.fjpremium.com\/fr\/wp-json\/wp\/v2\/product"}],"about":[{"href":"https:\/\/www.fjpremium.com\/fr\/wp-json\/wp\/v2\/types\/product"}],"wp:featuredmedia":[{"embeddable":true,"href":"https:\/\/www.fjpremium.com\/fr\/wp-json\/wp\/v2\/media\/15654"}],"wp:attachment":[{"href":"https:\/\/www.fjpremium.com\/fr\/wp-json\/wp\/v2\/media?parent=15649"}],"wp:term":[{"taxonomy":"product_brand","embeddable":true,"href":"https:\/\/www.fjpremium.com\/fr\/wp-json\/wp\/v2\/product_brand?post=15649"},{"taxonomy":"product_cat","embeddable":true,"href":"https:\/\/www.fjpremium.com\/fr\/wp-json\/wp\/v2\/product_cat?post=15649"},{"taxonomy":"product_tag","embeddable":true,"href":"https:\/\/www.fjpremium.com\/fr\/wp-json\/wp\/v2\/product_tag?post=15649"}],"curies":[{"name":"wp","href":"https:\/\/api.w.org\/{rel}","templated":true}]}}