{"id":15642,"date":"2020-08-06T11:11:02","date_gmt":"2020-08-06T03:11:02","guid":{"rendered":"https:\/\/www.fjpremium.com\/?post_type=product&#038;p=15642"},"modified":"2024-03-12T10:28:11","modified_gmt":"2024-03-12T02:28:11","slug":"farsince-flat-hdmi-4k-male-to-hdmi-female-m3-screw-wall-mount-panel-mount-2-0-extension-cable","status":"publish","type":"product","link":"https:\/\/www.fjpremium.com\/fr\/product\/farsince-flat-hdmi-4k-male-to-hdmi-female-m3-screw-wall-mount-panel-mount-2-0-extension-cable\/","title":{"rendered":"C\u00e2ble d'extension plat HDMI 4K m\u00e2le vers HDMI femelle pour montage sur panneau 2.0"},"content":{"rendered":"<div>\n<div data-section=\"AliMagic-tf0vbb\" data-section-title=\"Product Description\" data-spm-anchor-id=\"a2700.wholesale.pronpeci14.i0.52e7de6f9Ta9rW\">\n<p>Cette solution de qualit\u00e9 sup\u00e9rieure combine deux c\u00e2bles HDMI pour \u00e9tablir une connectivit\u00e9 de premier ordre \u00e0 travers un panneau, ce qui est id\u00e9al pour les \u00e9crans provenant d'endroits s\u00e9curis\u00e9s.<\/p>\n<p>Malgr\u00e9 sa longueur r\u00e9duite, il est con\u00e7u pour minimiser la perte de signal et prend en charge les r\u00e9solutions vid\u00e9o jusqu'\u00e0 4K*2K@50\/60 (2160p).<\/p>\n<p>Fabriqu\u00e9 avec des mat\u00e9riaux de premi\u00e8re qualit\u00e9, notre c\u00e2ble promet une performance in\u00e9branlable pendant toute sa dur\u00e9e de vie.<\/p>\n<p>Les conducteurs enti\u00e8rement blind\u00e9s offrent une immunit\u00e9 aux interf\u00e9rences EMI\/RFI, tandis que les connecteurs plaqu\u00e9s or 24K facilitent le transfert de signaux in\u00e9gal\u00e9s.<\/p>\n<p>En outre, avec une bande passante atteignant 18 Gbps, il prend en charge la vid\u00e9o 3D, Deep Color et x.v. Color\u2122. Enfin, le design plat unique et le m\u00e9canisme de vis M3 offrent des options de montage s\u00fbres et vari\u00e9es.<\/p>\n<p>Faites donc confiance \u00e0 ce c\u00e2ble d'extension plat, assorti d'une garantie de 2 ans.<\/p>\n<\/div>\n<\/div>","protected":false},"excerpt":{"rendered":"<p>Am\u00e9liorez la connectivit\u00e9 avec le c\u00e2ble d'extension plat HDMI 4K m\u00e2le vers HDMI femelle pour montage sur panneau 2.0 de FARSINCE, qui offre une perte de signal minimale, une r\u00e9solution 4K exceptionnelle et un montage s\u00e9curis\u00e9.<\/p>","protected":false},"featured_media":15643,"template":"","meta":{"_acf_changed":false,"_seopress_robots_primary_cat":"","_seopress_titles_title":"Best Panel Mount 2.0 Flat Extension Cable - Farsince","_seopress_titles_desc":"Elevate the connectivity with our HDMI 4K male to HDMI female panel mount 2.0 flat extension cable for minimal signal loss and stellar 4K resolution.","_seopress_robots_index":"","site-sidebar-layout":"default","site-content-layout":"default","ast-site-content-layout":"default","site-content-style":"default","site-sidebar-style":"default","ast-global-header-display":"","ast-banner-title-visibility":"","ast-main-header-display":"","ast-hfb-above-header-display":"","ast-hfb-below-header-display":"","ast-hfb-mobile-header-display":"","site-post-title":"","ast-breadcrumbs-content":"","ast-featured-img":"","footer-sml-layout":"","ast-disable-related-posts":"","theme-transparent-header-meta":"default","adv-header-id-meta":"","stick-header-meta":"","header-above-stick-meta":"","header-main-stick-meta":"","header-below-stick-meta":"","astra-migrate-meta-layouts":"set","ast-page-background-enabled":"default","ast-page-background-meta":{"desktop":{"background-color":"","background-image":"","background-repeat":"repeat","background-position":"center center","background-size":"auto","background-attachment":"scroll","background-type":"","background-media":"","overlay-type":"","overlay-color":"","overlay-opacity":"","overlay-gradient":""},"tablet":{"background-color":"","background-image":"","background-repeat":"repeat","background-position":"center center","background-size":"auto","background-attachment":"scroll","background-type":"","background-media":"","overlay-type":"","overlay-color":"","overlay-opacity":"","overlay-gradient":""},"mobile":{"background-color":"","background-image":"","background-repeat":"repeat","background-position":"center center","background-size":"auto","background-attachment":"scroll","background-type":"","background-media":"","overlay-type":"","overlay-color":"","overlay-opacity":"","overlay-gradient":""}},"ast-content-background-meta":{"desktop":{"background-color":"var(--ast-global-color-5)","background-image":"","background-repeat":"repeat","background-position":"center center","background-size":"auto","background-attachment":"scroll","background-type":"","background-media":"","overlay-type":"","overlay-color":"","overlay-opacity":"","overlay-gradient":""},"tablet":{"background-color":"var(--ast-global-color-5)","background-image":"","background-repeat":"repeat","background-position":"center center","background-size":"auto","background-attachment":"scroll","background-type":"","background-media":"","overlay-type":"","overlay-color":"","overlay-opacity":"","overlay-gradient":""},"mobile":{"background-color":"var(--ast-global-color-5)","background-image":"","background-repeat":"repeat","background-position":"center center","background-size":"auto","background-attachment":"scroll","background-type":"","background-media":"","overlay-type":"","overlay-color":"","overlay-opacity":"","overlay-gradient":""}},"iawp_total_views":7},"product_brand":[],"product_cat":[238,678],"product_tag":[],"class_list":{"0":"post-15642","1":"product","2":"type-product","3":"status-publish","4":"has-post-thumbnail","6":"product_cat-panel-mount","7":"product_cat-panel-mount-cables","8":"desktop-align-left","9":"tablet-align-left","10":"mobile-align-left","12":"first","13":"instock","14":"shipping-taxable","15":"purchasable","16":"product-type-simple"},"acf":[],"_links":{"self":[{"href":"https:\/\/www.fjpremium.com\/fr\/wp-json\/wp\/v2\/product\/15642","targetHints":{"allow":["GET"]}}],"collection":[{"href":"https:\/\/www.fjpremium.com\/fr\/wp-json\/wp\/v2\/product"}],"about":[{"href":"https:\/\/www.fjpremium.com\/fr\/wp-json\/wp\/v2\/types\/product"}],"wp:featuredmedia":[{"embeddable":true,"href":"https:\/\/www.fjpremium.com\/fr\/wp-json\/wp\/v2\/media\/15643"}],"wp:attachment":[{"href":"https:\/\/www.fjpremium.com\/fr\/wp-json\/wp\/v2\/media?parent=15642"}],"wp:term":[{"taxonomy":"product_brand","embeddable":true,"href":"https:\/\/www.fjpremium.com\/fr\/wp-json\/wp\/v2\/product_brand?post=15642"},{"taxonomy":"product_cat","embeddable":true,"href":"https:\/\/www.fjpremium.com\/fr\/wp-json\/wp\/v2\/product_cat?post=15642"},{"taxonomy":"product_tag","embeddable":true,"href":"https:\/\/www.fjpremium.com\/fr\/wp-json\/wp\/v2\/product_tag?post=15642"}],"curies":[{"name":"wp","href":"https:\/\/api.w.org\/{rel}","templated":true}]}}