{"id":15608,"date":"2020-08-06T10:29:15","date_gmt":"2020-08-06T02:29:15","guid":{"rendered":"https:\/\/www.fjpremium.com\/?post_type=product&#038;p=15608"},"modified":"2024-03-11T17:31:40","modified_gmt":"2024-03-11T09:31:40","slug":"farsince-flat-hdmi-4k-female-to-hdmi-female-m3-screw-wall-mount-panel-mount-2-0-cable","status":"publish","type":"product","link":"https:\/\/www.fjpremium.com\/fr\/product\/farsince-flat-hdmi-4k-female-to-hdmi-female-m3-screw-wall-mount-panel-mount-2-0-cable\/","title":{"rendered":"C\u00e2ble HDMI plat 4K Femelle vers femelle C\u00e2ble 2.0 pour montage sur panneau"},"content":{"rendered":"<div>\n<div data-section=\"AliMagic-x5qxsk\" data-section-title=\"Product Description\" data-spm-anchor-id=\"a2700.wholesale.pronpeci14.i0.8c0141fb4iFaLo\">\n<p>Notre c\u00e2ble combine deux c\u00e2bles HDMI pour permettre une liaison d'affichage de haute qualit\u00e9 \u00e0 partir de n'importe quelle source log\u00e9e en toute s\u00e9curit\u00e9.<\/p>\n<p>Son format compact est con\u00e7u pour garantir une d\u00e9gradation n\u00e9gligeable du signal tout en prenant en charge des r\u00e9solutions vid\u00e9o exceptionnelles jusqu'\u00e0 4K*2K@50\/60 (2160p).<\/p>\n<p>Ce c\u00e2ble HDMI 4K femelle-femelle haute performance est fabriqu\u00e9 \u00e0 partir de mat\u00e9riaux de qualit\u00e9 sup\u00e9rieure, promettant une dur\u00e9e de vie durable et une livraison constante.<\/p>\n<p>Il est dot\u00e9 de conducteurs enti\u00e8rement blind\u00e9s qui \u00e9liminent les interf\u00e9rences EMI\/RFI et de connecteurs plaqu\u00e9s or pour une meilleure transmission du signal.<\/p>\n<p>De plus, avec une bande passante robuste allant jusqu'\u00e0 18 Gbps, il donne vie \u00e0 la vid\u00e9o 3D, au Deep Color et au x.v. Color\u2122. Enfin, son design plat innovant, associ\u00e9 \u00e0 un m\u00e9canisme de vis M3, offre de multiples options d'installation.<\/p>\n<p>Par cons\u00e9quent, investissez dans nos performances \u00e9prouv\u00e9es, soutenues par une garantie de 2 ans.<\/p>\n<\/div>\n<\/div>","protected":false},"excerpt":{"rendered":"<p>Profitez d'une connectivit\u00e9 4K in\u00e9gal\u00e9e avec le c\u00e2ble plat HDMI 4K femelle-femelle de FARSINCE, qui offre une perte de signal minimale, une bande passante robuste et de multiples options de montage.<\/p>","protected":false},"featured_media":15629,"template":"","meta":{"_acf_changed":false,"_seopress_robots_primary_cat":"","_seopress_titles_title":"Best Flat 4K HDMI Cable Female to Female - Farsince","_seopress_titles_desc":"Experience unrivaled connectivity with the flat 4K HDMI cable female to female, providing minimal signal loss, robust bandwidth, and multiple mounting options.","_seopress_robots_index":"","site-sidebar-layout":"default","site-content-layout":"default","ast-site-content-layout":"default","site-content-style":"default","site-sidebar-style":"default","ast-global-header-display":"","ast-banner-title-visibility":"","ast-main-header-display":"","ast-hfb-above-header-display":"","ast-hfb-below-header-display":"","ast-hfb-mobile-header-display":"","site-post-title":"","ast-breadcrumbs-content":"","ast-featured-img":"","footer-sml-layout":"","ast-disable-related-posts":"","theme-transparent-header-meta":"default","adv-header-id-meta":"","stick-header-meta":"","header-above-stick-meta":"","header-main-stick-meta":"","header-below-stick-meta":"","astra-migrate-meta-layouts":"set","ast-page-background-enabled":"default","ast-page-background-meta":{"desktop":{"background-color":"","background-image":"","background-repeat":"repeat","background-position":"center center","background-size":"auto","background-attachment":"scroll","background-type":"","background-media":"","overlay-type":"","overlay-color":"","overlay-opacity":"","overlay-gradient":""},"tablet":{"background-color":"","background-image":"","background-repeat":"repeat","background-position":"center center","background-size":"auto","background-attachment":"scroll","background-type":"","background-media":"","overlay-type":"","overlay-color":"","overlay-opacity":"","overlay-gradient":""},"mobile":{"background-color":"","background-image":"","background-repeat":"repeat","background-position":"center center","background-size":"auto","background-attachment":"scroll","background-type":"","background-media":"","overlay-type":"","overlay-color":"","overlay-opacity":"","overlay-gradient":""}},"ast-content-background-meta":{"desktop":{"background-color":"var(--ast-global-color-5)","background-image":"","background-repeat":"repeat","background-position":"center center","background-size":"auto","background-attachment":"scroll","background-type":"","background-media":"","overlay-type":"","overlay-color":"","overlay-opacity":"","overlay-gradient":""},"tablet":{"background-color":"var(--ast-global-color-5)","background-image":"","background-repeat":"repeat","background-position":"center center","background-size":"auto","background-attachment":"scroll","background-type":"","background-media":"","overlay-type":"","overlay-color":"","overlay-opacity":"","overlay-gradient":""},"mobile":{"background-color":"var(--ast-global-color-5)","background-image":"","background-repeat":"repeat","background-position":"center center","background-size":"auto","background-attachment":"scroll","background-type":"","background-media":"","overlay-type":"","overlay-color":"","overlay-opacity":"","overlay-gradient":""}},"iawp_total_views":4},"product_brand":[],"product_cat":[238,678],"product_tag":[],"class_list":{"0":"post-15608","1":"product","2":"type-product","3":"status-publish","4":"has-post-thumbnail","6":"product_cat-panel-mount","7":"product_cat-panel-mount-cables","8":"desktop-align-left","9":"tablet-align-left","10":"mobile-align-left","12":"first","13":"instock","14":"shipping-taxable","15":"purchasable","16":"product-type-simple"},"acf":[],"_links":{"self":[{"href":"https:\/\/www.fjpremium.com\/fr\/wp-json\/wp\/v2\/product\/15608","targetHints":{"allow":["GET"]}}],"collection":[{"href":"https:\/\/www.fjpremium.com\/fr\/wp-json\/wp\/v2\/product"}],"about":[{"href":"https:\/\/www.fjpremium.com\/fr\/wp-json\/wp\/v2\/types\/product"}],"wp:featuredmedia":[{"embeddable":true,"href":"https:\/\/www.fjpremium.com\/fr\/wp-json\/wp\/v2\/media\/15629"}],"wp:attachment":[{"href":"https:\/\/www.fjpremium.com\/fr\/wp-json\/wp\/v2\/media?parent=15608"}],"wp:term":[{"taxonomy":"product_brand","embeddable":true,"href":"https:\/\/www.fjpremium.com\/fr\/wp-json\/wp\/v2\/product_brand?post=15608"},{"taxonomy":"product_cat","embeddable":true,"href":"https:\/\/www.fjpremium.com\/fr\/wp-json\/wp\/v2\/product_cat?post=15608"},{"taxonomy":"product_tag","embeddable":true,"href":"https:\/\/www.fjpremium.com\/fr\/wp-json\/wp\/v2\/product_tag?post=15608"}],"curies":[{"name":"wp","href":"https:\/\/api.w.org\/{rel}","templated":true}]}}