{"id":15607,"date":"2020-08-06T10:29:14","date_gmt":"2020-08-06T02:29:14","guid":{"rendered":"https:\/\/www.fjpremium.com\/?post_type=product&#038;p=15607"},"modified":"2024-03-11T17:15:55","modified_gmt":"2024-03-11T09:15:55","slug":"farsince-45-degree-angle-hdmi-4k-female-to-hdmi-female-m3-screw-wall-mount-panel-mount-2-0-cable","status":"publish","type":"product","link":"https:\/\/www.fjpremium.com\/fr\/product\/farsince-45-degree-angle-hdmi-4k-female-to-hdmi-female-m3-screw-wall-mount-panel-mount-2-0-cable\/","title":{"rendered":"C\u00e2ble de montage sur panneau HDMI 4K femelle vers HDMI femelle avec angle de 45 degr\u00e9s"},"content":{"rendered":"<div>\n<div data-section=\"AliMagic-bcw1ko\" data-section-title=\"Product Description\" data-spm-anchor-id=\"a2700.wholesale.pronpeci14.i0.214a439biNrM2Y\">\n<p>M\u00e9ticuleusement con\u00e7u, ce c\u00e2ble fusionne deux c\u00e2bles HDMI pour une connectivit\u00e9 de panneau de premier ordre. La conception angulaire innovante vous permet de cr\u00e9er une interface d'affichage transparente et de haute qualit\u00e9 \u00e0 partir de n'importe quelle source s\u00e9curis\u00e9e.<\/p>\n<p>De plus, compact et robuste, il garantit une perte de signal minimale tout en prenant en charge la r\u00e9solution vid\u00e9o jusqu'\u00e0 4K*2K@50\/60 (2160p).<\/p>\n<p>Des mat\u00e9riaux de qualit\u00e9 sup\u00e9rieure et une construction experte contribuent \u00e0 sa performance durable.<\/p>\n<p>Le c\u00e2ble est dot\u00e9 d'un blindage complet pour une immunit\u00e9 totale aux interf\u00e9rences EMI\/RFI, et les connecteurs plaqu\u00e9s or 24K renforcent le transfert de signaux de qualit\u00e9 sup\u00e9rieure.<\/p>\n<p>En outre, il est conforme aux normes industrielles et b\u00e9n\u00e9ficie de la garantie de deux ans de FARSINCE.<\/p>\n<p>Par cons\u00e9quent, optez pour notre c\u00e2ble de montage sur panneau \u00e0 angle de 45 degr\u00e9s pour une qualit\u00e9 exceptionnelle et des options d'installation innovantes.<\/p>\n<\/div>\n<\/div>","protected":false},"excerpt":{"rendered":"<p>Plongez dans une connectivit\u00e9 4K sup\u00e9rieure avec le c\u00e2ble HDMI 4K femelle vers femelle \u00e0 angle de 45 degr\u00e9s pour montage sur panneau de FARSINCE, garantissant une perte de signal minimale, une bande passante \u00e9lev\u00e9e et de multiples options de montage.<\/p>","protected":false},"featured_media":15622,"template":"","meta":{"_acf_changed":false,"_seopress_robots_primary_cat":"","_seopress_titles_title":"HDMI 4K Female to HDMI Female Panel Mount Cable - Farsince","_seopress_titles_desc":"Dive into superior 4K connectivity with FARSINCE&#039;s panel mount cable, ensuring minimal signal loss, high bandwidth, and multiple mounting options. ","_seopress_robots_index":"","site-sidebar-layout":"default","site-content-layout":"default","ast-site-content-layout":"default","site-content-style":"default","site-sidebar-style":"default","ast-global-header-display":"","ast-banner-title-visibility":"","ast-main-header-display":"","ast-hfb-above-header-display":"","ast-hfb-below-header-display":"","ast-hfb-mobile-header-display":"","site-post-title":"","ast-breadcrumbs-content":"","ast-featured-img":"","footer-sml-layout":"","ast-disable-related-posts":"","theme-transparent-header-meta":"default","adv-header-id-meta":"","stick-header-meta":"","header-above-stick-meta":"","header-main-stick-meta":"","header-below-stick-meta":"","astra-migrate-meta-layouts":"set","ast-page-background-enabled":"default","ast-page-background-meta":{"desktop":{"background-color":"","background-image":"","background-repeat":"repeat","background-position":"center center","background-size":"auto","background-attachment":"scroll","background-type":"","background-media":"","overlay-type":"","overlay-color":"","overlay-opacity":"","overlay-gradient":""},"tablet":{"background-color":"","background-image":"","background-repeat":"repeat","background-position":"center center","background-size":"auto","background-attachment":"scroll","background-type":"","background-media":"","overlay-type":"","overlay-color":"","overlay-opacity":"","overlay-gradient":""},"mobile":{"background-color":"","background-image":"","background-repeat":"repeat","background-position":"center center","background-size":"auto","background-attachment":"scroll","background-type":"","background-media":"","overlay-type":"","overlay-color":"","overlay-opacity":"","overlay-gradient":""}},"ast-content-background-meta":{"desktop":{"background-color":"var(--ast-global-color-5)","background-image":"","background-repeat":"repeat","background-position":"center center","background-size":"auto","background-attachment":"scroll","background-type":"","background-media":"","overlay-type":"","overlay-color":"","overlay-opacity":"","overlay-gradient":""},"tablet":{"background-color":"var(--ast-global-color-5)","background-image":"","background-repeat":"repeat","background-position":"center center","background-size":"auto","background-attachment":"scroll","background-type":"","background-media":"","overlay-type":"","overlay-color":"","overlay-opacity":"","overlay-gradient":""},"mobile":{"background-color":"var(--ast-global-color-5)","background-image":"","background-repeat":"repeat","background-position":"center center","background-size":"auto","background-attachment":"scroll","background-type":"","background-media":"","overlay-type":"","overlay-color":"","overlay-opacity":"","overlay-gradient":""}},"iawp_total_views":5},"product_brand":[],"product_cat":[238,678],"product_tag":[],"class_list":{"0":"post-15607","1":"product","2":"type-product","3":"status-publish","4":"has-post-thumbnail","6":"product_cat-panel-mount","7":"product_cat-panel-mount-cables","8":"desktop-align-left","9":"tablet-align-left","10":"mobile-align-left","12":"first","13":"instock","14":"shipping-taxable","15":"purchasable","16":"product-type-simple"},"acf":[],"_links":{"self":[{"href":"https:\/\/www.fjpremium.com\/fr\/wp-json\/wp\/v2\/product\/15607","targetHints":{"allow":["GET"]}}],"collection":[{"href":"https:\/\/www.fjpremium.com\/fr\/wp-json\/wp\/v2\/product"}],"about":[{"href":"https:\/\/www.fjpremium.com\/fr\/wp-json\/wp\/v2\/types\/product"}],"wp:featuredmedia":[{"embeddable":true,"href":"https:\/\/www.fjpremium.com\/fr\/wp-json\/wp\/v2\/media\/15622"}],"wp:attachment":[{"href":"https:\/\/www.fjpremium.com\/fr\/wp-json\/wp\/v2\/media?parent=15607"}],"wp:term":[{"taxonomy":"product_brand","embeddable":true,"href":"https:\/\/www.fjpremium.com\/fr\/wp-json\/wp\/v2\/product_brand?post=15607"},{"taxonomy":"product_cat","embeddable":true,"href":"https:\/\/www.fjpremium.com\/fr\/wp-json\/wp\/v2\/product_cat?post=15607"},{"taxonomy":"product_tag","embeddable":true,"href":"https:\/\/www.fjpremium.com\/fr\/wp-json\/wp\/v2\/product_tag?post=15607"}],"curies":[{"name":"wp","href":"https:\/\/api.w.org\/{rel}","templated":true}]}}