{"id":15588,"date":"2020-08-06T10:21:01","date_gmt":"2020-08-06T02:21:01","guid":{"rendered":"https:\/\/www.fjpremium.com\/?post_type=product&#038;p=15588"},"modified":"2024-03-11T16:11:15","modified_gmt":"2024-03-11T08:11:15","slug":"farsince-hdmi-4k-female-to-hdmi-female-m3-screw-panel-mount-wall-mount-2-0-cable-female-snap-in","status":"publish","type":"product","link":"https:\/\/www.fjpremium.com\/fr\/product\/farsince-hdmi-4k-female-to-hdmi-female-m3-screw-panel-mount-wall-mount-2-0-cable-female-snap-in\/","title":{"rendered":"C\u00e2ble HDMI femelle vers HDMI femelle Snap In femelle"},"content":{"rendered":"<div>\n<div data-section=\"AliMagic-02dgdz\" data-section-title=\"Product Description\" data-spm-anchor-id=\"a2700.wholesale.pronpeci14.i0.7d1c5a66vycRur\">\n<p>Ce c\u00e2ble vous permet d'initier la connectivit\u00e9 de l'\u00e9cran \u00e0 partir d'un endroit s\u00e9curis\u00e9 et ferm\u00e9.<\/p>\n<p>Sa bri\u00e8vet\u00e9 et sa conception sont intentionnelles et visent \u00e0 r\u00e9duire au minimum la perte de signal tout en prenant en charge des r\u00e9solutions vid\u00e9o aussi \u00e9lev\u00e9es que 4K*2K@50\/60 (2160p).<\/p>\n<p>Gr\u00e2ce \u00e0 des mat\u00e9riaux de qualit\u00e9 et \u00e0 une construction soign\u00e9e, notre c\u00e2ble HDMI femelle vers HDMI femelle promet des performances durables.<\/p>\n<p>Les conducteurs sont enti\u00e8rement blind\u00e9s pour r\u00e9sister aux interf\u00e9rences EMI\/RFI, et les connecteurs plaqu\u00e9s or 24K contribuent \u00e0 un transfert de signal sup\u00e9rieur.<\/p>\n<p>De plus, ce c\u00e2ble polyvalent \u00e0 large bande passante est conforme aux normes industrielles et b\u00e9n\u00e9ficie de la garantie de 2 ans de FARSINCE. En conclusion, contactez-nous d\u00e8s aujourd'hui et commandez-le.<\/p>\n<\/div>\n<\/div>","protected":false},"excerpt":{"rendered":"<p>Mettez la main sur le c\u00e2ble FARSINCE HDMI femelle vers HDMI femelle \u00e0 clipser, con\u00e7u pour r\u00e9duire la perte de signal et prendre en charge la r\u00e9solution 4K*2K@50\/60(2160p), une solution de qualit\u00e9 pour connecter deux c\u00e2bles HDMI via un panneau.<\/p>","protected":false},"featured_media":15594,"template":"","meta":{"_acf_changed":false,"_seopress_robots_primary_cat":"","_seopress_titles_title":"HDMI Female to HDMI Female Cable Female Snap In - FARSINCE","_seopress_titles_desc":"Get your hands on the FARSINCE HDMI female to HDMI female cable female snap in, a quality solution for connecting two HDMI cables via a panel. ","_seopress_robots_index":"","site-sidebar-layout":"default","site-content-layout":"default","ast-site-content-layout":"default","site-content-style":"default","site-sidebar-style":"default","ast-global-header-display":"","ast-banner-title-visibility":"","ast-main-header-display":"","ast-hfb-above-header-display":"","ast-hfb-below-header-display":"","ast-hfb-mobile-header-display":"","site-post-title":"","ast-breadcrumbs-content":"","ast-featured-img":"","footer-sml-layout":"","ast-disable-related-posts":"","theme-transparent-header-meta":"default","adv-header-id-meta":"","stick-header-meta":"","header-above-stick-meta":"","header-main-stick-meta":"","header-below-stick-meta":"","astra-migrate-meta-layouts":"set","ast-page-background-enabled":"default","ast-page-background-meta":{"desktop":{"background-color":"","background-image":"","background-repeat":"repeat","background-position":"center center","background-size":"auto","background-attachment":"scroll","background-type":"","background-media":"","overlay-type":"","overlay-color":"","overlay-opacity":"","overlay-gradient":""},"tablet":{"background-color":"","background-image":"","background-repeat":"repeat","background-position":"center center","background-size":"auto","background-attachment":"scroll","background-type":"","background-media":"","overlay-type":"","overlay-color":"","overlay-opacity":"","overlay-gradient":""},"mobile":{"background-color":"","background-image":"","background-repeat":"repeat","background-position":"center center","background-size":"auto","background-attachment":"scroll","background-type":"","background-media":"","overlay-type":"","overlay-color":"","overlay-opacity":"","overlay-gradient":""}},"ast-content-background-meta":{"desktop":{"background-color":"var(--ast-global-color-5)","background-image":"","background-repeat":"repeat","background-position":"center center","background-size":"auto","background-attachment":"scroll","background-type":"","background-media":"","overlay-type":"","overlay-color":"","overlay-opacity":"","overlay-gradient":""},"tablet":{"background-color":"var(--ast-global-color-5)","background-image":"","background-repeat":"repeat","background-position":"center center","background-size":"auto","background-attachment":"scroll","background-type":"","background-media":"","overlay-type":"","overlay-color":"","overlay-opacity":"","overlay-gradient":""},"mobile":{"background-color":"var(--ast-global-color-5)","background-image":"","background-repeat":"repeat","background-position":"center center","background-size":"auto","background-attachment":"scroll","background-type":"","background-media":"","overlay-type":"","overlay-color":"","overlay-opacity":"","overlay-gradient":""}},"iawp_total_views":10},"product_brand":[],"product_cat":[238,678],"product_tag":[],"class_list":{"0":"post-15588","1":"product","2":"type-product","3":"status-publish","4":"has-post-thumbnail","6":"product_cat-panel-mount","7":"product_cat-panel-mount-cables","8":"desktop-align-left","9":"tablet-align-left","10":"mobile-align-left","12":"first","13":"instock","14":"shipping-taxable","15":"purchasable","16":"product-type-simple"},"acf":[],"_links":{"self":[{"href":"https:\/\/www.fjpremium.com\/fr\/wp-json\/wp\/v2\/product\/15588","targetHints":{"allow":["GET"]}}],"collection":[{"href":"https:\/\/www.fjpremium.com\/fr\/wp-json\/wp\/v2\/product"}],"about":[{"href":"https:\/\/www.fjpremium.com\/fr\/wp-json\/wp\/v2\/types\/product"}],"wp:featuredmedia":[{"embeddable":true,"href":"https:\/\/www.fjpremium.com\/fr\/wp-json\/wp\/v2\/media\/15594"}],"wp:attachment":[{"href":"https:\/\/www.fjpremium.com\/fr\/wp-json\/wp\/v2\/media?parent=15588"}],"wp:term":[{"taxonomy":"product_brand","embeddable":true,"href":"https:\/\/www.fjpremium.com\/fr\/wp-json\/wp\/v2\/product_brand?post=15588"},{"taxonomy":"product_cat","embeddable":true,"href":"https:\/\/www.fjpremium.com\/fr\/wp-json\/wp\/v2\/product_cat?post=15588"},{"taxonomy":"product_tag","embeddable":true,"href":"https:\/\/www.fjpremium.com\/fr\/wp-json\/wp\/v2\/product_tag?post=15588"}],"curies":[{"name":"wp","href":"https:\/\/api.w.org\/{rel}","templated":true}]}}