{"id":15564,"date":"2020-08-06T10:09:31","date_gmt":"2020-08-06T02:09:31","guid":{"rendered":"https:\/\/www.fjpremium.com\/?post_type=product&#038;p=15564"},"modified":"2023-12-14T13:52:22","modified_gmt":"2023-12-14T05:52:22","slug":"farsince-hdmi-male-to-composite-3-rca-video-audio-av-converter-cable-adapter-6-5ft-2m-with-best-price-support-1080p","status":"publish","type":"product","link":"https:\/\/www.fjpremium.com\/fr\/product\/farsince-hdmi-male-to-composite-3-rca-video-audio-av-converter-cable-adapter-6-5ft-2m-with-best-price-support-1080p\/","title":{"rendered":"Adaptateur de c\u00e2ble de conversion audio vid\u00e9o 1080P HDMI vers 3 RCA 6.5ft\/2m"},"content":{"rendered":"<p>L'outil de 6,5 pieds\/2 m\u00e8tres est la solution pour connecter les nouveaux appareils HDMI aux anciens t\u00e9l\u00e9viseurs\/\u00e9crans. Con\u00e7u ing\u00e9nieusement avec un chipset HDMI vers AV int\u00e9gr\u00e9, il convertit parfaitement les signaux HDMI en signaux analogiques RCA pour les appareils AV.<\/p>\n<p>Compatible avec HDMI 1.3 et prenant en charge les entr\u00e9es de 480i \u00e0 1080P, il garantit une synchronisation parfaite de l'audio avec la vid\u00e9o.<\/p>\n<p>Prenant en charge les formats NTSC et PAL, il s'agit d'une solution de c\u00e2blage tout-en-un qui \u00e9limine le besoin de c\u00e2bles suppl\u00e9mentaires.<\/p>\n<p>Ses caract\u00e9ristiques :<\/p>\n<ul>\n<li>Couleurs RCA : Rouge\/blanc pour le son st\u00e9r\u00e9o, jaune pour la vid\u00e9o<\/li>\n<li>Bo\u00eetier de l'adaptateur : Coque ABS<\/li>\n<li>Conducteur du c\u00e2ble : Cuivre nu<\/li>\n<li>Gaine : PVC<\/li>\n<li>DIAM\u00c8TRE EXT\u00c9RIEUR : 4,7 MM<\/li>\n<li>R\u00e9solution : 1920*1080@60Hz<\/li>\n<li>Conforme : RoHS<\/li>\n<li>Emballage : Sac \u00e0 fermeture \u00e9clair<\/li>\n<li>Garantie : 2 ans<\/li>\n<\/ul>\n<p>En outre, veuillez noter qu'il n\u00e9cessite une alimentation USB de 5V\/1A et qu'il ne prend pas en charge la 3D. Par cons\u00e9quent, contactez-nous d\u00e8s aujourd'hui et commandez notre adaptateur de c\u00e2ble de conversion vid\u00e9o audio HDMI vers 3 RCA.<\/p>\n<p>&nbsp;<\/p>\n<p><strong>Contenu du paquet :<\/strong><\/p>\n<ul>\n<li>C\u00e2ble de conversion AV num\u00e9rique HDMI vers 3 RCA 2m x 1pcs<\/li>\n<li>Manuel de l'utilisateur<\/li>\n<\/ul>","protected":false},"excerpt":{"rendered":"<p>Profitez de la puissance de la polyvalence avec l&#039;adaptateur de c\u00e2ble convertisseur audio vid\u00e9o 1080P HDMI vers 3 RCA de FARSINCE, promettant une conversion transparente des signaux num\u00e9riques vers analogiques, une synchronisation audio-vid\u00e9o et une prise en charge du double format TV.<\/p>","protected":false},"featured_media":16553,"template":"","meta":{"_acf_changed":false,"_seopress_robots_primary_cat":"","_seopress_titles_title":"HDMI to 3 RCA Video Audio Converter Cable Adapter - Farsince","_seopress_titles_desc":"Embrace the power of versatility with this 1080P HDMI to 3 RCA video audio converter cable adapter, promising seamless conversion from digital to analog signals","_seopress_robots_index":"","site-sidebar-layout":"default","site-content-layout":"default","ast-site-content-layout":"default","site-content-style":"default","site-sidebar-style":"default","ast-global-header-display":"","ast-banner-title-visibility":"","ast-main-header-display":"","ast-hfb-above-header-display":"","ast-hfb-below-header-display":"","ast-hfb-mobile-header-display":"","site-post-title":"","ast-breadcrumbs-content":"","ast-featured-img":"","footer-sml-layout":"","ast-disable-related-posts":"","theme-transparent-header-meta":"default","adv-header-id-meta":"","stick-header-meta":"","header-above-stick-meta":"","header-main-stick-meta":"","header-below-stick-meta":"","astra-migrate-meta-layouts":"set","ast-page-background-enabled":"default","ast-page-background-meta":{"desktop":{"background-color":"","background-image":"","background-repeat":"repeat","background-position":"center center","background-size":"auto","background-attachment":"scroll","background-type":"","background-media":"","overlay-type":"","overlay-color":"","overlay-opacity":"","overlay-gradient":""},"tablet":{"background-color":"","background-image":"","background-repeat":"repeat","background-position":"center center","background-size":"auto","background-attachment":"scroll","background-type":"","background-media":"","overlay-type":"","overlay-color":"","overlay-opacity":"","overlay-gradient":""},"mobile":{"background-color":"","background-image":"","background-repeat":"repeat","background-position":"center center","background-size":"auto","background-attachment":"scroll","background-type":"","background-media":"","overlay-type":"","overlay-color":"","overlay-opacity":"","overlay-gradient":""}},"ast-content-background-meta":{"desktop":{"background-color":"var(--ast-global-color-5)","background-image":"","background-repeat":"repeat","background-position":"center center","background-size":"auto","background-attachment":"scroll","background-type":"","background-media":"","overlay-type":"","overlay-color":"","overlay-opacity":"","overlay-gradient":""},"tablet":{"background-color":"var(--ast-global-color-5)","background-image":"","background-repeat":"repeat","background-position":"center center","background-size":"auto","background-attachment":"scroll","background-type":"","background-media":"","overlay-type":"","overlay-color":"","overlay-opacity":"","overlay-gradient":""},"mobile":{"background-color":"var(--ast-global-color-5)","background-image":"","background-repeat":"repeat","background-position":"center center","background-size":"auto","background-attachment":"scroll","background-type":"","background-media":"","overlay-type":"","overlay-color":"","overlay-opacity":"","overlay-gradient":""}},"iawp_total_views":23},"product_brand":[],"product_cat":[211,638],"product_tag":[],"class_list":{"0":"post-15564","1":"product","2":"type-product","3":"status-publish","4":"has-post-thumbnail","6":"product_cat-hdmi","7":"product_cat-hdmi-cables","8":"desktop-align-left","9":"tablet-align-left","10":"mobile-align-left","12":"first","13":"instock","14":"shipping-taxable","15":"purchasable","16":"product-type-simple"},"acf":[],"_links":{"self":[{"href":"https:\/\/www.fjpremium.com\/fr\/wp-json\/wp\/v2\/product\/15564","targetHints":{"allow":["GET"]}}],"collection":[{"href":"https:\/\/www.fjpremium.com\/fr\/wp-json\/wp\/v2\/product"}],"about":[{"href":"https:\/\/www.fjpremium.com\/fr\/wp-json\/wp\/v2\/types\/product"}],"wp:featuredmedia":[{"embeddable":true,"href":"https:\/\/www.fjpremium.com\/fr\/wp-json\/wp\/v2\/media\/16553"}],"wp:attachment":[{"href":"https:\/\/www.fjpremium.com\/fr\/wp-json\/wp\/v2\/media?parent=15564"}],"wp:term":[{"taxonomy":"product_brand","embeddable":true,"href":"https:\/\/www.fjpremium.com\/fr\/wp-json\/wp\/v2\/product_brand?post=15564"},{"taxonomy":"product_cat","embeddable":true,"href":"https:\/\/www.fjpremium.com\/fr\/wp-json\/wp\/v2\/product_cat?post=15564"},{"taxonomy":"product_tag","embeddable":true,"href":"https:\/\/www.fjpremium.com\/fr\/wp-json\/wp\/v2\/product_tag?post=15564"}],"curies":[{"name":"wp","href":"https:\/\/api.w.org\/{rel}","templated":true}]}}