{"id":15556,"date":"2020-08-06T10:02:07","date_gmt":"2020-08-06T02:02:07","guid":{"rendered":"https:\/\/www.fjpremium.com\/?post_type=product&#038;p=15556"},"modified":"2024-03-13T09:42:29","modified_gmt":"2024-03-13T01:42:29","slug":"usb-2-0-micro-usb-male-connector-to-micro-usb-b-female-connector-panel-mount-extension-data-cable-0-3m","status":"publish","type":"product","link":"https:\/\/www.fjpremium.com\/fr\/product\/usb-2-0-micro-usb-male-connector-to-micro-usb-b-female-connector-panel-mount-extension-data-cable-0-3m\/","title":{"rendered":"C\u00e2ble d'extension de donn\u00e9es USB 2.0 Micro USB Connecteur m\u00e2le vers femelle pour montage sur panneau 0.3m"},"content":{"rendered":"<div data-section=\"AliMagic-qdfe3x\" data-section-title=\"Product Description\" data-spm-anchor-id=\"a2700.wholesale.pronpeci14.i0.115b519aAiJ4va\">\n<p>Ce connecteur offre la solution parfaite pour combiner deux c\u00e2bles Micro USB, permettant une connectivit\u00e9 s\u00e9curis\u00e9e \u00e0 travers un panneau.<\/p>\n<p>Sa courte longueur et sa conception innovante assurent une perte de signal minimale, garantissant des performances optimales. En outre, il offre un taux de transfert \u00e9lev\u00e9 allant jusqu'\u00e0 480 Mbps, garantissant un transfert de donn\u00e9es rapide et efficace.<\/p>\n<p>Le connecteur USB 2.0 Micro USB se fixe facilement \u00e0 n'importe quel p\u00e9riph\u00e9rique USB, offrant flexibilit\u00e9 et commodit\u00e9.<\/p>\n<p>Construit avec un blindage par feuille et tresse, il offre une immunit\u00e9 totale aux interf\u00e9rences EMI\/RFI, garantissant un transfert de donn\u00e9es fiable et sans erreur.<\/p>\n<p>La construction \u00e0 paires torsad\u00e9es r\u00e9duit encore la diaphonie, garantissant une transmission rapide et pr\u00e9cise.<\/p>\n<p>De plus, chaque c\u00e2ble est soigneusement test\u00e9 pour r\u00e9pondre aux normes de l'industrie et offrir des performances exceptionnelles. Contactez-nous d\u00e8s aujourd'hui pour am\u00e9liorer vos options de connectivit\u00e9.<\/p>\n<\/div>\n<div data-section=\"AliMagic-qdfe3x\" data-section-title=\"Product Description\" data-spm-anchor-id=\"a2700.wholesale.pronpeci14.i0.115b519aAiJ4va\"><\/div>\n<div id=\"ali-anchor-AliMagic-qdfe3x\" class=\"magic-0\" data-section=\"AliMagic-qdfe3x\" data-section-title=\"Product Description\" data-spm-anchor-id=\"a2700.wholesale.pronpeci14.i0.115b519aAiJ4va\"><strong>Description du produit<\/strong><\/div>\n<div class=\"ife-detail-decorate-table\">\n<table class=\"all magic-4\">\n<tbody>\n<tr>\n<td colspan=\"1\" rowspan=\"1\">D\u00e9lai de livraison<\/td>\n<td colspan=\"1\" rowspan=\"1\">3-10 jours<\/td>\n<\/tr>\n<tr>\n<td colspan=\"1\" rowspan=\"1\">Sp\u00e9cifications du c\u00e2ble<\/td>\n<td colspan=\"1\" rowspan=\"1\">28AWG cuivre,<\/td>\n<\/tr>\n<tr>\n<td colspan=\"1\" rowspan=\"1\">\n<div class=\"magic-8\">Connecteur 1<\/div>\n<\/td>\n<td colspan=\"1\" rowspan=\"1\">\n<div class=\"magic-9\">\n<div class=\"magic-9\">Micro USB B m\u00e2le, nickel\u00e9<\/div>\n<\/div>\n<\/td>\n<\/tr>\n<tr>\n<td colspan=\"1\" rowspan=\"1\">\n<div class=\"magic-5\">Connecteur 1<\/div>\n<\/td>\n<td colspan=\"1\" rowspan=\"1\">\n<div class=\"magic-7\">\n<div class=\"magic-9\">Micro USB B femelle avec vis, nickel\u00e9<\/div>\n<\/div>\n<\/td>\n<\/tr>\n<tr>\n<td colspan=\"1\" rowspan=\"1\">Vis\/\u00e9crou<\/td>\n<td colspan=\"1\" rowspan=\"1\">M3<\/td>\n<\/tr>\n<tr>\n<td colspan=\"1\" rowspan=\"1\">\n<div class=\"magic-8\">Distance entre les trous<\/div>\n<\/td>\n<td colspan=\"1\" rowspan=\"1\">\n<div class=\"magic-9\">A : 17MM, B : 27MM<\/div>\n<\/td>\n<\/tr>\n<tr>\n<td colspan=\"1\" rowspan=\"1\">\n<div class=\"magic-8\">Longueur<\/div>\n<\/td>\n<td colspan=\"1\" rowspan=\"1\">\n<div class=\"magic-9\">30cm<\/div>\n<\/td>\n<\/tr>\n<tr>\n<td colspan=\"1\" rowspan=\"1\">\n<div class=\"magic-8\">Paquet<\/div>\n<\/td>\n<td colspan=\"1\" rowspan=\"1\">\n<div class=\"magic-9\">Sac zip blanc<\/div>\n<\/td>\n<\/tr>\n<tr>\n<td colspan=\"1\" rowspan=\"1\">\n<div class=\"magic-8\">Certificat<\/div>\n<\/td>\n<td colspan=\"1\" rowspan=\"1\">\n<div class=\"magic-9\">RoHS<\/div>\n<\/td>\n<\/tr>\n<tr>\n<td colspan=\"1\" rowspan=\"1\">\n<div class=\"magic-5\">Garantie<\/div>\n<\/td>\n<td colspan=\"1\" rowspan=\"1\">\n<div class=\"magic-7\">2 ans<\/div>\n<\/td>\n<\/tr>\n<\/tbody>\n<\/table>\n<\/div>","protected":false},"excerpt":{"rendered":"<p>Lib\u00e9rez la puissance de la connectivit\u00e9 avec le connecteur micro USB USB 2.0 de haute qualit\u00e9 Farsince, combinant deux c\u00e2bles micro USB en toute s\u00e9curit\u00e9 via un panneau, garantissant un transfert de donn\u00e9es rapide et sans erreur.<\/p>","protected":false},"featured_media":15561,"template":"","meta":{"_acf_changed":false,"_seopress_robots_primary_cat":"","_seopress_titles_title":"USB 2.0 Micro USB Connector Male to Female - Farsince","_seopress_titles_desc":"Unlock the power of connectivity with the Farsince high-quality USB 2.0 Micro USB connector, combining two Micro USB cables securely through a panel.","_seopress_robots_index":"","site-sidebar-layout":"default","site-content-layout":"default","ast-site-content-layout":"default","site-content-style":"default","site-sidebar-style":"default","ast-global-header-display":"","ast-banner-title-visibility":"","ast-main-header-display":"","ast-hfb-above-header-display":"","ast-hfb-below-header-display":"","ast-hfb-mobile-header-display":"","site-post-title":"","ast-breadcrumbs-content":"","ast-featured-img":"","footer-sml-layout":"","ast-disable-related-posts":"","theme-transparent-header-meta":"default","adv-header-id-meta":"","stick-header-meta":"","header-above-stick-meta":"","header-main-stick-meta":"","header-below-stick-meta":"","astra-migrate-meta-layouts":"set","ast-page-background-enabled":"default","ast-page-background-meta":{"desktop":{"background-color":"","background-image":"","background-repeat":"repeat","background-position":"center center","background-size":"auto","background-attachment":"scroll","background-type":"","background-media":"","overlay-type":"","overlay-color":"","overlay-opacity":"","overlay-gradient":""},"tablet":{"background-color":"","background-image":"","background-repeat":"repeat","background-position":"center center","background-size":"auto","background-attachment":"scroll","background-type":"","background-media":"","overlay-type":"","overlay-color":"","overlay-opacity":"","overlay-gradient":""},"mobile":{"background-color":"","background-image":"","background-repeat":"repeat","background-position":"center center","background-size":"auto","background-attachment":"scroll","background-type":"","background-media":"","overlay-type":"","overlay-color":"","overlay-opacity":"","overlay-gradient":""}},"ast-content-background-meta":{"desktop":{"background-color":"var(--ast-global-color-5)","background-image":"","background-repeat":"repeat","background-position":"center center","background-size":"auto","background-attachment":"scroll","background-type":"","background-media":"","overlay-type":"","overlay-color":"","overlay-opacity":"","overlay-gradient":""},"tablet":{"background-color":"var(--ast-global-color-5)","background-image":"","background-repeat":"repeat","background-position":"center center","background-size":"auto","background-attachment":"scroll","background-type":"","background-media":"","overlay-type":"","overlay-color":"","overlay-opacity":"","overlay-gradient":""},"mobile":{"background-color":"var(--ast-global-color-5)","background-image":"","background-repeat":"repeat","background-position":"center center","background-size":"auto","background-attachment":"scroll","background-type":"","background-media":"","overlay-type":"","overlay-color":"","overlay-opacity":"","overlay-gradient":""}},"iawp_total_views":7},"product_brand":[],"product_cat":[238,678],"product_tag":[],"class_list":{"0":"post-15556","1":"product","2":"type-product","3":"status-publish","4":"has-post-thumbnail","6":"product_cat-panel-mount","7":"product_cat-panel-mount-cables","8":"desktop-align-left","9":"tablet-align-left","10":"mobile-align-left","12":"first","13":"instock","14":"shipping-taxable","15":"purchasable","16":"product-type-simple"},"acf":[],"_links":{"self":[{"href":"https:\/\/www.fjpremium.com\/fr\/wp-json\/wp\/v2\/product\/15556","targetHints":{"allow":["GET"]}}],"collection":[{"href":"https:\/\/www.fjpremium.com\/fr\/wp-json\/wp\/v2\/product"}],"about":[{"href":"https:\/\/www.fjpremium.com\/fr\/wp-json\/wp\/v2\/types\/product"}],"wp:featuredmedia":[{"embeddable":true,"href":"https:\/\/www.fjpremium.com\/fr\/wp-json\/wp\/v2\/media\/15561"}],"wp:attachment":[{"href":"https:\/\/www.fjpremium.com\/fr\/wp-json\/wp\/v2\/media?parent=15556"}],"wp:term":[{"taxonomy":"product_brand","embeddable":true,"href":"https:\/\/www.fjpremium.com\/fr\/wp-json\/wp\/v2\/product_brand?post=15556"},{"taxonomy":"product_cat","embeddable":true,"href":"https:\/\/www.fjpremium.com\/fr\/wp-json\/wp\/v2\/product_cat?post=15556"},{"taxonomy":"product_tag","embeddable":true,"href":"https:\/\/www.fjpremium.com\/fr\/wp-json\/wp\/v2\/product_tag?post=15556"}],"curies":[{"name":"wp","href":"https:\/\/api.w.org\/{rel}","templated":true}]}}