{"id":15542,"date":"2020-10-06T09:51:44","date_gmt":"2020-10-06T01:51:44","guid":{"rendered":"https:\/\/www.fjpremium.com\/?post_type=product&#038;p=15542"},"modified":"2023-12-14T13:51:44","modified_gmt":"2023-12-14T05:51:44","slug":"best-emi-suppressor-high-speed-computer-cable-for-ps4-with-ethernet-ultra-hd-3d-4k60hz-2-0-hdmi-cable-gold-plated-1-5-meter","status":"publish","type":"product","link":"https:\/\/www.fjpremium.com\/fr\/product\/best-emi-suppressor-high-speed-computer-cable-for-ps4-with-ethernet-ultra-hd-3d-4k60hz-2-0-hdmi-cable-gold-plated-1-5-meter\/","title":{"rendered":"Meilleur c\u00e2ble HDMI 4K 60hz avec Ethernet pour 3D"},"content":{"rendered":"<p>Con\u00e7u pour optimiser les applications audio-vid\u00e9o de home cin\u00e9ma ou de bureau, notre c\u00e2ble prend en charge les fonctions HDMI \u00e0 haut d\u00e9bit, la connectivit\u00e9 Ethernet et les r\u00e9solutions 4K@60Hz.<\/p>\n<p>Avec une bande passante allant jusqu'\u00e0 18 Gbps, il d\u00e9livre des vid\u00e9os d'une fluidit\u00e9 exceptionnelle, en tenant compte du format cin\u00e9ma 21:9. De plus, ses capacit\u00e9s Ethernet facilitent l'acc\u00e8s aux contenus interactifs en ligne ou la mise \u00e0 jour du micrologiciel de l'appareil, ce qui permet de connecter par un seul c\u00e2ble plusieurs appareils HDMI dot\u00e9s d'une connexion Ethernet.<\/p>\n<p>Ce c\u00e2ble HDMI 4K 60hz polyvalent est \u00e9galement adapt\u00e9 \u00e0 l'empilement de commutateurs r\u00e9seau avec des \u00e9quipements compatibles.<\/p>\n<p>B\u00e9n\u00e9ficiant d'une garantie de 2 ans et conforme aux normes RoHS et REACH, il promet des performances constantes et conformes aux normes de l'industrie.<\/p>\n<p>Ses caract\u00e9ristiques :<\/p>\n<ul>\n<li>Contact plaqu\u00e9 or, coque plaqu\u00e9e or<\/li>\n<li>Conducteur du c\u00e2ble : Cuivre sans oxyg\u00e8ne de grande puret\u00e9<\/li>\n<li>Calibre des fils : 30AWG(1-3M), 28\/30AWG(5M), 26\/28AWG(7.5-10m)<\/li>\n<li>Triple blindage : feuille AL torsad\u00e9e, feuille AL globale, tresse<\/li>\n<li>Gaine : PVC<\/li>\n<\/ul>\n<p>En outre, vous pouvez ressentir l'impact du Dolby\u00ae TrueHD et du DTS-HD Master Audio\u2122 et savourer la synchronisation finement r\u00e9gl\u00e9e de l'audio et de la vid\u00e9o.<\/p>\n<p>En r\u00e9sum\u00e9, contactez-nous d\u00e8s aujourd'hui et faites-en votre choix pour un multim\u00e9dia vibrant et de haute d\u00e9finition.<\/p>","protected":false},"excerpt":{"rendered":"<p>Intensifiez la connectivit\u00e9 multim\u00e9dia avec le c\u00e2ble HDMI 4K 60 Hz de FARSINCE, offrant une qualit\u00e9 vid\u00e9o digne du cin\u00e9ma et une synchronisation audio-vid\u00e9o transparente.<\/p>","protected":false},"featured_media":15549,"template":"","meta":{"_acf_changed":false,"_seopress_robots_primary_cat":"","_seopress_titles_title":"Best 4K 60hz HDMI Cable with Ethernet for 3D - Farsince","_seopress_titles_desc":"","_seopress_robots_index":"","site-sidebar-layout":"default","site-content-layout":"default","ast-site-content-layout":"default","site-content-style":"default","site-sidebar-style":"default","ast-global-header-display":"","ast-banner-title-visibility":"","ast-main-header-display":"","ast-hfb-above-header-display":"","ast-hfb-below-header-display":"","ast-hfb-mobile-header-display":"","site-post-title":"","ast-breadcrumbs-content":"","ast-featured-img":"","footer-sml-layout":"","ast-disable-related-posts":"","theme-transparent-header-meta":"default","adv-header-id-meta":"","stick-header-meta":"","header-above-stick-meta":"","header-main-stick-meta":"","header-below-stick-meta":"","astra-migrate-meta-layouts":"set","ast-page-background-enabled":"default","ast-page-background-meta":{"desktop":{"background-color":"","background-image":"","background-repeat":"repeat","background-position":"center center","background-size":"auto","background-attachment":"scroll","background-type":"","background-media":"","overlay-type":"","overlay-color":"","overlay-opacity":"","overlay-gradient":""},"tablet":{"background-color":"","background-image":"","background-repeat":"repeat","background-position":"center center","background-size":"auto","background-attachment":"scroll","background-type":"","background-media":"","overlay-type":"","overlay-color":"","overlay-opacity":"","overlay-gradient":""},"mobile":{"background-color":"","background-image":"","background-repeat":"repeat","background-position":"center center","background-size":"auto","background-attachment":"scroll","background-type":"","background-media":"","overlay-type":"","overlay-color":"","overlay-opacity":"","overlay-gradient":""}},"ast-content-background-meta":{"desktop":{"background-color":"var(--ast-global-color-5)","background-image":"","background-repeat":"repeat","background-position":"center center","background-size":"auto","background-attachment":"scroll","background-type":"","background-media":"","overlay-type":"","overlay-color":"","overlay-opacity":"","overlay-gradient":""},"tablet":{"background-color":"var(--ast-global-color-5)","background-image":"","background-repeat":"repeat","background-position":"center center","background-size":"auto","background-attachment":"scroll","background-type":"","background-media":"","overlay-type":"","overlay-color":"","overlay-opacity":"","overlay-gradient":""},"mobile":{"background-color":"var(--ast-global-color-5)","background-image":"","background-repeat":"repeat","background-position":"center center","background-size":"auto","background-attachment":"scroll","background-type":"","background-media":"","overlay-type":"","overlay-color":"","overlay-opacity":"","overlay-gradient":""}},"iawp_total_views":6},"product_brand":[],"product_cat":[211,638],"product_tag":[],"class_list":{"0":"post-15542","1":"product","2":"type-product","3":"status-publish","4":"has-post-thumbnail","6":"product_cat-hdmi","7":"product_cat-hdmi-cables","8":"desktop-align-left","9":"tablet-align-left","10":"mobile-align-left","12":"first","13":"instock","14":"shipping-taxable","15":"purchasable","16":"product-type-simple"},"acf":[],"_links":{"self":[{"href":"https:\/\/www.fjpremium.com\/fr\/wp-json\/wp\/v2\/product\/15542","targetHints":{"allow":["GET"]}}],"collection":[{"href":"https:\/\/www.fjpremium.com\/fr\/wp-json\/wp\/v2\/product"}],"about":[{"href":"https:\/\/www.fjpremium.com\/fr\/wp-json\/wp\/v2\/types\/product"}],"wp:featuredmedia":[{"embeddable":true,"href":"https:\/\/www.fjpremium.com\/fr\/wp-json\/wp\/v2\/media\/15549"}],"wp:attachment":[{"href":"https:\/\/www.fjpremium.com\/fr\/wp-json\/wp\/v2\/media?parent=15542"}],"wp:term":[{"taxonomy":"product_brand","embeddable":true,"href":"https:\/\/www.fjpremium.com\/fr\/wp-json\/wp\/v2\/product_brand?post=15542"},{"taxonomy":"product_cat","embeddable":true,"href":"https:\/\/www.fjpremium.com\/fr\/wp-json\/wp\/v2\/product_cat?post=15542"},{"taxonomy":"product_tag","embeddable":true,"href":"https:\/\/www.fjpremium.com\/fr\/wp-json\/wp\/v2\/product_tag?post=15542"}],"curies":[{"name":"wp","href":"https:\/\/api.w.org\/{rel}","templated":true}]}}