{"id":15541,"date":"2020-08-06T09:51:42","date_gmt":"2020-08-06T01:51:42","guid":{"rendered":"https:\/\/www.fjpremium.com\/?post_type=product&#038;p=15541"},"modified":"2024-03-15T11:30:21","modified_gmt":"2024-03-15T03:30:21","slug":"hdmi-2-0-panel-mount-coupler-adapter-female-to-female-hdmi-wall-mount-connector-short-body-gold-plated-connector-4k-3d","status":"publish","type":"product","link":"https:\/\/www.fjpremium.com\/fr\/product\/hdmi-2-0-panel-mount-coupler-adapter-female-to-female-hdmi-wall-mount-connector-short-body-gold-plated-connector-4k-3d\/","title":{"rendered":"HDMI 2.0 Panel Mount Coupler Adapter Female to Female HDMI Wall Connector Short Body Gold Plated Connector 4K 3D"},"content":{"rendered":"<div data-section=\"AliMagic-yq8dvh\" data-section-title=\"Product Description\" data-spm-anchor-id=\"a2700.wholesale.pronpeci14.i0.72394306dxcRYq\">\n<p>Notre connecteur est la solution id\u00e9ale pour combiner deux c\u00e2bles HDMI et obtenir une connectivit\u00e9 \u00e0 travers un panneau. D\u00e9sormais, vous pouvez fournir sans effort une connectivit\u00e9 d'affichage \u00e0 partir d'un emplacement s\u00e9curis\u00e9.<\/p>\n<p>La conception soign\u00e9e de ce connecteur mural HDMI assure une perte de signal minimale, garantissant des performances optimales.<\/p>\n<p>Il prend en charge des r\u00e9solutions vid\u00e9o impressionnantes jusqu'\u00e0 4K*2K@50\/60 (2160p), offrant une clart\u00e9 et des d\u00e9tails \u00e9clatants \u00e0 couper le souffle.<\/p>\n<p>Les connecteurs plaqu\u00e9s or 24K assurent un transfert de signal sup\u00e9rieur, garantissant une exp\u00e9rience de visualisation transparente et ininterrompue.<\/p>\n<p>Chaque connecteur est minutieusement test\u00e9 pour r\u00e9pondre aux normes de l'industrie, garantissant ainsi un fonctionnement fiable.<\/p>\n<p>En outre, vous pouvez faire confiance \u00e0 notre garantie de 2 ans pour une tranquillit\u00e9 d'esprit in\u00e9gal\u00e9e. Alors, contactez-nous d\u00e8s aujourd'hui et commandez-la.<\/p>\n<\/div>\n<div data-section=\"AliMagic-yq8dvh\" data-section-title=\"Product Description\" data-spm-anchor-id=\"a2700.wholesale.pronpeci14.i0.72394306dxcRYq\"><\/div>\n<div id=\"ali-anchor-AliMagic-yq8dvh\" class=\"magic-0\" data-section=\"AliMagic-yq8dvh\" data-section-title=\"Product Description\" data-spm-anchor-id=\"a2700.wholesale.pronpeci14.i0.72394306dxcRYq\"><strong>Description du produit<\/strong><\/div>\n<div class=\"ife-detail-decorate-table\">\n<table class=\"all magic-4\" style=\"height: 283px;\" width=\"780\">\n<tbody>\n<tr>\n<td colspan=\"1\" rowspan=\"1\">D\u00e9lai de livraison<\/td>\n<td colspan=\"1\" rowspan=\"1\">7-10 jours<\/td>\n<\/tr>\n<tr>\n<td colspan=\"1\" rowspan=\"1\">Connecteur 1<\/td>\n<td colspan=\"1\" rowspan=\"1\">HDMI femelle, plaqu\u00e9 or<\/td>\n<\/tr>\n<tr>\n<td colspan=\"1\" rowspan=\"1\"><span class=\"magic-6\" data-spm-anchor-id=\"a2700.siteadmin.0.i8.49fc3333DMAnrI\">Connecteur 2<\/span><\/td>\n<td colspan=\"1\" rowspan=\"1\">HDMI femelle, plaqu\u00e9 or<\/td>\n<\/tr>\n<tr>\n<td colspan=\"1\" rowspan=\"1\">longueur<\/td>\n<td colspan=\"1\" rowspan=\"1\">Coupleur<\/td>\n<\/tr>\n<tr>\n<td colspan=\"1\" rowspan=\"1\">\n<div class=\"magic-8\">Certificat<\/div>\n<\/td>\n<td colspan=\"1\" rowspan=\"1\">\n<div class=\"magic-9\">\n<div class=\"magic-8\"><span style=\"font-size: 16px; font-family: inherit;\">RoHS<\/span><\/div>\n<\/div>\n<\/td>\n<\/tr>\n<\/tbody>\n<\/table>\n<\/div>","protected":false},"excerpt":{"rendered":"<p>B\u00e9n\u00e9ficiez d'une connectivit\u00e9 d'affichage transparente gr\u00e2ce au connecteur mural HDMI de haute qualit\u00e9 FARSINCE, qui offre une r\u00e9solution 4K*2K@50\/60 (2160p) \u00e9poustouflante.<\/p>","protected":false},"featured_media":15543,"template":"","meta":{"_acf_changed":false,"_seopress_robots_primary_cat":"","_seopress_titles_title":"Female to Female HDMI Wall Connector - Farsince","_seopress_titles_desc":"","_seopress_robots_index":"","site-sidebar-layout":"default","site-content-layout":"default","ast-site-content-layout":"default","site-content-style":"default","site-sidebar-style":"default","ast-global-header-display":"","ast-banner-title-visibility":"","ast-main-header-display":"","ast-hfb-above-header-display":"","ast-hfb-below-header-display":"","ast-hfb-mobile-header-display":"","site-post-title":"","ast-breadcrumbs-content":"","ast-featured-img":"","footer-sml-layout":"","ast-disable-related-posts":"","theme-transparent-header-meta":"default","adv-header-id-meta":"","stick-header-meta":"","header-above-stick-meta":"","header-main-stick-meta":"","header-below-stick-meta":"","astra-migrate-meta-layouts":"set","ast-page-background-enabled":"default","ast-page-background-meta":{"desktop":{"background-color":"","background-image":"","background-repeat":"repeat","background-position":"center center","background-size":"auto","background-attachment":"scroll","background-type":"","background-media":"","overlay-type":"","overlay-color":"","overlay-opacity":"","overlay-gradient":""},"tablet":{"background-color":"","background-image":"","background-repeat":"repeat","background-position":"center center","background-size":"auto","background-attachment":"scroll","background-type":"","background-media":"","overlay-type":"","overlay-color":"","overlay-opacity":"","overlay-gradient":""},"mobile":{"background-color":"","background-image":"","background-repeat":"repeat","background-position":"center center","background-size":"auto","background-attachment":"scroll","background-type":"","background-media":"","overlay-type":"","overlay-color":"","overlay-opacity":"","overlay-gradient":""}},"ast-content-background-meta":{"desktop":{"background-color":"var(--ast-global-color-5)","background-image":"","background-repeat":"repeat","background-position":"center center","background-size":"auto","background-attachment":"scroll","background-type":"","background-media":"","overlay-type":"","overlay-color":"","overlay-opacity":"","overlay-gradient":""},"tablet":{"background-color":"var(--ast-global-color-5)","background-image":"","background-repeat":"repeat","background-position":"center center","background-size":"auto","background-attachment":"scroll","background-type":"","background-media":"","overlay-type":"","overlay-color":"","overlay-opacity":"","overlay-gradient":""},"mobile":{"background-color":"var(--ast-global-color-5)","background-image":"","background-repeat":"repeat","background-position":"center center","background-size":"auto","background-attachment":"scroll","background-type":"","background-media":"","overlay-type":"","overlay-color":"","overlay-opacity":"","overlay-gradient":""}},"iawp_total_views":7},"product_brand":[],"product_cat":[238,679],"product_tag":[],"class_list":{"0":"post-15541","1":"product","2":"type-product","3":"status-publish","4":"has-post-thumbnail","6":"product_cat-panel-mount","7":"product_cat-panel-mount-couplers","8":"desktop-align-left","9":"tablet-align-left","10":"mobile-align-left","12":"first","13":"instock","14":"shipping-taxable","15":"purchasable","16":"product-type-simple"},"acf":[],"_links":{"self":[{"href":"https:\/\/www.fjpremium.com\/fr\/wp-json\/wp\/v2\/product\/15541","targetHints":{"allow":["GET"]}}],"collection":[{"href":"https:\/\/www.fjpremium.com\/fr\/wp-json\/wp\/v2\/product"}],"about":[{"href":"https:\/\/www.fjpremium.com\/fr\/wp-json\/wp\/v2\/types\/product"}],"wp:featuredmedia":[{"embeddable":true,"href":"https:\/\/www.fjpremium.com\/fr\/wp-json\/wp\/v2\/media\/15543"}],"wp:attachment":[{"href":"https:\/\/www.fjpremium.com\/fr\/wp-json\/wp\/v2\/media?parent=15541"}],"wp:term":[{"taxonomy":"product_brand","embeddable":true,"href":"https:\/\/www.fjpremium.com\/fr\/wp-json\/wp\/v2\/product_brand?post=15541"},{"taxonomy":"product_cat","embeddable":true,"href":"https:\/\/www.fjpremium.com\/fr\/wp-json\/wp\/v2\/product_cat?post=15541"},{"taxonomy":"product_tag","embeddable":true,"href":"https:\/\/www.fjpremium.com\/fr\/wp-json\/wp\/v2\/product_tag?post=15541"}],"curies":[{"name":"wp","href":"https:\/\/api.w.org\/{rel}","templated":true}]}}