{"id":15399,"date":"2020-05-29T15:06:35","date_gmt":"2020-05-29T07:06:35","guid":{"rendered":"https:\/\/www.fjpremium.com\/?post_type=product&#038;p=15399"},"modified":"2023-09-18T17:11:52","modified_gmt":"2023-09-18T09:11:52","slug":"usb-3-1-type-c-usb-c-male-to-hdmi-vga-2-in-1-hub-adapter","status":"publish","type":"product","link":"https:\/\/www.fjpremium.com\/fr\/product\/usb-3-1-type-c-usb-c-male-to-hdmi-vga-2-in-1-hub-adapter\/","title":{"rendered":"Adaptateur USB-C vers HDMI VGA 2 en 1"},"content":{"rendered":"<p>Cet adaptateur est l'outil id\u00e9al pour relier votre smartphone, tablette ou ordinateur \u00e9quip\u00e9 d'un port USB de type C \u00e0 n'importe quel syst\u00e8me d'affichage dot\u00e9 d'une entr\u00e9e HDMI ou VGA.<\/p>\n<p>La sortie HDMI offre une r\u00e9solution 4K impressionnante, tandis que la sortie VGA offre une r\u00e9solution 1080P.<\/p>\n<p>En outre, vous pouvez profiter de la facilit\u00e9 d'un connecteur USB Type-C sym\u00e9trique et de la commodit\u00e9 d'un design l\u00e9ger et compact.<\/p>\n<p>Ses caract\u00e9ristiques :<\/p>\n<ul>\n<li>Connecteur 1 : USB Type-C m\u00e2le<\/li>\n<li>Connecteur 2 : HDMI 19 broches femelle\/ VGA HD15 femelle<\/li>\n<li>Contact plaqu\u00e9 or, coque plaqu\u00e9e nickel<\/li>\n<li>Conducteur du c\u00e2ble : Cuivre \u00e9tam\u00e9<\/li>\n<li>Isolation : PE SKIN\/HDPE mouss\u00e9<\/li>\n<li>Calibre des fils : 34\/32\/26AWG<\/li>\n<li>Triple blindage : paire torsad\u00e9e de feuilles d'aluminium, feuilles d'aluminium globales, tresse.<\/li>\n<li>Bo\u00eetier : Coque en ABS ou en aluminium<\/li>\n<li>Jeu de puces : AG9320 ou IET6562<\/li>\n<li>Gaine : PVC<\/li>\n<li>Diam\u00e8tre ext\u00e9rieur : 4,2\u00b10,2mm<\/li>\n<li>Conformit\u00e9 : RoHS, REACH, CE<\/li>\n<\/ul>\n<p>Notre adaptateur 2 en 1 est \u00e9galement test\u00e9 selon les normes industrielles et prot\u00e9g\u00e9 par une garantie de 2 ans de Farsince. Contactez-nous d\u00e8s aujourd'hui et investissez dans ce produit.<\/p>","protected":false},"excerpt":{"rendered":"<p>\u00c9levez l'exp\u00e9rience audiovisuelle avec notre adaptateur USB-C vers HDMI VGA 2 en 1 de haute qualit\u00e9, une solution facile pour connecter votre appareil \u00e0 des \u00e9crans haute r\u00e9solution.<\/p>","protected":false},"featured_media":15421,"template":"","meta":{"_acf_changed":false,"_seopress_robots_primary_cat":"","_seopress_titles_title":"Best USB-C to HDMI VGA 2 in 1 Adapter - FARSINCE","_seopress_titles_desc":"","_seopress_robots_index":"","site-sidebar-layout":"default","site-content-layout":"default","ast-site-content-layout":"default","site-content-style":"default","site-sidebar-style":"default","ast-global-header-display":"","ast-banner-title-visibility":"","ast-main-header-display":"","ast-hfb-above-header-display":"","ast-hfb-below-header-display":"","ast-hfb-mobile-header-display":"","site-post-title":"","ast-breadcrumbs-content":"","ast-featured-img":"","footer-sml-layout":"","ast-disable-related-posts":"","theme-transparent-header-meta":"default","adv-header-id-meta":"","stick-header-meta":"","header-above-stick-meta":"","header-main-stick-meta":"","header-below-stick-meta":"","astra-migrate-meta-layouts":"set","ast-page-background-enabled":"default","ast-page-background-meta":{"desktop":{"background-color":"","background-image":"","background-repeat":"repeat","background-position":"center center","background-size":"auto","background-attachment":"scroll","background-type":"","background-media":"","overlay-type":"","overlay-color":"","overlay-opacity":"","overlay-gradient":""},"tablet":{"background-color":"","background-image":"","background-repeat":"repeat","background-position":"center center","background-size":"auto","background-attachment":"scroll","background-type":"","background-media":"","overlay-type":"","overlay-color":"","overlay-opacity":"","overlay-gradient":""},"mobile":{"background-color":"","background-image":"","background-repeat":"repeat","background-position":"center center","background-size":"auto","background-attachment":"scroll","background-type":"","background-media":"","overlay-type":"","overlay-color":"","overlay-opacity":"","overlay-gradient":""}},"ast-content-background-meta":{"desktop":{"background-color":"var(--ast-global-color-5)","background-image":"","background-repeat":"repeat","background-position":"center center","background-size":"auto","background-attachment":"scroll","background-type":"","background-media":"","overlay-type":"","overlay-color":"","overlay-opacity":"","overlay-gradient":""},"tablet":{"background-color":"var(--ast-global-color-5)","background-image":"","background-repeat":"repeat","background-position":"center center","background-size":"auto","background-attachment":"scroll","background-type":"","background-media":"","overlay-type":"","overlay-color":"","overlay-opacity":"","overlay-gradient":""},"mobile":{"background-color":"var(--ast-global-color-5)","background-image":"","background-repeat":"repeat","background-position":"center center","background-size":"auto","background-attachment":"scroll","background-type":"","background-media":"","overlay-type":"","overlay-color":"","overlay-opacity":"","overlay-gradient":""}},"iawp_total_views":4},"product_brand":[],"product_cat":[222],"product_tag":[],"class_list":{"0":"post-15399","1":"product","2":"type-product","3":"status-publish","4":"has-post-thumbnail","6":"product_cat-usb-c-cables","7":"desktop-align-left","8":"tablet-align-left","9":"mobile-align-left","11":"first","12":"instock","13":"shipping-taxable","14":"purchasable","15":"product-type-simple"},"acf":[],"_links":{"self":[{"href":"https:\/\/www.fjpremium.com\/fr\/wp-json\/wp\/v2\/product\/15399","targetHints":{"allow":["GET"]}}],"collection":[{"href":"https:\/\/www.fjpremium.com\/fr\/wp-json\/wp\/v2\/product"}],"about":[{"href":"https:\/\/www.fjpremium.com\/fr\/wp-json\/wp\/v2\/types\/product"}],"wp:featuredmedia":[{"embeddable":true,"href":"https:\/\/www.fjpremium.com\/fr\/wp-json\/wp\/v2\/media\/15421"}],"wp:attachment":[{"href":"https:\/\/www.fjpremium.com\/fr\/wp-json\/wp\/v2\/media?parent=15399"}],"wp:term":[{"taxonomy":"product_brand","embeddable":true,"href":"https:\/\/www.fjpremium.com\/fr\/wp-json\/wp\/v2\/product_brand?post=15399"},{"taxonomy":"product_cat","embeddable":true,"href":"https:\/\/www.fjpremium.com\/fr\/wp-json\/wp\/v2\/product_cat?post=15399"},{"taxonomy":"product_tag","embeddable":true,"href":"https:\/\/www.fjpremium.com\/fr\/wp-json\/wp\/v2\/product_tag?post=15399"}],"curies":[{"name":"wp","href":"https:\/\/api.w.org\/{rel}","templated":true}]}}