{"id":15398,"date":"2020-05-29T15:06:34","date_gmt":"2020-05-29T07:06:34","guid":{"rendered":"https:\/\/www.fjpremium.com\/?post_type=product&#038;p=15398"},"modified":"2023-09-18T17:13:53","modified_gmt":"2023-09-18T09:13:53","slug":"usb-3-1-type-c-usb-c-to-3-port-usb-3-0-multi-port-hub-with-power-delivery","status":"publish","type":"product","link":"https:\/\/www.fjpremium.com\/fr\/product\/usb-3-1-type-c-usb-c-to-3-port-usb-3-0-multi-port-hub-with-power-delivery\/","title":{"rendered":"Hub USB 3.0 4 en 1 3 ports USB C avec Power Delivery"},"content":{"rendered":"<p>Notre hub am\u00e9liore les capacit\u00e9s USB de votre appareil avec trois ports USB-A suppl\u00e9mentaires, tout en chargeant votre appareil. Avec un connecteur USB-C sym\u00e9trique, il offre une exp\u00e9rience de branchement sans tracas.<\/p>\n<p>De plus, avec un taux de transfert de donn\u00e9es allant jusqu'\u00e0 5 Gbps, un transfert de donn\u00e9es rapide et efficace est garanti.<\/p>\n<p>Dot\u00e9 d'une construction \u00e0 paires torsad\u00e9es blind\u00e9es par une feuille d'aluminium, ce hub promet une communication de donn\u00e9es \u00e0 grande vitesse et sans erreur. De plus, sa conception l\u00e9g\u00e8re et compacte est id\u00e9ale pour le transport.<\/p>\n<p>Ses caract\u00e9ristiques :<\/p>\n<ul>\n<li>Connecteur 1 : USB Type-C m\u00e2le<\/li>\n<li>Connecteur 2 : USB 3.0 femelle x 3\/ USB Type C femelle<\/li>\n<li>Contact plaqu\u00e9 or, coque plaqu\u00e9e nickel<\/li>\n<li>Conducteur du c\u00e2ble : Cuivre \u00e9tam\u00e9<\/li>\n<li>Isolation : PE SKIN\/HDPE mouss\u00e9<\/li>\n<li>Calibre des fils : 32\/32\/26AWG<\/li>\n<li>Bo\u00eetier : Coque en ABS<\/li>\n<li>Gaine : PVC<\/li>\n<li>Diam\u00e8tre ext\u00e9rieur : 4,2\u00b10,2mm<\/li>\n<li>Conformit\u00e9 : RoHS, REACH, CE<\/li>\n<\/ul>\n<p>En outre, test\u00e9 rigoureusement pour r\u00e9pondre aux normes de l'industrie, il b\u00e9n\u00e9ficie d'une garantie de 2 ans de la part de Farsince. En r\u00e9sum\u00e9, contactez-nous d\u00e8s aujourd'hui et commandez le hub USB C avec alimentation \u00e9lectrique.<\/p>","protected":false},"excerpt":{"rendered":"<p>Transformez le port USB-C unique en plusieurs ports avec le hub USB C 4 en 1 3 ports USB 3.0 de haute qualit\u00e9 avec alimentation pour un transfert de donn\u00e9es rapide, une charge simultan\u00e9e et une connexion sans tracas.<\/p>","protected":false},"featured_media":15413,"template":"","meta":{"_acf_changed":false,"_seopress_robots_primary_cat":"","_seopress_titles_title":"3 Port USB C Hub with Power Delivery - Farsince","_seopress_titles_desc":"Transform the single USB-C port into multiple with the high-quality USB C hub with power delivery for fast data transfer and hassle-free connection.","_seopress_robots_index":"","site-sidebar-layout":"default","site-content-layout":"default","ast-site-content-layout":"default","site-content-style":"default","site-sidebar-style":"default","ast-global-header-display":"","ast-banner-title-visibility":"","ast-main-header-display":"","ast-hfb-above-header-display":"","ast-hfb-below-header-display":"","ast-hfb-mobile-header-display":"","site-post-title":"","ast-breadcrumbs-content":"","ast-featured-img":"","footer-sml-layout":"","ast-disable-related-posts":"","theme-transparent-header-meta":"default","adv-header-id-meta":"","stick-header-meta":"","header-above-stick-meta":"","header-main-stick-meta":"","header-below-stick-meta":"","astra-migrate-meta-layouts":"set","ast-page-background-enabled":"default","ast-page-background-meta":{"desktop":{"background-color":"","background-image":"","background-repeat":"repeat","background-position":"center center","background-size":"auto","background-attachment":"scroll","background-type":"","background-media":"","overlay-type":"","overlay-color":"","overlay-opacity":"","overlay-gradient":""},"tablet":{"background-color":"","background-image":"","background-repeat":"repeat","background-position":"center center","background-size":"auto","background-attachment":"scroll","background-type":"","background-media":"","overlay-type":"","overlay-color":"","overlay-opacity":"","overlay-gradient":""},"mobile":{"background-color":"","background-image":"","background-repeat":"repeat","background-position":"center center","background-size":"auto","background-attachment":"scroll","background-type":"","background-media":"","overlay-type":"","overlay-color":"","overlay-opacity":"","overlay-gradient":""}},"ast-content-background-meta":{"desktop":{"background-color":"var(--ast-global-color-5)","background-image":"","background-repeat":"repeat","background-position":"center center","background-size":"auto","background-attachment":"scroll","background-type":"","background-media":"","overlay-type":"","overlay-color":"","overlay-opacity":"","overlay-gradient":""},"tablet":{"background-color":"var(--ast-global-color-5)","background-image":"","background-repeat":"repeat","background-position":"center center","background-size":"auto","background-attachment":"scroll","background-type":"","background-media":"","overlay-type":"","overlay-color":"","overlay-opacity":"","overlay-gradient":""},"mobile":{"background-color":"var(--ast-global-color-5)","background-image":"","background-repeat":"repeat","background-position":"center center","background-size":"auto","background-attachment":"scroll","background-type":"","background-media":"","overlay-type":"","overlay-color":"","overlay-opacity":"","overlay-gradient":""}},"iawp_total_views":3},"product_brand":[],"product_cat":[222],"product_tag":[],"class_list":{"0":"post-15398","1":"product","2":"type-product","3":"status-publish","4":"has-post-thumbnail","6":"product_cat-usb-c-cables","7":"desktop-align-left","8":"tablet-align-left","9":"mobile-align-left","11":"first","12":"instock","13":"shipping-taxable","14":"purchasable","15":"product-type-simple"},"acf":[],"_links":{"self":[{"href":"https:\/\/www.fjpremium.com\/fr\/wp-json\/wp\/v2\/product\/15398","targetHints":{"allow":["GET"]}}],"collection":[{"href":"https:\/\/www.fjpremium.com\/fr\/wp-json\/wp\/v2\/product"}],"about":[{"href":"https:\/\/www.fjpremium.com\/fr\/wp-json\/wp\/v2\/types\/product"}],"wp:featuredmedia":[{"embeddable":true,"href":"https:\/\/www.fjpremium.com\/fr\/wp-json\/wp\/v2\/media\/15413"}],"wp:attachment":[{"href":"https:\/\/www.fjpremium.com\/fr\/wp-json\/wp\/v2\/media?parent=15398"}],"wp:term":[{"taxonomy":"product_brand","embeddable":true,"href":"https:\/\/www.fjpremium.com\/fr\/wp-json\/wp\/v2\/product_brand?post=15398"},{"taxonomy":"product_cat","embeddable":true,"href":"https:\/\/www.fjpremium.com\/fr\/wp-json\/wp\/v2\/product_cat?post=15398"},{"taxonomy":"product_tag","embeddable":true,"href":"https:\/\/www.fjpremium.com\/fr\/wp-json\/wp\/v2\/product_tag?post=15398"}],"curies":[{"name":"wp","href":"https:\/\/api.w.org\/{rel}","templated":true}]}}