{"id":15346,"date":"2020-05-29T14:48:05","date_gmt":"2020-05-29T06:48:05","guid":{"rendered":"https:\/\/www.fjpremium.com\/?post_type=product&#038;p=15346"},"modified":"2023-09-18T14:53:01","modified_gmt":"2023-09-18T06:53:01","slug":"usb-3-1-type-c-usb-c-male-to-mini-displayport-female-adapter","status":"publish","type":"product","link":"https:\/\/www.fjpremium.com\/fr\/product\/usb-3-1-type-c-usb-c-male-to-mini-displayport-female-adapter\/","title":{"rendered":"Adaptateur m\u00e2le-femelle USB C vers Mini DP"},"content":{"rendered":"<p>L'adaptateur utilise les capacit\u00e9s audio\/vid\u00e9o inh\u00e9rentes aux ports USB Type-C, g\u00e9n\u00e9rant un signal audiovisuel de qualit\u00e9 sup\u00e9rieure sur votre installation DisplayPort.<\/p>\n<p>Capable de supporter une remarquable r\u00e9solution 4K \u00e0 60 Hz, il garantit des images exquises sur l'\u00e9cran connect\u00e9.<\/p>\n<p>Accessoire indispensable pour les environnements BYOD dans les sph\u00e8res de l'\u00e9ducation ou de l'entreprise, sa taille compacte r\u00e9pond aux besoins de portabilit\u00e9.<\/p>\n<p>Promettant une fonctionnalit\u00e9 plug-and-play, notre concentrateur de qualit\u00e9 sup\u00e9rieure \u00e9limine le besoin de pilotes suppl\u00e9mentaires.<\/p>\n<p>Ses caract\u00e9ristiques :<\/p>\n<ul>\n<li>Contact plaqu\u00e9 or ; coque plaqu\u00e9e or<\/li>\n<li>Conducteur du c\u00e2ble : Cuivre \u00e9tam\u00e9<\/li>\n<li>Isolation : PE SKIN\/HDPE mouss\u00e9<\/li>\n<li>Calibre des fils : 32\/32\/26AWG<\/li>\n<li>Triple blindage : paire torsad\u00e9e de feuilles d'aluminium, feuilles d'aluminium globales, tresse.<\/li>\n<li>Bo\u00eetier : Coque en ABS<\/li>\n<li>Chipset : VL100 32P<\/li>\n<li>Gaine : PVC<\/li>\n<li>Diam\u00e8tre ext\u00e9rieur : 4,5\u00b10,2mm<\/li>\n<li>Conformit\u00e9 : RoHS, REACH, CE<\/li>\n<\/ul>\n<p>De plus, certifi\u00e9 conforme aux normes de l'industrie, il est couvert par la garantie de 2 ans de Farsince. Contactez-nous d\u00e8s aujourd'hui et investissez dans notre adaptateur USB C vers mini DP.<\/p>","protected":false},"excerpt":{"rendered":"<p>Nous vous pr\u00e9sentons cet adaptateur USB C m\u00e2le-femelle vers mini DP, compact, pr\u00eat \u00e0 l'emploi et test\u00e9 en profondeur, qui convient parfaitement aux environnements BYOD.<\/p>","protected":false},"featured_media":15368,"template":"","meta":{"_acf_changed":false,"_seopress_robots_primary_cat":"","_seopress_titles_title":"Best Male to Female USB C to Mini DP Adapter - FARSINCE","_seopress_titles_desc":"","_seopress_robots_index":"","site-sidebar-layout":"default","site-content-layout":"default","ast-site-content-layout":"default","site-content-style":"default","site-sidebar-style":"default","ast-global-header-display":"","ast-banner-title-visibility":"","ast-main-header-display":"","ast-hfb-above-header-display":"","ast-hfb-below-header-display":"","ast-hfb-mobile-header-display":"","site-post-title":"","ast-breadcrumbs-content":"","ast-featured-img":"","footer-sml-layout":"","ast-disable-related-posts":"","theme-transparent-header-meta":"default","adv-header-id-meta":"","stick-header-meta":"","header-above-stick-meta":"","header-main-stick-meta":"","header-below-stick-meta":"","astra-migrate-meta-layouts":"set","ast-page-background-enabled":"default","ast-page-background-meta":{"desktop":{"background-color":"","background-image":"","background-repeat":"repeat","background-position":"center center","background-size":"auto","background-attachment":"scroll","background-type":"","background-media":"","overlay-type":"","overlay-color":"","overlay-opacity":"","overlay-gradient":""},"tablet":{"background-color":"","background-image":"","background-repeat":"repeat","background-position":"center center","background-size":"auto","background-attachment":"scroll","background-type":"","background-media":"","overlay-type":"","overlay-color":"","overlay-opacity":"","overlay-gradient":""},"mobile":{"background-color":"","background-image":"","background-repeat":"repeat","background-position":"center center","background-size":"auto","background-attachment":"scroll","background-type":"","background-media":"","overlay-type":"","overlay-color":"","overlay-opacity":"","overlay-gradient":""}},"ast-content-background-meta":{"desktop":{"background-color":"var(--ast-global-color-5)","background-image":"","background-repeat":"repeat","background-position":"center center","background-size":"auto","background-attachment":"scroll","background-type":"","background-media":"","overlay-type":"","overlay-color":"","overlay-opacity":"","overlay-gradient":""},"tablet":{"background-color":"var(--ast-global-color-5)","background-image":"","background-repeat":"repeat","background-position":"center center","background-size":"auto","background-attachment":"scroll","background-type":"","background-media":"","overlay-type":"","overlay-color":"","overlay-opacity":"","overlay-gradient":""},"mobile":{"background-color":"var(--ast-global-color-5)","background-image":"","background-repeat":"repeat","background-position":"center center","background-size":"auto","background-attachment":"scroll","background-type":"","background-media":"","overlay-type":"","overlay-color":"","overlay-opacity":"","overlay-gradient":""}},"iawp_total_views":6},"product_brand":[],"product_cat":[222],"product_tag":[],"class_list":{"0":"post-15346","1":"product","2":"type-product","3":"status-publish","4":"has-post-thumbnail","6":"product_cat-usb-c-cables","7":"desktop-align-left","8":"tablet-align-left","9":"mobile-align-left","11":"first","12":"instock","13":"shipping-taxable","14":"purchasable","15":"product-type-simple"},"acf":[],"_links":{"self":[{"href":"https:\/\/www.fjpremium.com\/fr\/wp-json\/wp\/v2\/product\/15346","targetHints":{"allow":["GET"]}}],"collection":[{"href":"https:\/\/www.fjpremium.com\/fr\/wp-json\/wp\/v2\/product"}],"about":[{"href":"https:\/\/www.fjpremium.com\/fr\/wp-json\/wp\/v2\/types\/product"}],"wp:featuredmedia":[{"embeddable":true,"href":"https:\/\/www.fjpremium.com\/fr\/wp-json\/wp\/v2\/media\/15368"}],"wp:attachment":[{"href":"https:\/\/www.fjpremium.com\/fr\/wp-json\/wp\/v2\/media?parent=15346"}],"wp:term":[{"taxonomy":"product_brand","embeddable":true,"href":"https:\/\/www.fjpremium.com\/fr\/wp-json\/wp\/v2\/product_brand?post=15346"},{"taxonomy":"product_cat","embeddable":true,"href":"https:\/\/www.fjpremium.com\/fr\/wp-json\/wp\/v2\/product_cat?post=15346"},{"taxonomy":"product_tag","embeddable":true,"href":"https:\/\/www.fjpremium.com\/fr\/wp-json\/wp\/v2\/product_tag?post=15346"}],"curies":[{"name":"wp","href":"https:\/\/api.w.org\/{rel}","templated":true}]}}