{"id":15325,"date":"2020-05-29T14:41:14","date_gmt":"2020-05-29T06:41:14","guid":{"rendered":"https:\/\/www.fjpremium.com\/?post_type=product&#038;p=15325"},"modified":"2023-09-18T17:30:57","modified_gmt":"2023-09-18T09:30:57","slug":"usb-3-1-type-c-usb-c-male-to-hdmi-female-adapter4k-ready","status":"publish","type":"product","link":"https:\/\/www.fjpremium.com\/fr\/product\/usb-3-1-type-c-usb-c-male-to-hdmi-female-adapter4k-ready\/","title":{"rendered":"Adaptateur USB-C m\u00e2le vers HDMI femelle, compatible 4K"},"content":{"rendered":"<p>Notre adaptateur r\u00e9pond \u00e0 divers besoins de connexion, servant de pont id\u00e9al entre votre p\u00e9riph\u00e9rique USB de type C et les \u00e9crans compatibles HDMI.<\/p>\n<p>Sa capacit\u00e9 \u00e0 transmettre des signaux audio et vid\u00e9o \u00e0 une r\u00e9solution allant jusqu'\u00e0 4K (3840\u00d72160 @ 60Hz) permet une imagerie de haute qualit\u00e9.<\/p>\n<p>Le design compact et l\u00e9ger de cet adaptateur USB-C m\u00e2le vers HDMI femelle favorise la portabilit\u00e9, ce qui le rend id\u00e9al pour les applications BYOD dans divers environnements tels que les bureaux d'entreprise ou les \u00e9tablissements d'enseignement.<\/p>\n<p>Ses caract\u00e9ristiques :<\/p>\n<ul>\n<li>Connecteur 1 : USB Type-C m\u00e2le<\/li>\n<li>Connecteur 2 : HDMI 19 broches femelle<\/li>\n<li>Contact plaqu\u00e9 or, coque plaqu\u00e9e or<\/li>\n<li>Conducteur du c\u00e2ble : Cuivre \u00e9tam\u00e9<\/li>\n<li>Isolation : PE SKIN\/HDPE mouss\u00e9<\/li>\n<li>Calibre des fils : 32\/32\/26AWG<\/li>\n<li>Triple blindage : paire torsad\u00e9e de feuilles d'aluminium, feuilles d'aluminium globales, tresse.<\/li>\n<li>Bo\u00eetier : Coque en ABS<\/li>\n<li>Chipset : RTD2171U\/RTD2172U\/AG9310\/LT8711EH<\/li>\n<li>Gaine : PVC<\/li>\n<li>Diam\u00e8tre ext\u00e9rieur : 4,5\u00b10,2 mm<\/li>\n<li>Conformit\u00e9 : RoHS, REACH, CE<\/li>\n<\/ul>\n<p>De plus, son connecteur USB de type C r\u00e9versible et sa capacit\u00e9 plug-and-play garantissent une utilisation sans souci. En bref, contactez-nous d\u00e8s aujourd'hui et commandez le c\u00e2ble.<\/p>","protected":false},"excerpt":{"rendered":"<p>Am\u00e9liorez votre connectivit\u00e9 avec l&#039;adaptateur USB-C m\u00e2le vers HDMI femelle de Farsince, parfait pour une transmission audio\/vid\u00e9o de haute qualit\u00e9 jusqu&#039;\u00e0 une r\u00e9solution 4K.<\/p>","protected":false},"featured_media":15327,"template":"","meta":{"_acf_changed":false,"_seopress_robots_primary_cat":"","_seopress_titles_title":"USB-C Male to HDMI Female Adapter,4K ready - FARSINCE","_seopress_titles_desc":"","_seopress_robots_index":"","site-sidebar-layout":"default","site-content-layout":"default","ast-site-content-layout":"default","site-content-style":"default","site-sidebar-style":"default","ast-global-header-display":"","ast-banner-title-visibility":"","ast-main-header-display":"","ast-hfb-above-header-display":"","ast-hfb-below-header-display":"","ast-hfb-mobile-header-display":"","site-post-title":"","ast-breadcrumbs-content":"","ast-featured-img":"","footer-sml-layout":"","ast-disable-related-posts":"","theme-transparent-header-meta":"default","adv-header-id-meta":"","stick-header-meta":"","header-above-stick-meta":"","header-main-stick-meta":"","header-below-stick-meta":"","astra-migrate-meta-layouts":"set","ast-page-background-enabled":"default","ast-page-background-meta":{"desktop":{"background-color":"","background-image":"","background-repeat":"repeat","background-position":"center center","background-size":"auto","background-attachment":"scroll","background-type":"","background-media":"","overlay-type":"","overlay-color":"","overlay-opacity":"","overlay-gradient":""},"tablet":{"background-color":"","background-image":"","background-repeat":"repeat","background-position":"center center","background-size":"auto","background-attachment":"scroll","background-type":"","background-media":"","overlay-type":"","overlay-color":"","overlay-opacity":"","overlay-gradient":""},"mobile":{"background-color":"","background-image":"","background-repeat":"repeat","background-position":"center center","background-size":"auto","background-attachment":"scroll","background-type":"","background-media":"","overlay-type":"","overlay-color":"","overlay-opacity":"","overlay-gradient":""}},"ast-content-background-meta":{"desktop":{"background-color":"var(--ast-global-color-5)","background-image":"","background-repeat":"repeat","background-position":"center center","background-size":"auto","background-attachment":"scroll","background-type":"","background-media":"","overlay-type":"","overlay-color":"","overlay-opacity":"","overlay-gradient":""},"tablet":{"background-color":"var(--ast-global-color-5)","background-image":"","background-repeat":"repeat","background-position":"center center","background-size":"auto","background-attachment":"scroll","background-type":"","background-media":"","overlay-type":"","overlay-color":"","overlay-opacity":"","overlay-gradient":""},"mobile":{"background-color":"var(--ast-global-color-5)","background-image":"","background-repeat":"repeat","background-position":"center center","background-size":"auto","background-attachment":"scroll","background-type":"","background-media":"","overlay-type":"","overlay-color":"","overlay-opacity":"","overlay-gradient":""}},"iawp_total_views":2},"product_brand":[],"product_cat":[222],"product_tag":[],"class_list":{"0":"post-15325","1":"product","2":"type-product","3":"status-publish","4":"has-post-thumbnail","6":"product_cat-usb-c-cables","7":"desktop-align-left","8":"tablet-align-left","9":"mobile-align-left","11":"first","12":"instock","13":"shipping-taxable","14":"purchasable","15":"product-type-simple"},"acf":[],"_links":{"self":[{"href":"https:\/\/www.fjpremium.com\/fr\/wp-json\/wp\/v2\/product\/15325","targetHints":{"allow":["GET"]}}],"collection":[{"href":"https:\/\/www.fjpremium.com\/fr\/wp-json\/wp\/v2\/product"}],"about":[{"href":"https:\/\/www.fjpremium.com\/fr\/wp-json\/wp\/v2\/types\/product"}],"wp:featuredmedia":[{"embeddable":true,"href":"https:\/\/www.fjpremium.com\/fr\/wp-json\/wp\/v2\/media\/15327"}],"wp:attachment":[{"href":"https:\/\/www.fjpremium.com\/fr\/wp-json\/wp\/v2\/media?parent=15325"}],"wp:term":[{"taxonomy":"product_brand","embeddable":true,"href":"https:\/\/www.fjpremium.com\/fr\/wp-json\/wp\/v2\/product_brand?post=15325"},{"taxonomy":"product_cat","embeddable":true,"href":"https:\/\/www.fjpremium.com\/fr\/wp-json\/wp\/v2\/product_cat?post=15325"},{"taxonomy":"product_tag","embeddable":true,"href":"https:\/\/www.fjpremium.com\/fr\/wp-json\/wp\/v2\/product_tag?post=15325"}],"curies":[{"name":"wp","href":"https:\/\/api.w.org\/{rel}","templated":true}]}}