{"id":15260,"date":"2020-05-29T14:17:12","date_gmt":"2020-05-29T06:17:12","guid":{"rendered":"https:\/\/www.fjpremium.com\/?post_type=product&#038;p=15260"},"modified":"2023-09-18T17:34:52","modified_gmt":"2023-09-18T09:34:52","slug":"usb-3-1-type-c-usb-c-male-to-hdmi-male-adapter-cable","status":"publish","type":"product","link":"https:\/\/www.fjpremium.com\/fr\/product\/usb-3-1-type-c-usb-c-male-to-hdmi-male-adapter-cable\/","title":{"rendered":"Adaptateur m\u00e2le-m\u00e2le, c\u00e2ble Type C vers HDMI, jusqu'\u00e0 8K@60Hz"},"content":{"rendered":"<p>Le c\u00e2ble adaptateur USB 3.1 Type C (USB-C) m\u00e2le vers HDMI m\u00e2le est un produit de haute qualit\u00e9 qui permet de connecter les appareils \u00e9quip\u00e9s d'un port USB Type C et les \u00e9crans dot\u00e9s d'un port HDMI, tels que les t\u00e9l\u00e9viseurs HD, les moniteurs et les projecteurs.<\/p>\n<p>Capable de prendre en charge une r\u00e9solution allant jusqu'\u00e0 8k@60Hz, il offre une image vid\u00e9o de haute qualit\u00e9 pour une exp\u00e9rience de visionnage immersive. De plus, le connecteur USB de type C est r\u00e9versible et sym\u00e9trique, ce qui simplifie le processus de connexion.<\/p>\n<p>Notre c\u00e2ble Type C vers HDMI est fabriqu\u00e9 en cuivre \u00e9tam\u00e9 et est triplement blind\u00e9 avec une feuille d'aluminium et une tresse pour garantir un signal fiable et sans interf\u00e9rences.<\/p>\n<p>Le bo\u00eetier est en ABS ou en aluminium durable, et le diam\u00e8tre ext\u00e9rieur est de 4,5\u00b10,2 mm.<\/p>\n<p>Ses caract\u00e9ristiques :<\/p>\n<ul>\n<li>Connecteur 1 : USB Type-C m\u00e2le<\/li>\n<li>Connecteur 2 : HDMI 19 broches m\u00e2le<\/li>\n<li>Contact plaqu\u00e9 or, coque plaqu\u00e9e or<\/li>\n<li>Conducteur du c\u00e2ble : Cuivre \u00e9tam\u00e9<\/li>\n<li>Isolation : PE SKIN\/HDPE mouss\u00e9<\/li>\n<li>Calibre des fils : 32\/32\/26AWG<\/li>\n<li>Chipset : RTD2171U ou AG9310 ou RTD2172U<\/li>\n<li>Gaine : PVC<\/li>\n<\/ul>\n<p>En outre, il est conforme aux normes RoHS, REACH et CE et b\u00e9n\u00e9ficie d'une garantie de 2 ans de la part de Farsince. N'h\u00e9sitez donc pas \u00e0 nous contacter d\u00e8s aujourd'hui pour commander ce c\u00e2ble.<\/p>","protected":false},"excerpt":{"rendered":"<p>Profitez d'une transmission vid\u00e9o de haute qualit\u00e9 avec le c\u00e2ble USB 3.1 Type C vers HDMI de Farsince, capable de prendre en charge une r\u00e9solution de 8K@60Hz.<\/p>","protected":false},"featured_media":16869,"template":"","meta":{"_acf_changed":false,"_seopress_robots_primary_cat":"","_seopress_titles_title":"Male to Male Adapter, Type C to HDMI Cable - Farsince","_seopress_titles_desc":"","_seopress_robots_index":"","site-sidebar-layout":"default","site-content-layout":"default","ast-site-content-layout":"default","site-content-style":"default","site-sidebar-style":"default","ast-global-header-display":"","ast-banner-title-visibility":"","ast-main-header-display":"","ast-hfb-above-header-display":"","ast-hfb-below-header-display":"","ast-hfb-mobile-header-display":"","site-post-title":"","ast-breadcrumbs-content":"","ast-featured-img":"","footer-sml-layout":"","ast-disable-related-posts":"","theme-transparent-header-meta":"default","adv-header-id-meta":"","stick-header-meta":"","header-above-stick-meta":"","header-main-stick-meta":"","header-below-stick-meta":"","astra-migrate-meta-layouts":"set","ast-page-background-enabled":"default","ast-page-background-meta":{"desktop":{"background-color":"","background-image":"","background-repeat":"repeat","background-position":"center center","background-size":"auto","background-attachment":"scroll","background-type":"","background-media":"","overlay-type":"","overlay-color":"","overlay-opacity":"","overlay-gradient":""},"tablet":{"background-color":"","background-image":"","background-repeat":"repeat","background-position":"center center","background-size":"auto","background-attachment":"scroll","background-type":"","background-media":"","overlay-type":"","overlay-color":"","overlay-opacity":"","overlay-gradient":""},"mobile":{"background-color":"","background-image":"","background-repeat":"repeat","background-position":"center center","background-size":"auto","background-attachment":"scroll","background-type":"","background-media":"","overlay-type":"","overlay-color":"","overlay-opacity":"","overlay-gradient":""}},"ast-content-background-meta":{"desktop":{"background-color":"var(--ast-global-color-5)","background-image":"","background-repeat":"repeat","background-position":"center center","background-size":"auto","background-attachment":"scroll","background-type":"","background-media":"","overlay-type":"","overlay-color":"","overlay-opacity":"","overlay-gradient":""},"tablet":{"background-color":"var(--ast-global-color-5)","background-image":"","background-repeat":"repeat","background-position":"center center","background-size":"auto","background-attachment":"scroll","background-type":"","background-media":"","overlay-type":"","overlay-color":"","overlay-opacity":"","overlay-gradient":""},"mobile":{"background-color":"var(--ast-global-color-5)","background-image":"","background-repeat":"repeat","background-position":"center center","background-size":"auto","background-attachment":"scroll","background-type":"","background-media":"","overlay-type":"","overlay-color":"","overlay-opacity":"","overlay-gradient":""}},"iawp_total_views":2},"product_brand":[],"product_cat":[222],"product_tag":[],"class_list":{"0":"post-15260","1":"product","2":"type-product","3":"status-publish","4":"has-post-thumbnail","6":"product_cat-usb-c-cables","7":"desktop-align-left","8":"tablet-align-left","9":"mobile-align-left","11":"first","12":"instock","13":"shipping-taxable","14":"purchasable","15":"product-type-simple"},"acf":[],"_links":{"self":[{"href":"https:\/\/www.fjpremium.com\/fr\/wp-json\/wp\/v2\/product\/15260","targetHints":{"allow":["GET"]}}],"collection":[{"href":"https:\/\/www.fjpremium.com\/fr\/wp-json\/wp\/v2\/product"}],"about":[{"href":"https:\/\/www.fjpremium.com\/fr\/wp-json\/wp\/v2\/types\/product"}],"wp:featuredmedia":[{"embeddable":true,"href":"https:\/\/www.fjpremium.com\/fr\/wp-json\/wp\/v2\/media\/16869"}],"wp:attachment":[{"href":"https:\/\/www.fjpremium.com\/fr\/wp-json\/wp\/v2\/media?parent=15260"}],"wp:term":[{"taxonomy":"product_brand","embeddable":true,"href":"https:\/\/www.fjpremium.com\/fr\/wp-json\/wp\/v2\/product_brand?post=15260"},{"taxonomy":"product_cat","embeddable":true,"href":"https:\/\/www.fjpremium.com\/fr\/wp-json\/wp\/v2\/product_cat?post=15260"},{"taxonomy":"product_tag","embeddable":true,"href":"https:\/\/www.fjpremium.com\/fr\/wp-json\/wp\/v2\/product_tag?post=15260"}],"curies":[{"name":"wp","href":"https:\/\/api.w.org\/{rel}","templated":true}]}}