{"id":15191,"date":"2020-05-29T13:52:30","date_gmt":"2020-05-29T05:52:30","guid":{"rendered":"https:\/\/www.fjpremium.com\/?post_type=product&#038;p=15191"},"modified":"2023-12-14T13:56:47","modified_gmt":"2023-12-14T05:56:47","slug":"30awg-ultra-slim-cat8-s-ftp-shielded-twisted-4-pairs-patch-cord-40gbase-t2000mhz","status":"publish","type":"product","link":"https:\/\/www.fjpremium.com\/fr\/product\/30awg-ultra-slim-cat8-s-ftp-shielded-twisted-4-pairs-patch-cord-40gbase-t2000mhz\/","title":{"rendered":"F\/FTP Slim Cat8 Network Cable 28AWG 30AWG 32AWG"},"content":{"rendered":"<p>Id\u00e9al pour la maison ou le bureau, notre c\u00e2ble r\u00e9seau cat8 prend en charge l'Ethernet Gigabit 10GBase-T et offre des performances exceptionnelles gr\u00e2ce \u00e0 sa double construction enti\u00e8rement blind\u00e9e, prot\u00e9geant contre les bruits EMI\/RFI et les interf\u00e9rences \u00e9lectromagn\u00e9tiques.<\/p>\n<p>R\u00e9pondant ou d\u00e9passant les normes de la cat\u00e9gorie 8 conform\u00e9ment aux sp\u00e9cifications TIA\/EIA-568-C.2, il assure un transfert de donn\u00e9es \u00e0 grande vitesse avec une bande passante allant jusqu'\u00e0 2000 MHz, parfait pour les applications de serveur, l'informatique en nuage, la vid\u00e9osurveillance et le streaming vid\u00e9o haute d\u00e9finition en ligne.<\/p>\n<p>Ce c\u00e2ble r\u00e9seau cat8 offre des options de c\u00e2ble toronn\u00e9 28AWG (7\/0,12mm), 30AWG (7\/0,10mm) et 32AWG (7\/0,08mm) pour une flexibilit\u00e9 maximale, un blindage individuel par feuille d'aluminium pour chaque paire et une conformit\u00e9 aux sp\u00e9cifications ISO\/IEC 11801.<\/p>\n<p>En outre, con\u00e7u pour r\u00e9pondre aux exigences architecturales des centres de donn\u00e9es, le c\u00e2ble est disponible en diff\u00e9rentes couleurs et longueurs pour r\u00e9pondre \u00e0 vos besoins et est conforme aux normes RoHS et REACH.<\/p>\n<p>Il s'enorgueillit :<\/p>\n<ul>\n<li>Conducteurs : Cuivre nu ou cuivre \u00e9tam\u00e9<\/li>\n<li>Isolation : Mousse PE, code couleur par paires<\/li>\n<li>Fil de drainage : 28AWG (7\/0.12mm), 30AWG (7\/0.10mm), 32AWG (7\/0.08mm)<\/li>\n<li>Gaine : PVC<\/li>\n<li>Diam\u00e8tres ext\u00e9rieurs : 28AWG (5,3 mm), 30AWG (4,3 mm), 32AWG (3,8 mm)<\/li>\n<li>Connecteurs : RJ45 Cat8 FTP, contacts dor\u00e9s 50U, coques nickel\u00e9es<\/li>\n<li>Test\u00e9 : Testeur Fluke pour des performances fiables<\/li>\n<\/ul>\n<p>D\u00e9couvrez donc la diff\u00e9rence en termes de vitesse, de flexibilit\u00e9 et de durabilit\u00e9 avec ce c\u00e2ble r\u00e9seau cat8 de pointe, et faites passer votre exp\u00e9rience de r\u00e9seau \u00e0 de nouveaux sommets.<\/p>\n<h2>T\u00e9l\u00e9charger :<\/h2>\n<ul>\n<li>Fiche technique du cordon de raccordement ultrafin Cat8 S\/FTP non blind\u00e9 torsad\u00e9 4 paires<\/li>\n<\/ul>\n<h2>Informations sur la commande :<\/h2>\n<p>FS17110C1**-xxx : 28AWG ultra thin Cat8 S\/FTP unshielded twisted 4 pairs patch cord<\/p>\n<p>FS17110C2**-xxx : 30AWG ultra thin Cat8 S\/FTP unshielded twisted 4 pairs patch cord<\/p>\n<p>FS17110C3**-xxx : Cordon de raccordement ultra fin 32AWG Cat8 S\/FTP non blind\u00e9 torsad\u00e9 4 paires<\/p>\n<ul>\n<li>**=couleur : GY=GREY, BK=BLACK, WT=WHITE, BU=BLUE, RD=RED, YL=YELLOW, OG=ORANGE, GN=GREEN<\/li>\n<li>xxx=Longueur : 003=0,3M, 005=0,5M, 010=1,0M, 018=1,8M, 030=3,0M, 050=5,0M, 075=7,5M, 100=10M, 200=20M, 300=30M<\/li>\n<li>Par exemple : FS17110C1BU-018=28AWG Cat8 S\/FTP non blind\u00e9 torsad\u00e9 4 paires, Couleur bleue, Longueur 1.8M<\/li>\n<\/ul>","protected":false},"excerpt":{"rendered":"<p>Nous vous pr\u00e9sentons le c\u00e2ble r\u00e9seau Farsince F\/FTP slim cat8, la solution parfaite pour cr\u00e9er une connexion r\u00e9seau s\u00e9curis\u00e9e dans les environnements EMI\/RFI bruyants.<\/p>","protected":false},"featured_media":16707,"template":"","meta":{"_acf_changed":false,"_seopress_robots_primary_cat":"","_seopress_titles_title":"Best Cat8 Network Cable - Farsince","_seopress_titles_desc":"","_seopress_robots_index":"","site-sidebar-layout":"default","site-content-layout":"default","ast-site-content-layout":"default","site-content-style":"default","site-sidebar-style":"default","ast-global-header-display":"","ast-banner-title-visibility":"","ast-main-header-display":"","ast-hfb-above-header-display":"","ast-hfb-below-header-display":"","ast-hfb-mobile-header-display":"","site-post-title":"","ast-breadcrumbs-content":"","ast-featured-img":"","footer-sml-layout":"","ast-disable-related-posts":"","theme-transparent-header-meta":"default","adv-header-id-meta":"","stick-header-meta":"","header-above-stick-meta":"","header-main-stick-meta":"","header-below-stick-meta":"","astra-migrate-meta-layouts":"default","ast-page-background-enabled":"default","ast-page-background-meta":{"desktop":{"background-color":"","background-image":"","background-repeat":"repeat","background-position":"center center","background-size":"auto","background-attachment":"scroll","background-type":"","background-media":"","overlay-type":"","overlay-color":"","overlay-opacity":"","overlay-gradient":""},"tablet":{"background-color":"","background-image":"","background-repeat":"repeat","background-position":"center center","background-size":"auto","background-attachment":"scroll","background-type":"","background-media":"","overlay-type":"","overlay-color":"","overlay-opacity":"","overlay-gradient":""},"mobile":{"background-color":"","background-image":"","background-repeat":"repeat","background-position":"center center","background-size":"auto","background-attachment":"scroll","background-type":"","background-media":"","overlay-type":"","overlay-color":"","overlay-opacity":"","overlay-gradient":""}},"ast-content-background-meta":{"desktop":{"background-color":"var(--ast-global-color-5)","background-image":"","background-repeat":"repeat","background-position":"center center","background-size":"auto","background-attachment":"scroll","background-type":"","background-media":"","overlay-type":"","overlay-color":"","overlay-opacity":"","overlay-gradient":""},"tablet":{"background-color":"var(--ast-global-color-5)","background-image":"","background-repeat":"repeat","background-position":"center center","background-size":"auto","background-attachment":"scroll","background-type":"","background-media":"","overlay-type":"","overlay-color":"","overlay-opacity":"","overlay-gradient":""},"mobile":{"background-color":"var(--ast-global-color-5)","background-image":"","background-repeat":"repeat","background-position":"center center","background-size":"auto","background-attachment":"scroll","background-type":"","background-media":"","overlay-type":"","overlay-color":"","overlay-opacity":"","overlay-gradient":""}},"iawp_total_views":27},"product_brand":[],"product_cat":[631,209],"product_tag":[],"class_list":{"0":"post-15191","1":"product","2":"type-product","3":"status-publish","4":"has-post-thumbnail","6":"product_cat-patch-cables","7":"product_cat-ethernet-cable","8":"desktop-align-left","9":"tablet-align-left","10":"mobile-align-left","12":"first","13":"instock","14":"shipping-taxable","15":"purchasable","16":"product-type-simple"},"acf":[],"_links":{"self":[{"href":"https:\/\/www.fjpremium.com\/fr\/wp-json\/wp\/v2\/product\/15191","targetHints":{"allow":["GET"]}}],"collection":[{"href":"https:\/\/www.fjpremium.com\/fr\/wp-json\/wp\/v2\/product"}],"about":[{"href":"https:\/\/www.fjpremium.com\/fr\/wp-json\/wp\/v2\/types\/product"}],"wp:featuredmedia":[{"embeddable":true,"href":"https:\/\/www.fjpremium.com\/fr\/wp-json\/wp\/v2\/media\/16707"}],"wp:attachment":[{"href":"https:\/\/www.fjpremium.com\/fr\/wp-json\/wp\/v2\/media?parent=15191"}],"wp:term":[{"taxonomy":"product_brand","embeddable":true,"href":"https:\/\/www.fjpremium.com\/fr\/wp-json\/wp\/v2\/product_brand?post=15191"},{"taxonomy":"product_cat","embeddable":true,"href":"https:\/\/www.fjpremium.com\/fr\/wp-json\/wp\/v2\/product_cat?post=15191"},{"taxonomy":"product_tag","embeddable":true,"href":"https:\/\/www.fjpremium.com\/fr\/wp-json\/wp\/v2\/product_tag?post=15191"}],"curies":[{"name":"wp","href":"https:\/\/api.w.org\/{rel}","templated":true}]}}