{"id":15189,"date":"2020-05-29T13:52:26","date_gmt":"2020-05-29T05:52:26","guid":{"rendered":"https:\/\/www.fjpremium.com\/?post_type=product&#038;p=15189"},"modified":"2023-12-14T13:56:48","modified_gmt":"2023-12-14T05:56:48","slug":"cat8-s-ftp-ethernet-patch-cord-24awg-40gbps-2000mhz","status":"publish","type":"product","link":"https:\/\/www.fjpremium.com\/fr\/product\/cat8-s-ftp-ethernet-patch-cord-24awg-40gbps-2000mhz\/","title":{"rendered":"Best Cat8 Ethernet Cable RJ45 Shield Cat8 Network Cable 24AWG"},"content":{"rendered":"<p>Con\u00e7u pour fonctionner efficacement dans un environnement EMI\/RFI bruyant, notre meilleur c\u00e2ble Ethernet Cat8 est parfait pour construire votre r\u00e9seau domestique ou professionnel avec 10GBase-T Gigabit Ethernet.<\/p>\n<p>Il est doublement blind\u00e9, chaque paire \u00e9tant blind\u00e9e individuellement par une feuille d'aluminium, ce qui assure une protection solide contre les bruits EMI\/RFI et les interf\u00e9rences \u00e9lectromagn\u00e9tiques.<\/p>\n<p>Cela garantit d'excellentes performances en mati\u00e8re d'att\u00e9nuation et de diaphonie.<\/p>\n<p>De plus, le c\u00e2ble respecte ou d\u00e9passe les performances de la cat\u00e9gorie 8 conform\u00e9ment aux sp\u00e9cifications TIA\/EIA-568-C.2 et ISO\/IEC 11801, pla\u00e7ant la barre tr\u00e8s haut en termes de fiabilit\u00e9 et de vitesse.<\/p>\n<p>Avec des conducteurs en cuivre nu am\u00e9liorant les performances du c\u00e2ble et une bande passante \u00e9lev\u00e9e jusqu'\u00e0 2000 MHz, ce c\u00e2ble Ethernet Cat8 durable et flexible garantit un transfert de donn\u00e9es \u00e0 grande vitesse.<\/p>\n<p>Il est donc parfait pour les applications serveur, l'informatique en nuage, la vid\u00e9osurveillance et la diffusion de vid\u00e9os haute d\u00e9finition en ligne.<\/p>\n<p>En outre, les connecteurs RJ45 Cat8 FTP de ce meilleur c\u00e2ble Ethernet Cat8 sont dot\u00e9s de contacts 50U plaqu\u00e9s or et d'une coque nickel\u00e9e, ce qui leur permet de r\u00e9sister \u00e0 la corrosion, d'\u00eatre durables et d'assurer une connexion s\u00e9curis\u00e9e.<\/p>\n<p>De plus, les capuchons de d\u00e9charge de traction moul\u00e9s et les moules sans accrocs renforcent encore la durabilit\u00e9 de ce c\u00e2ble.<\/p>\n<p>Ses caract\u00e9ristiques :<\/p>\n<ul>\n<li>Diam\u00e8tre du fil : 24AWG 7\/0.20\u00b10.015mm<\/li>\n<li>Isolation : Mousse PE<\/li>\n<li>Couleur de l'isolation : bleu\/blanc, bleu ; orange\/blanc, orange ; vert\/blanc, vert ; marron\/blanc, marron<\/li>\n<li>Tresse : Tresse 16\/8\/0.12 Aluminium Magn\u00e9sium<\/li>\n<li>Fil de drainage : 24AWG 7\/0.20 \u00b10.015mm<\/li>\n<li>Gaine : PVC<\/li>\n<li>Diam\u00e8tre ext\u00e9rieur : 8,0\u00b10,2 mm<\/li>\n<li>Test : Testeur Fluke<\/li>\n<\/ul>\n<p>En r\u00e9sum\u00e9, notre c\u00e2ble patch Cat8 S\/FTP double enti\u00e8rement blind\u00e9 est le meilleur c\u00e2ble Ethernet Cat8 pour ceux qui recherchent des connexions r\u00e9seau robustes, fiables et \u00e0 grande vitesse. Sa conception et sa construction sup\u00e9rieures r\u00e9pondent aux exigences de tout environnement \u00e0 fort trafic et \u00e0 forte intensit\u00e9 d'EMI\/RFI.<\/p>\n<h2>T\u00e9l\u00e9charger :<\/h2>\n<ul>\n<li>Fiche technique du cordon de raccordement Cat8 S\/FTP non blind\u00e9 torsad\u00e9 4 paires<\/li>\n<\/ul>\n<h2>Informations sur la commande :<\/h2>\n<p>FS17110A**-xxx : Cordon de raccordement 4 paires torsad\u00e9es blind\u00e9es Cat8 S\/FTP<\/p>\n<ul>\n<li>**=couleur : GY=GREY, BK=BLACK, WT=WHITE, BU=BLUE, RD=RED, YL=YELLOW, OG=ORANGE, GN=GREEN<\/li>\n<li>xxx=Longueur : 003=0,3M, 005=0,5M, 010=1,0M, 018=1,8M, 030=3,0M, 050=5,0M, 075=7,5M, 100=10M, 200=20M, 300=30M<\/li>\n<li>Par exemple : FS17110BU-018= Cordon de raccordement 4 paires torsad\u00e9es blind\u00e9es Cat8 S\/FTP, couleur bleue, longueur 1.8M<\/li>\n<\/ul>","protected":false},"excerpt":{"rendered":"<p>Faites l'exp\u00e9rience d'une performance et d'une connectivit\u00e9 sup\u00e9rieures avec le c\u00e2ble r\u00e9seau Cat8 RJ45 shield de Farsince, largement reconnu comme le meilleur c\u00e2ble Ethernet Cat8 disponible.<\/p>","protected":false},"featured_media":16689,"template":"","meta":{"_acf_changed":false,"_seopress_robots_primary_cat":"","_seopress_titles_title":"Best Cat8 Ethernet Cable - Farsince","_seopress_titles_desc":"","_seopress_robots_index":"","site-sidebar-layout":"default","site-content-layout":"default","ast-site-content-layout":"default","site-content-style":"default","site-sidebar-style":"default","ast-global-header-display":"","ast-banner-title-visibility":"","ast-main-header-display":"","ast-hfb-above-header-display":"","ast-hfb-below-header-display":"","ast-hfb-mobile-header-display":"","site-post-title":"","ast-breadcrumbs-content":"","ast-featured-img":"","footer-sml-layout":"","ast-disable-related-posts":"","theme-transparent-header-meta":"default","adv-header-id-meta":"","stick-header-meta":"","header-above-stick-meta":"","header-main-stick-meta":"","header-below-stick-meta":"","astra-migrate-meta-layouts":"default","ast-page-background-enabled":"default","ast-page-background-meta":{"desktop":{"background-color":"","background-image":"","background-repeat":"repeat","background-position":"center center","background-size":"auto","background-attachment":"scroll","background-type":"","background-media":"","overlay-type":"","overlay-color":"","overlay-opacity":"","overlay-gradient":""},"tablet":{"background-color":"","background-image":"","background-repeat":"repeat","background-position":"center center","background-size":"auto","background-attachment":"scroll","background-type":"","background-media":"","overlay-type":"","overlay-color":"","overlay-opacity":"","overlay-gradient":""},"mobile":{"background-color":"","background-image":"","background-repeat":"repeat","background-position":"center center","background-size":"auto","background-attachment":"scroll","background-type":"","background-media":"","overlay-type":"","overlay-color":"","overlay-opacity":"","overlay-gradient":""}},"ast-content-background-meta":{"desktop":{"background-color":"var(--ast-global-color-5)","background-image":"","background-repeat":"repeat","background-position":"center center","background-size":"auto","background-attachment":"scroll","background-type":"","background-media":"","overlay-type":"","overlay-color":"","overlay-opacity":"","overlay-gradient":""},"tablet":{"background-color":"var(--ast-global-color-5)","background-image":"","background-repeat":"repeat","background-position":"center center","background-size":"auto","background-attachment":"scroll","background-type":"","background-media":"","overlay-type":"","overlay-color":"","overlay-opacity":"","overlay-gradient":""},"mobile":{"background-color":"var(--ast-global-color-5)","background-image":"","background-repeat":"repeat","background-position":"center center","background-size":"auto","background-attachment":"scroll","background-type":"","background-media":"","overlay-type":"","overlay-color":"","overlay-opacity":"","overlay-gradient":""}},"iawp_total_views":11},"product_brand":[],"product_cat":[631,209],"product_tag":[],"class_list":{"0":"post-15189","1":"product","2":"type-product","3":"status-publish","4":"has-post-thumbnail","6":"product_cat-patch-cables","7":"product_cat-ethernet-cable","8":"desktop-align-left","9":"tablet-align-left","10":"mobile-align-left","12":"first","13":"instock","14":"shipping-taxable","15":"purchasable","16":"product-type-simple"},"acf":[],"_links":{"self":[{"href":"https:\/\/www.fjpremium.com\/fr\/wp-json\/wp\/v2\/product\/15189","targetHints":{"allow":["GET"]}}],"collection":[{"href":"https:\/\/www.fjpremium.com\/fr\/wp-json\/wp\/v2\/product"}],"about":[{"href":"https:\/\/www.fjpremium.com\/fr\/wp-json\/wp\/v2\/types\/product"}],"wp:featuredmedia":[{"embeddable":true,"href":"https:\/\/www.fjpremium.com\/fr\/wp-json\/wp\/v2\/media\/16689"}],"wp:attachment":[{"href":"https:\/\/www.fjpremium.com\/fr\/wp-json\/wp\/v2\/media?parent=15189"}],"wp:term":[{"taxonomy":"product_brand","embeddable":true,"href":"https:\/\/www.fjpremium.com\/fr\/wp-json\/wp\/v2\/product_brand?post=15189"},{"taxonomy":"product_cat","embeddable":true,"href":"https:\/\/www.fjpremium.com\/fr\/wp-json\/wp\/v2\/product_cat?post=15189"},{"taxonomy":"product_tag","embeddable":true,"href":"https:\/\/www.fjpremium.com\/fr\/wp-json\/wp\/v2\/product_tag?post=15189"}],"curies":[{"name":"wp","href":"https:\/\/api.w.org\/{rel}","templated":true}]}}