{"id":15188,"date":"2020-05-29T13:52:25","date_gmt":"2020-05-29T05:52:25","guid":{"rendered":"https:\/\/www.fjpremium.com\/?post_type=product&#038;p=15188"},"modified":"2023-12-14T13:56:49","modified_gmt":"2023-12-14T05:56:49","slug":"ultra-thin-cat7-s-ftp-flat-shielded-twisted-4-pairs-patch-cord","status":"publish","type":"product","link":"https:\/\/www.fjpremium.com\/fr\/product\/ultra-thin-cat7-s-ftp-flat-shielded-twisted-4-pairs-patch-cord\/","title":{"rendered":"F\/FTP RJ45 Shield Cat7 Flat Network Cable"},"content":{"rendered":"<p>Ce c\u00e2ble r\u00e9seau plat est con\u00e7u pour l'Ethernet Gigabit 10GBase-T, garantissant un transfert de donn\u00e9es rapide et efficace pour les applications serveur, l'informatique en nuage, la vid\u00e9osurveillance et le streaming vid\u00e9o haute d\u00e9finition en ligne.<\/p>\n<p>Il est dot\u00e9 d'une construction Cat7 F\/FTP enti\u00e8rement blind\u00e9e, chaque paire \u00e9tant blind\u00e9e individuellement par une feuille d'aluminium pour offrir une protection exceptionnelle contre les bruits EMI\/RFI et les interf\u00e9rences \u00e9lectromagn\u00e9tiques.<\/p>\n<p>La conception du c\u00e2ble toronn\u00e9 garantit une flexibilit\u00e9 maximale, tandis que la conception plate permet d'\u00e9viter les enchev\u00eatrements de cordons et d'\u00e9conomiser de l'espace.<\/p>\n<p>Il r\u00e9pond ou d\u00e9passe les sp\u00e9cifications TIA\/EIA-568-C.2 et ISO\/IEC 11801, ce qui garantit des performances de transmission exceptionnelles et de faibles pertes de signal.<\/p>\n<p>Id\u00e9al pour les exigences architecturales des centres de donn\u00e9es, notre c\u00e2ble r\u00e9seau plat offre une installation facile dans les espaces restreints gr\u00e2ce \u00e0 son design plat.<\/p>\n<p>Les connecteurs sont dot\u00e9s de contacts plaqu\u00e9s or et de coques plaqu\u00e9es nickel pour une durabilit\u00e9 et une connexion s\u00fbre.<\/p>\n<p>En outre, les conducteurs en cuivre nu am\u00e9liorent les performances des c\u00e2bles et sont conformes aux sp\u00e9cifications des c\u00e2bles de communication.<\/p>\n<p>Disponibles en diff\u00e9rentes couleurs et longueurs, ces c\u00e2bles sont conformes aux normes ROHS et REACH.<\/p>\n<p>Ses caract\u00e9ristiques :<\/p>\n<ul>\n<li>Gague du fil : 32AWG 7\/0.08\u00b10.008mm<\/li>\n<li>Isolation : Mousse PE<\/li>\n<li>Couleur de l'isolation : bleu\/blanc, bleu ; orange\/blanc, orange ; vert\/blanc, vert ; marron\/blanc, marron<\/li>\n<li>Blindage : Feuille d'aluminium<\/li>\n<li>Blindage global : Feuille d'aluminium<\/li>\n<li>Drain : 32AWG 7\/0,08\u00b10,008mm ou 30AWG 7\/0,10\u00b10,008mm<\/li>\n<li>Gaine : PVC<\/li>\n<li>Diam\u00e8tre ext\u00e9rieur : (6,0\u00b10,2mm)(1,9\u00b10,15mm) ou (8,5\u00b10,2mm)(2,8\u00b10,15mm)<\/li>\n<li>Connecteur 1 : RJ45 Cat7 FTP<\/li>\n<li>Connecteur 1 : RJ45 Cat7 FTP<\/li>\n<li>Test : Testeur Fluke<\/li>\n<\/ul>\n<p>Ainsi, avec son design plat, sa construction flexible et son blindage exceptionnel, notre c\u00e2ble r\u00e9seau plat est id\u00e9al pour connecter vos appareils dans des environnements bruyants et sujets aux EMI\/RFI. Faites-nous confiance pour tous vos besoins en mati\u00e8re de c\u00e2bles r\u00e9seau \u00e0 haut d\u00e9bit.<\/p>\n<h2>T\u00e9l\u00e9charger :<\/h2>\n<ul>\n<li>Fiche technique du cordon de raccordement plat ultra fin Cat7 F\/FTP<\/li>\n<\/ul>\n<h2>Informations sur la commande :<\/h2>\n<p>FS17109F**-xxx : Cordon de raccordement plat ultra fin Cat7 F\/FTP<\/p>\n<ul>\n<li>**=couleur : GY=GREY, BK=BLACK, WT=WHITE, BU=BLUE, RD=RED, YL=YELLOW, OG=ORANGE, GN=GREEN<\/li>\n<li>xxx=Longueur : 003=0,3M, 005=0,5M, 010=1,0M, 018=1,8M, 030=3,0M, 050=5,0M, 075=7,5M, 100=10M, 200=20M, 300=30M, 400=40M, 500=50M<\/li>\n<li>Par exemple : FS17109FBU-018=Cordon de raccordement plat ultra fin Cat7 F\/FTP, couleur bleu, longueur 1.8M<\/li>\n<\/ul>","protected":false},"excerpt":{"rendered":"<p>Nous vous pr\u00e9sentons notre c\u00e2ble r\u00e9seau plat F\/FTP RJ45 shield cat7, une solution parfaite pour cr\u00e9er des connexions fiables et \u00e0 haut d\u00e9bit dans des environnements EMI\/RFI bruyants.<\/p>","protected":false},"featured_media":16680,"template":"","meta":{"_acf_changed":false,"_seopress_robots_primary_cat":"","_seopress_titles_title":"F\/FTP RJ45 Shield Cat7 Flat Network Cable - Farsince","_seopress_titles_desc":"","_seopress_robots_index":"","site-sidebar-layout":"default","site-content-layout":"default","ast-site-content-layout":"default","site-content-style":"default","site-sidebar-style":"default","ast-global-header-display":"","ast-banner-title-visibility":"","ast-main-header-display":"","ast-hfb-above-header-display":"","ast-hfb-below-header-display":"","ast-hfb-mobile-header-display":"","site-post-title":"","ast-breadcrumbs-content":"","ast-featured-img":"","footer-sml-layout":"","ast-disable-related-posts":"","theme-transparent-header-meta":"default","adv-header-id-meta":"","stick-header-meta":"","header-above-stick-meta":"","header-main-stick-meta":"","header-below-stick-meta":"","astra-migrate-meta-layouts":"default","ast-page-background-enabled":"default","ast-page-background-meta":{"desktop":{"background-color":"","background-image":"","background-repeat":"repeat","background-position":"center center","background-size":"auto","background-attachment":"scroll","background-type":"","background-media":"","overlay-type":"","overlay-color":"","overlay-opacity":"","overlay-gradient":""},"tablet":{"background-color":"","background-image":"","background-repeat":"repeat","background-position":"center center","background-size":"auto","background-attachment":"scroll","background-type":"","background-media":"","overlay-type":"","overlay-color":"","overlay-opacity":"","overlay-gradient":""},"mobile":{"background-color":"","background-image":"","background-repeat":"repeat","background-position":"center center","background-size":"auto","background-attachment":"scroll","background-type":"","background-media":"","overlay-type":"","overlay-color":"","overlay-opacity":"","overlay-gradient":""}},"ast-content-background-meta":{"desktop":{"background-color":"var(--ast-global-color-5)","background-image":"","background-repeat":"repeat","background-position":"center center","background-size":"auto","background-attachment":"scroll","background-type":"","background-media":"","overlay-type":"","overlay-color":"","overlay-opacity":"","overlay-gradient":""},"tablet":{"background-color":"var(--ast-global-color-5)","background-image":"","background-repeat":"repeat","background-position":"center center","background-size":"auto","background-attachment":"scroll","background-type":"","background-media":"","overlay-type":"","overlay-color":"","overlay-opacity":"","overlay-gradient":""},"mobile":{"background-color":"var(--ast-global-color-5)","background-image":"","background-repeat":"repeat","background-position":"center center","background-size":"auto","background-attachment":"scroll","background-type":"","background-media":"","overlay-type":"","overlay-color":"","overlay-opacity":"","overlay-gradient":""}},"iawp_total_views":20},"product_brand":[],"product_cat":[631,209],"product_tag":[],"class_list":{"0":"post-15188","1":"product","2":"type-product","3":"status-publish","4":"has-post-thumbnail","6":"product_cat-patch-cables","7":"product_cat-ethernet-cable","8":"desktop-align-left","9":"tablet-align-left","10":"mobile-align-left","12":"first","13":"instock","14":"shipping-taxable","15":"purchasable","16":"product-type-simple"},"acf":[],"_links":{"self":[{"href":"https:\/\/www.fjpremium.com\/fr\/wp-json\/wp\/v2\/product\/15188","targetHints":{"allow":["GET"]}}],"collection":[{"href":"https:\/\/www.fjpremium.com\/fr\/wp-json\/wp\/v2\/product"}],"about":[{"href":"https:\/\/www.fjpremium.com\/fr\/wp-json\/wp\/v2\/types\/product"}],"wp:featuredmedia":[{"embeddable":true,"href":"https:\/\/www.fjpremium.com\/fr\/wp-json\/wp\/v2\/media\/16680"}],"wp:attachment":[{"href":"https:\/\/www.fjpremium.com\/fr\/wp-json\/wp\/v2\/media?parent=15188"}],"wp:term":[{"taxonomy":"product_brand","embeddable":true,"href":"https:\/\/www.fjpremium.com\/fr\/wp-json\/wp\/v2\/product_brand?post=15188"},{"taxonomy":"product_cat","embeddable":true,"href":"https:\/\/www.fjpremium.com\/fr\/wp-json\/wp\/v2\/product_cat?post=15188"},{"taxonomy":"product_tag","embeddable":true,"href":"https:\/\/www.fjpremium.com\/fr\/wp-json\/wp\/v2\/product_tag?post=15188"}],"curies":[{"name":"wp","href":"https:\/\/api.w.org\/{rel}","templated":true}]}}