{"id":15187,"date":"2020-05-29T13:52:23","date_gmt":"2020-05-29T05:52:23","guid":{"rendered":"https:\/\/www.fjpremium.com\/?post_type=product&#038;p=15187"},"modified":"2023-12-14T13:56:50","modified_gmt":"2023-12-14T05:56:50","slug":"cat7-s-ftp-shielded-twisted-4-pairs-patch-cable","status":"publish","type":"product","link":"https:\/\/www.fjpremium.com\/fr\/product\/cat7-s-ftp-shielded-twisted-4-pairs-patch-cable\/","title":{"rendered":"C\u00e2ble Ethernet Cat 7 Connecteur RJ45 C\u00e2ble r\u00e9seau SFTP Cat7"},"content":{"rendered":"<p>Con\u00e7u pour la transmission de donn\u00e9es \u00e0 haut d\u00e9bit, notre c\u00e2ble Ethernet Cat 7 est id\u00e9al pour \u00e9tablir des connexions r\u00e9seau dans des environnements \u00e0 fortes perturbations \u00e9lectromagn\u00e9tiques (EMI\/RFI), tels que les bureaux ou les maisons \u00e9quip\u00e9es de nombreux appareils \u00e9lectroniques.<\/p>\n<p>Il prend en charge l'Ethernet Gigabit 10GBase-T, ce qui permet un transfert de donn\u00e9es rapide et efficace.<\/p>\n<p>Sa conception \u00e0 double blindage, chaque paire \u00e9tant blind\u00e9e individuellement par une feuille d'aluminium, garantit une protection sup\u00e9rieure contre les interf\u00e9rences \u00e9lectromagn\u00e9tiques, ainsi qu'une att\u00e9nuation et une diaphonie optimales.<\/p>\n<p>Il a \u00e9galement \u00e9t\u00e9 con\u00e7u pour atteindre ou d\u00e9passer les performances de la cat\u00e9gorie 7, conform\u00e9ment aux sp\u00e9cifications TIA\/EIA-568-C.2 et ISO\/IEC 11801.<\/p>\n<p>Les conducteurs en cuivre nu de notre c\u00e2ble Ethernet Cat 7 am\u00e9liorent les performances et garantissent la conformit\u00e9 aux sp\u00e9cifications des c\u00e2bles de communication.<\/p>\n<p>Sa conception flexible et durable, associ\u00e9e \u00e0 une bande passante \u00e9lev\u00e9e allant jusqu'\u00e0 600 MHz, garantit un transfert de donn\u00e9es \u00e0 grande vitesse pour diverses applications serveur, notamment l'informatique en nuage, la vid\u00e9osurveillance et la diffusion de vid\u00e9os haute d\u00e9finition en ligne.<\/p>\n<p>Les contacts plaqu\u00e9s or de ce c\u00e2ble et la coque nickel\u00e9e des connecteurs RJ45 Cat7 FTP offrent une r\u00e9sistance accrue \u00e0 la corrosion, garantissant une durabilit\u00e9 \u00e0 long terme et des connexions s\u00fbres.<\/p>\n<p>Les capuchons de d\u00e9charge de traction moul\u00e9s et les moules sans accrocs ajoutent \u00e9galement \u00e0 la robustesse du c\u00e2ble.<\/p>\n<p>De plus, notre c\u00e2ble Ethernet Cat 7 est disponible en diff\u00e9rentes longueurs et couleurs, ce qui vous permet de trouver facilement la solution adapt\u00e9e \u00e0 vos besoins en mati\u00e8re de r\u00e9seau.<\/p>\n<p>De plus, il est conforme aux normes ROHS et REACH, ce qui souligne l'engagement de Farsince en faveur des normes de s\u00e9curit\u00e9 environnementale et sanitaire.<\/p>\n<p>Ses caract\u00e9ristiques :<\/p>\n<ul>\n<li>Diam\u00e8tre du fil : 26AWG 7\/0.16\u00b10.015mm<\/li>\n<li>Isolation : Mousse PE<\/li>\n<li>Couleur de l'isolation : bleu\/blanc, bleu ; orange\/blanc, orange ; vert\/blanc, vert ; marron\/blanc, marron<\/li>\n<li>Tresse : Tresse 16\/5\/0.12 Aluminium Magn\u00e9sium<\/li>\n<li>Fil de drainage : 26AWG 7\/0.16 \u00b10.015mm<\/li>\n<li>Gaine : PVC<\/li>\n<li>Diam\u00e8tre ext\u00e9rieur : 6,2\u00b10,2mm<\/li>\n<li>Test : Testeur Fluke<\/li>\n<\/ul>\n<p>En conclusion, ce produit offre des connexions r\u00e9seau fiables et \u00e0 haut d\u00e9bit, ce qui en fait un choix parfait pour une utilisation \u00e0 la maison ou au bureau. Sa conception sup\u00e9rieure et sa construction durable garantissent qu'il r\u00e9pondra aux exigences de n'importe quel environnement EMI\/RFI.<\/p>\n<h2>T\u00e9l\u00e9charger :<\/h2>\n<ul>\n<li>Fiche technique du cordon de raccordement Cat7 S\/FTP non blind\u00e9 torsad\u00e9 4 paires<\/li>\n<\/ul>\n<h2>Informations sur la commande :<\/h2>\n<p>FS17109**-xxx : Cordon de raccordement 4 paires torsad\u00e9es blind\u00e9es Cat7 S\/FTP<\/p>\n<ul>\n<li>**=couleur : GY=GREY, BK=BLACK, WT=WHITE, BU=BLUE, RD=RED, YL=YELLOW, OG=ORANGE, GN=GREEN<\/li>\n<li>xxx=Longueur : 003=0,3M, 005=0,5M, 010=1,0M, 018=1,8M, 030=3,0M, 050=5,0M, 075=7,5M, 100=10M, 200=20M, 300=30M, 400=40M, 500=50M<\/li>\n<li>Par exemple : FS17109BU-018= Cordon de raccordement 4 paires torsad\u00e9es blind\u00e9es Cat7 S\/FTP, couleur bleu, longueur 1.8M<\/li>\n<\/ul>","protected":false},"excerpt":{"rendered":"<p>Am\u00e9liorez votre connectivit\u00e9 r\u00e9seau avec ce c\u00e2ble Ethernet Cat 7 haute performance Connecteur RJ45 C\u00e2ble r\u00e9seau SFTP Cat7.<\/p>","protected":false},"featured_media":16674,"template":"","meta":{"_acf_changed":false,"_seopress_robots_primary_cat":"","_seopress_titles_title":"Cat 7 Ethernet Cable RJ45 Connector - Farsince","_seopress_titles_desc":"","_seopress_robots_index":"","site-sidebar-layout":"default","site-content-layout":"default","ast-site-content-layout":"default","site-content-style":"default","site-sidebar-style":"default","ast-global-header-display":"","ast-banner-title-visibility":"","ast-main-header-display":"","ast-hfb-above-header-display":"","ast-hfb-below-header-display":"","ast-hfb-mobile-header-display":"","site-post-title":"","ast-breadcrumbs-content":"","ast-featured-img":"","footer-sml-layout":"","ast-disable-related-posts":"","theme-transparent-header-meta":"default","adv-header-id-meta":"","stick-header-meta":"","header-above-stick-meta":"","header-main-stick-meta":"","header-below-stick-meta":"","astra-migrate-meta-layouts":"default","ast-page-background-enabled":"default","ast-page-background-meta":{"desktop":{"background-color":"","background-image":"","background-repeat":"repeat","background-position":"center center","background-size":"auto","background-attachment":"scroll","background-type":"","background-media":"","overlay-type":"","overlay-color":"","overlay-opacity":"","overlay-gradient":""},"tablet":{"background-color":"","background-image":"","background-repeat":"repeat","background-position":"center center","background-size":"auto","background-attachment":"scroll","background-type":"","background-media":"","overlay-type":"","overlay-color":"","overlay-opacity":"","overlay-gradient":""},"mobile":{"background-color":"","background-image":"","background-repeat":"repeat","background-position":"center center","background-size":"auto","background-attachment":"scroll","background-type":"","background-media":"","overlay-type":"","overlay-color":"","overlay-opacity":"","overlay-gradient":""}},"ast-content-background-meta":{"desktop":{"background-color":"var(--ast-global-color-5)","background-image":"","background-repeat":"repeat","background-position":"center center","background-size":"auto","background-attachment":"scroll","background-type":"","background-media":"","overlay-type":"","overlay-color":"","overlay-opacity":"","overlay-gradient":""},"tablet":{"background-color":"var(--ast-global-color-5)","background-image":"","background-repeat":"repeat","background-position":"center center","background-size":"auto","background-attachment":"scroll","background-type":"","background-media":"","overlay-type":"","overlay-color":"","overlay-opacity":"","overlay-gradient":""},"mobile":{"background-color":"var(--ast-global-color-5)","background-image":"","background-repeat":"repeat","background-position":"center center","background-size":"auto","background-attachment":"scroll","background-type":"","background-media":"","overlay-type":"","overlay-color":"","overlay-opacity":"","overlay-gradient":""}},"iawp_total_views":11},"product_brand":[],"product_cat":[631,209],"product_tag":[],"class_list":{"0":"post-15187","1":"product","2":"type-product","3":"status-publish","4":"has-post-thumbnail","6":"product_cat-patch-cables","7":"product_cat-ethernet-cable","8":"desktop-align-left","9":"tablet-align-left","10":"mobile-align-left","12":"first","13":"instock","14":"shipping-taxable","15":"purchasable","16":"product-type-simple"},"acf":[],"_links":{"self":[{"href":"https:\/\/www.fjpremium.com\/fr\/wp-json\/wp\/v2\/product\/15187","targetHints":{"allow":["GET"]}}],"collection":[{"href":"https:\/\/www.fjpremium.com\/fr\/wp-json\/wp\/v2\/product"}],"about":[{"href":"https:\/\/www.fjpremium.com\/fr\/wp-json\/wp\/v2\/types\/product"}],"wp:featuredmedia":[{"embeddable":true,"href":"https:\/\/www.fjpremium.com\/fr\/wp-json\/wp\/v2\/media\/16674"}],"wp:attachment":[{"href":"https:\/\/www.fjpremium.com\/fr\/wp-json\/wp\/v2\/media?parent=15187"}],"wp:term":[{"taxonomy":"product_brand","embeddable":true,"href":"https:\/\/www.fjpremium.com\/fr\/wp-json\/wp\/v2\/product_brand?post=15187"},{"taxonomy":"product_cat","embeddable":true,"href":"https:\/\/www.fjpremium.com\/fr\/wp-json\/wp\/v2\/product_cat?post=15187"},{"taxonomy":"product_tag","embeddable":true,"href":"https:\/\/www.fjpremium.com\/fr\/wp-json\/wp\/v2\/product_tag?post=15187"}],"curies":[{"name":"wp","href":"https:\/\/api.w.org\/{rel}","templated":true}]}}