{"id":15185,"date":"2020-05-29T13:52:20","date_gmt":"2020-05-29T05:52:20","guid":{"rendered":"https:\/\/www.fjpremium.com\/?post_type=product&#038;p=15185"},"modified":"2023-12-14T13:56:51","modified_gmt":"2023-12-14T05:56:51","slug":"cat6a-s-ftp-shielded-twisted-4-pairs-patch-cable","status":"publish","type":"product","link":"https:\/\/www.fjpremium.com\/fr\/product\/cat6a-s-ftp-shielded-twisted-4-pairs-patch-cable\/","title":{"rendered":"Slim Cat6 Cat6A Ethernet Cable UTP RJ45 Networking Cable"},"content":{"rendered":"<p>Optimis\u00e9 pour l'Ethernet Gigabit 1000 Base-T, notre c\u00e2ble Ethernet Cat6A respecte ou d\u00e9passe les performances de la cat\u00e9gorie 6\/6A conform\u00e9ment aux sp\u00e9cifications TIA\/EIA-568-C.2 et ISO\/IEC 11801.<\/p>\n<p>Il est compos\u00e9 de conducteurs en cuivre nu toronn\u00e9s de 28AWG de haute qualit\u00e9, garantissant des performances sup\u00e9rieures et le respect de normes de communication strictes.<\/p>\n<p>De plus, son design fin garantit non seulement une installation et une flexibilit\u00e9 ais\u00e9es, mais favorise \u00e9galement la circulation de l'air dans les espaces restreints, ce qui en fait une solution id\u00e9ale pour les centres de donn\u00e9es dens\u00e9ment peupl\u00e9s.<\/p>\n<p>L'une des principales caract\u00e9ristiques de ce c\u00e2ble est sa connectivit\u00e9 polyvalente.<\/p>\n<p>Il est parfait pour connecter divers composants de r\u00e9seaux LAN tels que les PC, les serveurs informatiques, les imprimantes, les routeurs, les bo\u00eetiers de commutation, les lecteurs multim\u00e9dia en r\u00e9seau, les NAS, les t\u00e9l\u00e9phones VOIP et les appareils POE.<\/p>\n<p>Sa bande passante \u00e9lev\u00e9e, jusqu'\u00e0 250 MHz et 500 MHz, garantit un transfert de donn\u00e9es \u00e0 grande vitesse pour les applications de serveur, l'informatique en nuage, la vid\u00e9osurveillance et la diffusion de vid\u00e9os haute d\u00e9finition en ligne.<\/p>\n<p>Notre c\u00e2ble Ethernet Cat6A est \u00e9quip\u00e9 de connecteurs RJ45 dot\u00e9s de contacts plaqu\u00e9s or pour une conductivit\u00e9 optimale du signal.<\/p>\n<p>Les connecteurs sont \u00e9galement dot\u00e9s de capuchons de d\u00e9charge de traction moul\u00e9s et de moules inamovibles qui r\u00e9sistent \u00e0 la corrosion, assurent la durabilit\u00e9 et garantissent une connexion s\u00fbre.<\/p>\n<p>De plus, le c\u00e2ble est disponible en diff\u00e9rentes couleurs et longueurs, ce qui vous permet de choisir ce qui convient le mieux \u00e0 vos besoins en mati\u00e8re de r\u00e9seau.<\/p>\n<p>En outre, ce c\u00e2ble Ethernet Cat6A est conforme aux normes ROHS et REACH, ce qui garantit le respect de l'environnement et la s\u00e9curit\u00e9.<\/p>\n<p>Chaque c\u00e2ble est rigoureusement test\u00e9 \u00e0 l'aide d'un testeur Fluke afin de garantir la performance et la qualit\u00e9.<\/p>\n<p>Ses caract\u00e9ristiques :<\/p>\n<ul>\n<li>Diam\u00e8tre du fil : 28AWG 7\/0.12\u00b10.015mm<\/li>\n<li>Isolation : PEHD<\/li>\n<li>Couleur de l'isolation : bleu\/blanc, bleu ; orange\/blanc, orange ; vert\/blanc, vert ; marron\/blanc, marron<\/li>\n<li>Blindage : Aucun<\/li>\n<li>Tressage : Aucune<\/li>\n<li>Gaine : PVC<\/li>\n<li>Diam\u00e8tre ext\u00e9rieur : 3,8\u00b10,2 mm<\/li>\n<\/ul>\n<p>Notre c\u00e2ble est donc id\u00e9al pour obtenir une connexion r\u00e9seau fiable, rapide et flexible \u00e0 la maison ou au bureau.<\/p>\n<h2>T\u00e9l\u00e9charger :<\/h2>\n<ul>\n<li>Fiche technique de Cat6\/6A U\/UTP 28AWG slim non shielded twisted 4 pairs patch cord<\/li>\n<\/ul>\n<h2>Informations sur la commande :<\/h2>\n<p>FS17107-C6**-xxx : Cat6 U\/UTP slim non blind\u00e9 torsad\u00e9 4 paires patch cord<\/p>\n<p>FS17107-C6A**-xxx : Cat6a U\/UTP slim non blind\u00e9 torsad\u00e9 4 paires cordon de raccordement<\/p>\n<ul>\n<li>**=couleur : GY=GREY, BK=BLACK, WT=WHITE, BU=BLUE, RD=RED, YL=YELLOW, OG=ORANGE, GN=GREEN<\/li>\n<li>xxx=Longueur : 003=0,3M, 005=0,5M, 010=1,0M, 018=1,8M, 030=3,0M, 050=5,0M, 075=7,5M, 100=10M, 200=20M, 300=30M, 400=40M, 500=50M<\/li>\n<li>Par exemple : FS17107-C6BU-018= Cat6 U\/UTP slim patch cord, Blue color, 1.8M Length<\/li>\n<\/ul>","protected":false},"excerpt":{"rendered":"<p>Con\u00e7u pour des connexions rapides et fiables, nous vous pr\u00e9sentons ce c\u00e2ble Ethernet Cat6A mince, id\u00e9al pour configurer et am\u00e9liorer vos r\u00e9seaux domestiques ou professionnels.<\/p>","protected":false},"featured_media":16655,"template":"","meta":{"_acf_changed":false,"_seopress_robots_primary_cat":"","_seopress_titles_title":"Slim Cat6 Cat6A Ethernet Cable - Farsince","_seopress_titles_desc":"","_seopress_robots_index":"","site-sidebar-layout":"default","site-content-layout":"default","ast-site-content-layout":"default","site-content-style":"default","site-sidebar-style":"default","ast-global-header-display":"","ast-banner-title-visibility":"","ast-main-header-display":"","ast-hfb-above-header-display":"","ast-hfb-below-header-display":"","ast-hfb-mobile-header-display":"","site-post-title":"","ast-breadcrumbs-content":"","ast-featured-img":"","footer-sml-layout":"","ast-disable-related-posts":"","theme-transparent-header-meta":"default","adv-header-id-meta":"","stick-header-meta":"","header-above-stick-meta":"","header-main-stick-meta":"","header-below-stick-meta":"","astra-migrate-meta-layouts":"default","ast-page-background-enabled":"default","ast-page-background-meta":{"desktop":{"background-color":"","background-image":"","background-repeat":"repeat","background-position":"center center","background-size":"auto","background-attachment":"scroll","background-type":"","background-media":"","overlay-type":"","overlay-color":"","overlay-opacity":"","overlay-gradient":""},"tablet":{"background-color":"","background-image":"","background-repeat":"repeat","background-position":"center center","background-size":"auto","background-attachment":"scroll","background-type":"","background-media":"","overlay-type":"","overlay-color":"","overlay-opacity":"","overlay-gradient":""},"mobile":{"background-color":"","background-image":"","background-repeat":"repeat","background-position":"center center","background-size":"auto","background-attachment":"scroll","background-type":"","background-media":"","overlay-type":"","overlay-color":"","overlay-opacity":"","overlay-gradient":""}},"ast-content-background-meta":{"desktop":{"background-color":"var(--ast-global-color-5)","background-image":"","background-repeat":"repeat","background-position":"center center","background-size":"auto","background-attachment":"scroll","background-type":"","background-media":"","overlay-type":"","overlay-color":"","overlay-opacity":"","overlay-gradient":""},"tablet":{"background-color":"var(--ast-global-color-5)","background-image":"","background-repeat":"repeat","background-position":"center center","background-size":"auto","background-attachment":"scroll","background-type":"","background-media":"","overlay-type":"","overlay-color":"","overlay-opacity":"","overlay-gradient":""},"mobile":{"background-color":"var(--ast-global-color-5)","background-image":"","background-repeat":"repeat","background-position":"center center","background-size":"auto","background-attachment":"scroll","background-type":"","background-media":"","overlay-type":"","overlay-color":"","overlay-opacity":"","overlay-gradient":""}},"iawp_total_views":17},"product_brand":[],"product_cat":[631,209],"product_tag":[],"class_list":{"0":"post-15185","1":"product","2":"type-product","3":"status-publish","4":"has-post-thumbnail","6":"product_cat-patch-cables","7":"product_cat-ethernet-cable","8":"desktop-align-left","9":"tablet-align-left","10":"mobile-align-left","12":"first","13":"instock","14":"shipping-taxable","15":"purchasable","16":"product-type-simple"},"acf":[],"_links":{"self":[{"href":"https:\/\/www.fjpremium.com\/fr\/wp-json\/wp\/v2\/product\/15185","targetHints":{"allow":["GET"]}}],"collection":[{"href":"https:\/\/www.fjpremium.com\/fr\/wp-json\/wp\/v2\/product"}],"about":[{"href":"https:\/\/www.fjpremium.com\/fr\/wp-json\/wp\/v2\/types\/product"}],"wp:featuredmedia":[{"embeddable":true,"href":"https:\/\/www.fjpremium.com\/fr\/wp-json\/wp\/v2\/media\/16655"}],"wp:attachment":[{"href":"https:\/\/www.fjpremium.com\/fr\/wp-json\/wp\/v2\/media?parent=15185"}],"wp:term":[{"taxonomy":"product_brand","embeddable":true,"href":"https:\/\/www.fjpremium.com\/fr\/wp-json\/wp\/v2\/product_brand?post=15185"},{"taxonomy":"product_cat","embeddable":true,"href":"https:\/\/www.fjpremium.com\/fr\/wp-json\/wp\/v2\/product_cat?post=15185"},{"taxonomy":"product_tag","embeddable":true,"href":"https:\/\/www.fjpremium.com\/fr\/wp-json\/wp\/v2\/product_tag?post=15185"}],"curies":[{"name":"wp","href":"https:\/\/api.w.org\/{rel}","templated":true}]}}