{"id":15159,"date":"2020-05-29T11:23:19","date_gmt":"2020-05-29T03:23:19","guid":{"rendered":"https:\/\/www.fjpremium.com\/?post_type=product&#038;p=15159"},"modified":"2023-12-14T13:56:52","modified_gmt":"2023-12-14T05:56:52","slug":"cat6-u-utp-28awg-slim-unshielded-twisted-4-pairs-patch-cable","status":"publish","type":"product","link":"https:\/\/www.fjpremium.com\/fr\/product\/cat6-u-utp-28awg-slim-unshielded-twisted-4-pairs-patch-cable\/","title":{"rendered":"Connecteur RJ45 non blind\u00e9 Cat6 UTP Ethernet Patch Cord Cable"},"content":{"rendered":"<p>Construisez votre r\u00e9seau domestique ou professionnel en toute confiance gr\u00e2ce \u00e0 l'Ethernet Gigabit 1000 Base-T, et profitez d'une exp\u00e9rience r\u00e9seau transparente.<\/p>\n<p>Ce c\u00e2ble de raccordement Cat6 non blind\u00e9 satisfait ou d\u00e9passe les performances de la cat\u00e9gorie 6 conform\u00e9ment aux sp\u00e9cifications TIA\/EIA-568-C.2 et ISO\/IEC 11801.<\/p>\n<p>Ses connecteurs sont dot\u00e9s de contacts plaqu\u00e9s or, de capuchons de d\u00e9charge de traction moul\u00e9s et de moules sans accroc pour r\u00e9sister \u00e0 la corrosion, assurer la durabilit\u00e9 et garantir une connexion s\u00e9curis\u00e9e.<\/p>\n<p>En outre, les conducteurs en cuivre nu utilis\u00e9s dans ce c\u00e2ble am\u00e9liorent ses performances et sont conformes aux sp\u00e9cifications des c\u00e2bles de communication.<\/p>\n<p>Flexible et durable, notre c\u00e2ble de raccordement Cat6 non blind\u00e9 offre une bande passante \u00e9lev\u00e9e allant jusqu'\u00e0 500 MHz, garantissant un transfert de donn\u00e9es \u00e0 grande vitesse pour les applications de serveur, l'informatique en nuage, la vid\u00e9osurveillance et le streaming vid\u00e9o haute d\u00e9finition en ligne.<\/p>\n<p>De plus, sa construction en torons garantit une flexibilit\u00e9 maximale et une installation facile.<\/p>\n<p>De plus, disponible en diff\u00e9rentes couleurs et longueurs, le c\u00e2ble est adapt\u00e9 \u00e0 vos besoins sp\u00e9cifiques.<\/p>\n<p>Il est \u00e9galement conforme aux normes RoHS et REACH, ce qui en fait un choix respectueux de l'environnement pour vos besoins de mise en r\u00e9seau.<\/p>\n<p>Ses caract\u00e9ristiques :<\/p>\n<ul>\n<li>Calibre des fils : 30\/28\/26\/24AWG<\/li>\n<li>Isolation : PEHD<\/li>\n<li>Couleur de l'isolation : bleu\/blanc, bleu ; orange\/blanc, orange ; vert\/blanc, vert ; marron\/blanc, marron<\/li>\n<li>Blindage : Aucun<\/li>\n<li>Tressage : Aucune<\/li>\n<li>Gaine : PVC<\/li>\n<li>Diam\u00e8tre ext\u00e9rieur : 5,0\u00b10,2 mm<\/li>\n<li>Connecteur 1 : RJ45 Cat6 UTP<\/li>\n<li>Connecteur 1 : RJ45 Cat6 UTP<\/li>\n<li>Test : Testeur Fluke<\/li>\n<\/ul>\n<p>Dans l'ensemble, am\u00e9liorez votre r\u00e9seau d\u00e8s aujourd'hui avec notre c\u00e2ble de raccordement Cat6 non blind\u00e9 et d\u00e9couvrez la diff\u00e9rence en termes de vitesse et de fiabilit\u00e9 que ce c\u00e2ble de haute qualit\u00e9 peut offrir.<\/p>\n<h2>T\u00e9l\u00e9charger :<\/h2>\n<ul>\n<li>Fiche technique du c\u00e2ble patch ethernet Cat6 U\/UTP non blind\u00e9 torsad\u00e9 4 paires<\/li>\n<\/ul>\n<h2>Informations sur la commande :<\/h2>\n<p>FS17103**-xxx : Cordon de raccordement r\u00e9seau U\/UTP Cat6<\/p>\n<ul>\n<li>**=couleur : GY=GREY, BK=BLACK, WT=WHITE, BU=BLUE, RD=RED, YL=YELLOW, OG=ORANGE, GN=GREEN<\/li>\n<li>xxx=Longueur : 003=0,3M, 005=0,5M, 010=1,0M, 018=1,8M, 030=3,0M, 050=5,0M, 075=7,5M, 100=10M, 200=20M, 300=30M, 400=40M, 500=50M<\/li>\n<li>Par exemple : FS17103BU-018= Cordon de raccordement Ethernet U\/UTP Cat6, couleur bleue, longueur 1.8M<\/li>\n<\/ul>","protected":false},"excerpt":{"rendered":"<p>Am\u00e9liorez la connectivit\u00e9 de votre r\u00e9seau LAN avec notre c\u00e2ble de raccordement Ethernet UTP Cat6 non blind\u00e9, la solution id\u00e9ale pour connecter de nombreux composants de r\u00e9seau LAN.<\/p>","protected":false},"featured_media":16644,"template":"","meta":{"_acf_changed":false,"_seopress_robots_primary_cat":"","_seopress_titles_title":"Unshielded Cat6 UTP Ethernet Patch Cord Cable - Farsince","_seopress_titles_desc":"","_seopress_robots_index":"","site-sidebar-layout":"default","site-content-layout":"default","ast-site-content-layout":"default","site-content-style":"default","site-sidebar-style":"default","ast-global-header-display":"","ast-banner-title-visibility":"","ast-main-header-display":"","ast-hfb-above-header-display":"","ast-hfb-below-header-display":"","ast-hfb-mobile-header-display":"","site-post-title":"","ast-breadcrumbs-content":"","ast-featured-img":"","footer-sml-layout":"","ast-disable-related-posts":"","theme-transparent-header-meta":"default","adv-header-id-meta":"","stick-header-meta":"","header-above-stick-meta":"","header-main-stick-meta":"","header-below-stick-meta":"","astra-migrate-meta-layouts":"default","ast-page-background-enabled":"default","ast-page-background-meta":{"desktop":{"background-color":"","background-image":"","background-repeat":"repeat","background-position":"center center","background-size":"auto","background-attachment":"scroll","background-type":"","background-media":"","overlay-type":"","overlay-color":"","overlay-opacity":"","overlay-gradient":""},"tablet":{"background-color":"","background-image":"","background-repeat":"repeat","background-position":"center center","background-size":"auto","background-attachment":"scroll","background-type":"","background-media":"","overlay-type":"","overlay-color":"","overlay-opacity":"","overlay-gradient":""},"mobile":{"background-color":"","background-image":"","background-repeat":"repeat","background-position":"center center","background-size":"auto","background-attachment":"scroll","background-type":"","background-media":"","overlay-type":"","overlay-color":"","overlay-opacity":"","overlay-gradient":""}},"ast-content-background-meta":{"desktop":{"background-color":"var(--ast-global-color-5)","background-image":"","background-repeat":"repeat","background-position":"center center","background-size":"auto","background-attachment":"scroll","background-type":"","background-media":"","overlay-type":"","overlay-color":"","overlay-opacity":"","overlay-gradient":""},"tablet":{"background-color":"var(--ast-global-color-5)","background-image":"","background-repeat":"repeat","background-position":"center center","background-size":"auto","background-attachment":"scroll","background-type":"","background-media":"","overlay-type":"","overlay-color":"","overlay-opacity":"","overlay-gradient":""},"mobile":{"background-color":"var(--ast-global-color-5)","background-image":"","background-repeat":"repeat","background-position":"center center","background-size":"auto","background-attachment":"scroll","background-type":"","background-media":"","overlay-type":"","overlay-color":"","overlay-opacity":"","overlay-gradient":""}},"iawp_total_views":4},"product_brand":[],"product_cat":[631,209],"product_tag":[],"class_list":{"0":"post-15159","1":"product","2":"type-product","3":"status-publish","4":"has-post-thumbnail","6":"product_cat-patch-cables","7":"product_cat-ethernet-cable","8":"desktop-align-left","9":"tablet-align-left","10":"mobile-align-left","12":"first","13":"instock","14":"shipping-taxable","15":"purchasable","16":"product-type-simple"},"acf":[],"_links":{"self":[{"href":"https:\/\/www.fjpremium.com\/fr\/wp-json\/wp\/v2\/product\/15159","targetHints":{"allow":["GET"]}}],"collection":[{"href":"https:\/\/www.fjpremium.com\/fr\/wp-json\/wp\/v2\/product"}],"about":[{"href":"https:\/\/www.fjpremium.com\/fr\/wp-json\/wp\/v2\/types\/product"}],"wp:featuredmedia":[{"embeddable":true,"href":"https:\/\/www.fjpremium.com\/fr\/wp-json\/wp\/v2\/media\/16644"}],"wp:attachment":[{"href":"https:\/\/www.fjpremium.com\/fr\/wp-json\/wp\/v2\/media?parent=15159"}],"wp:term":[{"taxonomy":"product_brand","embeddable":true,"href":"https:\/\/www.fjpremium.com\/fr\/wp-json\/wp\/v2\/product_brand?post=15159"},{"taxonomy":"product_cat","embeddable":true,"href":"https:\/\/www.fjpremium.com\/fr\/wp-json\/wp\/v2\/product_cat?post=15159"},{"taxonomy":"product_tag","embeddable":true,"href":"https:\/\/www.fjpremium.com\/fr\/wp-json\/wp\/v2\/product_tag?post=15159"}],"curies":[{"name":"wp","href":"https:\/\/api.w.org\/{rel}","templated":true}]}}