{"id":15125,"date":"2020-05-29T11:09:19","date_gmt":"2020-05-29T03:09:19","guid":{"rendered":"https:\/\/www.fjpremium.com\/?post_type=product&#038;p=15125"},"modified":"2023-12-14T13:55:54","modified_gmt":"2023-12-14T05:55:54","slug":"cat-8-s-ftp-shielded-and-foiled-ethernet-installation-cable-40gbase-t2000mhz","status":"publish","type":"product","link":"https:\/\/www.fjpremium.com\/fr\/product\/cat-8-s-ftp-shielded-and-foiled-ethernet-installation-cable-40gbase-t2000mhz\/","title":{"rendered":"S\/FTP C\u00e2ble Ethernet blind\u00e9 et enrob\u00e9 Cat 8 - 40GBASE-T\/2000MHz"},"content":{"rendered":"<p>Notre c\u00e2ble Ethernet Cat 8 est con\u00e7u pour fournir un r\u00e9seau de donn\u00e9es 40G sur des distances allant jusqu'\u00e0 30 m\u00e8tres, offrant une vitesse quatre fois sup\u00e9rieure \u00e0 celle de la plupart des centres de donn\u00e9es Cat6A actuels.<\/p>\n<p>Il comporte quatre paires blind\u00e9es individuellement de conducteurs en cuivre nu massif de calibre 22, qui contribuent \u00e0 repousser les interf\u00e9rences \u00e9lectromagn\u00e9tiques (EMI) dans les environnements \u00e9lectriquement bruyants.<\/p>\n<p>Un blindage en tresse de cuivre \u00e9tam\u00e9 ajoute une protection suppl\u00e9mentaire au c\u00e2ble.<\/p>\n<p>De plus, il est gain\u00e9 d'une gaine LSZH et comporte des marquages s\u00e9quentiels en pieds ou en m\u00e8tres, ce qui permet de d\u00e9terminer facilement la quantit\u00e9 de c\u00e2ble restant sur la bobine.<\/p>\n<p>Ce c\u00e2ble Ethernet Cat 8 est dot\u00e9 d'une construction S\/FTP, de conducteurs en cuivre solide sans oxyg\u00e8ne 22AWG 0,64 mm et d'une isolation skin-foam-skin.<\/p>\n<p>Son diam\u00e8tre ext\u00e9rieur est de 8,4 \u00b1 0,2 mm.<\/p>\n<p>De plus, notre c\u00e2ble Ethernet Cat 8 est disponible en plusieurs couleurs et a \u00e9t\u00e9 test\u00e9 par Fluke et Network Analyzer pour garantir des performances optimales.<\/p>\n<p>Il est \u00e9galement conforme aux normes RoHS et REACH, certifi\u00e9 CPR Eca et Dca, et adh\u00e8re aux normes internationales telles que ISO\/IEC 11801-1, EN 50173-1 et IEC 61156-9.<\/p>\n<p>Dans l'ensemble, mettez votre r\u00e9seau \u00e0 niveau avec notre c\u00e2ble et b\u00e9n\u00e9ficiez d'un transfert de donn\u00e9es ultrarapide et d'une fiabilit\u00e9 exceptionnelle pour tous vos besoins en mati\u00e8re de r\u00e9seau haute performance.<\/p>\n<h2>T\u00e9l\u00e9charger :<\/h2>\n<ul>\n<li>Fiche technique de Cat8 S\/FTP Netwoking installation bulk cable<\/li>\n<\/ul>\n<h2>Informations sur la commande :<\/h2>\n<ul>\n<li>FS17010-C : PVC<\/li>\n<li>FS17010-L : LSZH<\/li>\n<li>FS17010-M : Class\u00e9 CM<\/li>\n<li>FS17010-R : El\u00e9vateur CMR<\/li>\n<li>FS17010-P : Pl\u00e9num CMP<\/li>\n<li>FS17010-E : PE pour l'ext\u00e9rieur<\/li>\n<\/ul>","protected":false},"excerpt":{"rendered":"<p>D\u00e9couvrez ce c\u00e2ble Ethernet Cat 8 S\/FTP, blind\u00e9 et gain\u00e9, la solution id\u00e9ale pour les grandes installations de r\u00e9seaux de donn\u00e9es et les centres de donn\u00e9es de haute performance.<\/p>","protected":false},"featured_media":15151,"template":"","meta":{"_acf_changed":false,"_seopress_robots_primary_cat":"","_seopress_titles_title":"S\/FTP Shielded and Foiled Cat 8 Ethernet Cable - Farsince","_seopress_titles_desc":"Experience the best in network connectivity with Farsince&#039;s S\/FTP Shielded and Foiled Cat 8 Ethernet Cable. Our cable supports 40GBASE-T\/2000MHz and provides reliable and seamless connection for high-speed data transfer. ","_seopress_robots_index":"","site-sidebar-layout":"default","site-content-layout":"default","ast-site-content-layout":"default","site-content-style":"default","site-sidebar-style":"default","ast-global-header-display":"","ast-banner-title-visibility":"","ast-main-header-display":"","ast-hfb-above-header-display":"","ast-hfb-below-header-display":"","ast-hfb-mobile-header-display":"","site-post-title":"","ast-breadcrumbs-content":"","ast-featured-img":"","footer-sml-layout":"","ast-disable-related-posts":"","theme-transparent-header-meta":"default","adv-header-id-meta":"","stick-header-meta":"","header-above-stick-meta":"","header-main-stick-meta":"","header-below-stick-meta":"","astra-migrate-meta-layouts":"set","ast-page-background-enabled":"default","ast-page-background-meta":{"desktop":{"background-color":"","background-image":"","background-repeat":"repeat","background-position":"center center","background-size":"auto","background-attachment":"scroll","background-type":"","background-media":"","overlay-type":"","overlay-color":"","overlay-opacity":"","overlay-gradient":""},"tablet":{"background-color":"","background-image":"","background-repeat":"repeat","background-position":"center center","background-size":"auto","background-attachment":"scroll","background-type":"","background-media":"","overlay-type":"","overlay-color":"","overlay-opacity":"","overlay-gradient":""},"mobile":{"background-color":"","background-image":"","background-repeat":"repeat","background-position":"center center","background-size":"auto","background-attachment":"scroll","background-type":"","background-media":"","overlay-type":"","overlay-color":"","overlay-opacity":"","overlay-gradient":""}},"ast-content-background-meta":{"desktop":{"background-color":"var(--ast-global-color-5)","background-image":"","background-repeat":"repeat","background-position":"center center","background-size":"auto","background-attachment":"scroll","background-type":"","background-media":"","overlay-type":"","overlay-color":"","overlay-opacity":"","overlay-gradient":""},"tablet":{"background-color":"var(--ast-global-color-5)","background-image":"","background-repeat":"repeat","background-position":"center center","background-size":"auto","background-attachment":"scroll","background-type":"","background-media":"","overlay-type":"","overlay-color":"","overlay-opacity":"","overlay-gradient":""},"mobile":{"background-color":"var(--ast-global-color-5)","background-image":"","background-repeat":"repeat","background-position":"center center","background-size":"auto","background-attachment":"scroll","background-type":"","background-media":"","overlay-type":"","overlay-color":"","overlay-opacity":"","overlay-gradient":""}},"iawp_total_views":19},"product_brand":[],"product_cat":[252,209],"product_tag":[],"class_list":{"0":"post-15125","1":"product","2":"type-product","3":"status-publish","4":"has-post-thumbnail","6":"product_cat-bulk-cables","7":"product_cat-ethernet-cable","8":"desktop-align-left","9":"tablet-align-left","10":"mobile-align-left","12":"first","13":"instock","14":"shipping-taxable","15":"purchasable","16":"product-type-simple"},"acf":[],"_links":{"self":[{"href":"https:\/\/www.fjpremium.com\/fr\/wp-json\/wp\/v2\/product\/15125","targetHints":{"allow":["GET"]}}],"collection":[{"href":"https:\/\/www.fjpremium.com\/fr\/wp-json\/wp\/v2\/product"}],"about":[{"href":"https:\/\/www.fjpremium.com\/fr\/wp-json\/wp\/v2\/types\/product"}],"wp:featuredmedia":[{"embeddable":true,"href":"https:\/\/www.fjpremium.com\/fr\/wp-json\/wp\/v2\/media\/15151"}],"wp:attachment":[{"href":"https:\/\/www.fjpremium.com\/fr\/wp-json\/wp\/v2\/media?parent=15125"}],"wp:term":[{"taxonomy":"product_brand","embeddable":true,"href":"https:\/\/www.fjpremium.com\/fr\/wp-json\/wp\/v2\/product_brand?post=15125"},{"taxonomy":"product_cat","embeddable":true,"href":"https:\/\/www.fjpremium.com\/fr\/wp-json\/wp\/v2\/product_cat?post=15125"},{"taxonomy":"product_tag","embeddable":true,"href":"https:\/\/www.fjpremium.com\/fr\/wp-json\/wp\/v2\/product_tag?post=15125"}],"curies":[{"name":"wp","href":"https:\/\/api.w.org\/{rel}","templated":true}]}}